{"id":113,"date":"2017-05-05T17:12:16","date_gmt":"2017-05-05T15:12:16","guid":{"rendered":"http:\/\/wp12379237.server-he.de\/wordpress_stage\/?page_id=113"},"modified":"2017-12-20T19:31:35","modified_gmt":"2017-12-20T18:31:35","slug":"das-tibetische-buch-vom-leben-und-vom-sterben","status":"publish","type":"page","link":"http:\/\/wp12379237.server-he.de\/wordpress_stage\/ueber-uns\/das-tibetische-buch-vom-leben-und-vom-sterben\/","title":{"rendered":"Das tibetische Buch vom Leben und vom Sterben"},"content":{"rendered":"<p>[vc_row type=&#8220;vc_default&#8220; full_width=&#8220;stretch_row_content_no_spaces&#8220; css=&#8220;.vc_custom_1512566661138{margin-bottom: 0px !important;padding-bottom: 0px !important;}&#8220;][vc_column][vc_single_image image=&#8220;2233&#8243; img_size=&#8220;full&#8220; css=&#8220;.vc_custom_1513794720020{margin-bottom: 0px !important;padding-bottom: 0px !important;}&#8220;][\/vc_column][\/vc_row][vc_row full_width=&#8220;stretch_row_content_no_spaces&#8220; css=&#8220;.vc_custom_1512566578953{margin-bottom: 0px !important;padding-bottom: 0px !important;}&#8220;][vc_column]<style type=\"text\/css\" data-type=\"the7_shortcodes-inline-css\">.dt-breadcrumbs-id-88f6c995b4f135f30f990cd66fb1f44f .breadcrumbs {\n  display: inline-block;\n  margin: 0;\n  padding: 10px 10px 10px 0px;\n  border: 0px solid ;\n  border-radius: 0px;\n}\n.dt-breadcrumbs-id-88f6c995b4f135f30f990cd66fb1f44f .breadcrumbs * {\n  color: #000000;\n}\n<\/style><div class=\"dt-breadcrumbs-shortcode dt-breadcrumbs-id-88f6c995b4f135f30f990cd66fb1f44f align-left\"><div class=\"assistive-text\">Sie befinden sich hier:<\/div><ol class=\"breadcrumbs text-small\" itemscope itemtype=\"https:\/\/schema.org\/BreadcrumbList\"><li itemprop=\"itemListElement\" itemscope itemtype=\"https:\/\/schema.org\/ListItem\"><a itemprop=\"item\" href=\"http:\/\/wp12379237.server-he.de\/wordpress_stage\/\" title=\"\"><span itemprop=\"name\">Start<\/span><\/a><meta itemprop=\"position\" content=\"1\" \/><\/li><li class=\"current\" itemprop=\"itemListElement\" itemscope itemtype=\"https:\/\/schema.org\/ListItem\"><span itemprop=\"name\">Seite<\/span><meta itemprop=\"position\" content=\"2\" \/><\/li><\/ol><\/div>[vc_empty_space][vc_column_text]<\/p>\n<h1 style=\"text-align: center;\">Ein spiritueller Klassiker<\/h1>\n<p>[\/vc_column_text][vc_empty_space height=&#8220;36px&#8220;][\/vc_column][\/vc_row][vc_row][vc_column width=&#8220;1\/2&#8243;][vc_column_text]<\/p>\n<blockquote><p><em>\u201eWas erhoffe ich mir von diesem Buch? Eine stille Revolution auszul\u00f6sen, in unserer gesamten Art, den Tod zu betrachten und uns um Sterbenden zu k\u00fcmmern, als auch in der Weise, wie wir das Leben betrachten und uns um\u00a0 Lebenden k\u00fcmmern.\u201c<\/em><em><br \/>\nSogyal Rinpoche\u00a0<\/em><\/p><\/blockquote>\n<p>&nbsp;<\/p>\n<p>&nbsp;<\/p>\n<p><strong>Sogyal Rinpoches <\/strong><strong>spiritueller Klassiker wird weithin als eine der vollst\u00e4ndigsten und ma\u00dfgeblichsten Pr\u00e4sentationen des tibetischen Buddhismus betrachtet, die je geschrieben wurden.<\/strong><\/p>\n<p><em><br \/>\nDas tibetische Buch vom Leben und vom Sterben<\/em>\u00a0ist ein Leitfaden f\u00fcr Leben und Tod, eine Quelle der Inspiration aus dem Herzen der tibetischen Tradition. Es bietet eine klare und inspirierende Einleitung in die Praxis der Meditation, in die Natur des Geistes, zu Karma und Wiedergeburt, zu mitf\u00fchlender Liebe und F\u00fcrsorge f\u00fcr Sterbende, sowie zu den Herausforderungen und Fr\u00fcchten des spirituellen Pfades.<\/p>\n<p>Das Buch hat eine Auflage von \u00fcber 3 Millionen Exemplaren erreicht und ist in 34 Sprachen und 80 L\u00e4ndern erschienen. Es wurde von verschiedensten Institutionen, Zentren und Gruppen im medizinischen und spirituellen Bereich aufgegriffen und wird von Krankenschwestern*pflegern, \u00c4rzten*innen und von anderen, die im Gesundheitsbereich arbeiten genutzt.[\/vc_column_text][\/vc_column][vc_column width=&#8220;1\/2&#8243;][vc_single_image image=&#8220;645&#8243; img_size=&#8220;large&#8220;][\/vc_column][\/vc_row][vc_row][vc_column][vc_empty_space][\/vc_column][\/vc_row][vc_row type=&#8220;3&#8243; padding_top=&#8220;75px&#8220; css=&#8220;.vc_custom_1508960402505{margin-bottom: 25px !important;}&#8220;][vc_column width=&#8220;1\/2&#8243;][vc_column_text]<\/p>\n<blockquote><p>Sogyal Rinpoche spricht direkt und klar zum westlichen Geist und zum westlichen Herzen, voller Humor, Freude und Warmherzigkeit.<\/p><\/blockquote>\n<p>Richard Gere[\/vc_column_text][\/vc_column][vc_column width=&#8220;1\/2&#8243;][vc_column_text]<\/p>\n<blockquote><p>Mir ist noch kein Buch zum Wechselspiel von Leben und Tod begegnet, das verst\u00e4ndlicher, praktischer und weiser gewesen w\u00e4re.<\/p><\/blockquote>\n<p>Hutson Smith, Religionswissenschaftler und Autor des Standardwerks \u201eDie sieben gro\u00dfen Religionen der Welt\u201c[\/vc_column_text][\/vc_column][\/vc_row][vc_row type=&#8220;3&#8243; padding_top=&#8220;75px&#8220; padding_bottom=&#8220;50px&#8220;][vc_column width=&#8220;1\/2&#8243;][vc_column_text]<\/p>\n<blockquote><p>Dieses Buch ist ein au\u00dfergew\u00f6hnlicher Segen: von Herzen kommend, weise, praktisch und erhellend \u2013 angef\u00fcllt mit inspirierenden Geschichten, geschickten Unterweisungen und dem gro\u00dfen, mitf\u00fchlenden Herzen des Buddha.<\/p><\/blockquote>\n<p>Jack Kornfield,\u00a0Mitherausgeber von <em>Stories of the Spirit, Stories of the Heart<\/em>[\/vc_column_text][vc_empty_space][\/vc_column][vc_column width=&#8220;1\/2&#8243;][vc_column_text]<\/p>\n<blockquote><p><em>Das tibetische Buch vom Leben und vom Sterben<\/em>\u00a0ist ein Geschenk an die Welt, ein wohltuender Balsam in diesen aufgew\u00fchlten Zeiten; es l\u00e4sst die Qualit\u00e4ten von Liebe und Mitgef\u00fchl in uns wach werden, die das Herz der Unterweisungen sind und unser Leben mit Bedeutung, Einsicht und Tiefe bereichern.<\/p><\/blockquote>\n<p>Nigel Westlake\u00a0(preisgekr\u00f6nter australischer Komponist)[\/vc_column_text][vc_empty_space][\/vc_column][\/vc_row]<\/p>\n","protected":false},"excerpt":{"rendered":"<p>[vc_row type=&#8220;vc_default&#8220; full_width=&#8220;stretch_row_content_no_spaces&#8220; css=&#8220;.vc_custom_1512566661138{margin-bottom: 0px !important;padding-bottom: 0px !important;}&#8220;][vc_column][vc_single_image image=&#8220;2233&#8243; img_size=&#8220;full&#8220; css=&#8220;.vc_custom_1513794720020{margin-bottom: 0px !important;padding-bottom: 0px !important;}&#8220;][\/vc_column][\/vc_row][vc_row full_width=&#8220;stretch_row_content_no_spaces&#8220; css=&#8220;.vc_custom_1512566578953{margin-bottom: 0px !important;padding-bottom: 0px !important;}&#8220;][vc_column][vc_empty_space][vc_column_text] Ein spiritueller Klassiker [\/vc_column_text][vc_empty_space height=&#8220;36px&#8220;][\/vc_column][\/vc_row][vc_row][vc_column width=&#8220;1\/2&#8243;][vc_column_text] \u201eWas erhoffe ich mir von diesem Buch? Eine stille Revolution auszul\u00f6sen, in unserer gesamten Art, den Tod zu betrachten und uns um Sterbenden zu k\u00fcmmern, als auch in&hellip;<\/p>\n","protected":false},"author":1,"featured_media":0,"parent":24,"menu_order":0,"comment_status":"closed","ping_status":"closed","template":"","meta":[],"acf":[],"yoast_head":"<!-- This site is optimized with the Yoast SEO plugin v19.0 - https:\/\/yoast.com\/wordpress\/plugins\/seo\/ -->\n<title>Das tibetische Buch vom Leben und vom Sterben - Rigpa e.V.<\/title>\n<meta name=\"robots\" content=\"index, follow, max-snippet:-1, max-image-preview:large, max-video-preview:-1\" \/>\n<link rel=\"canonical\" href=\"http:\/\/wp12379237.server-he.de\/wordpress_stage\/ueber-uns\/das-tibetische-buch-vom-leben-und-vom-sterben\/\" \/>\n<meta property=\"og:locale\" content=\"de_DE\" \/>\n<meta property=\"og:type\" content=\"article\" \/>\n<meta property=\"og:title\" content=\"Das tibetische Buch vom Leben und vom Sterben - Rigpa e.V.\" \/>\n<meta property=\"og:description\" content=\"[vc_row type=&#8220;vc_default&#8220; full_width=&#8220;stretch_row_content_no_spaces&#8220; css=&#8220;.vc_custom_1512566661138{margin-bottom: 0px !important;padding-bottom: 0px !important;}&#8220;][vc_column][vc_single_image image=&#8220;2233&#8243; img_size=&#8220;full&#8220; css=&#8220;.vc_custom_1513794720020{margin-bottom: 0px !important;padding-bottom: 0px !important;}&#8220;][\/vc_column][\/vc_row][vc_row full_width=&#8220;stretch_row_content_no_spaces&#8220; css=&#8220;.vc_custom_1512566578953{margin-bottom: 0px !important;padding-bottom: 0px !important;}&#8220;][vc_column][vc_empty_space][vc_column_text] Ein spiritueller Klassiker [\/vc_column_text][vc_empty_space height=&#8220;36px&#8220;][\/vc_column][\/vc_row][vc_row][vc_column width=&#8220;1\/2&#8243;][vc_column_text] \u201eWas erhoffe ich mir von diesem Buch? Eine stille Revolution auszul\u00f6sen, in unserer gesamten Art, den Tod zu betrachten und uns um Sterbenden zu k\u00fcmmern, als auch in&hellip;\" \/>\n<meta property=\"og:url\" content=\"http:\/\/wp12379237.server-he.de\/wordpress_stage\/ueber-uns\/das-tibetische-buch-vom-leben-und-vom-sterben\/\" \/>\n<meta property=\"og:site_name\" content=\"Rigpa e.V.\" \/>\n<meta property=\"article:publisher\" content=\"https:\/\/www.facebook.com\/Dharma.Mati.Rigpa\/\" \/>\n<meta property=\"article:modified_time\" content=\"2017-12-20T18:31:35+00:00\" \/>\n<meta name=\"twitter:card\" content=\"summary\" \/>\n<meta name=\"twitter:label1\" content=\"Gesch\u00e4tzte Lesezeit\" \/>\n\t<meta name=\"twitter:data1\" content=\"3\u00a0Minuten\" \/>\n<script type=\"application\/ld+json\" class=\"yoast-schema-graph\">{\"@context\":\"https:\/\/schema.org\",\"@graph\":[{\"@type\":\"WebSite\",\"@id\":\"https:\/\/wp12379237.server-he.de\/wordpress_stage\/#website\",\"url\":\"https:\/\/wp12379237.server-he.de\/wordpress_stage\/\",\"name\":\"Rigpa e.V.\",\"description\":\"Eine weitere WordPress-Website\",\"potentialAction\":[{\"@type\":\"SearchAction\",\"target\":{\"@type\":\"EntryPoint\",\"urlTemplate\":\"https:\/\/wp12379237.server-he.de\/wordpress_stage\/?s={search_term_string}\"},\"query-input\":\"required name=search_term_string\"}],\"inLanguage\":\"de\"},{\"@type\":\"WebPage\",\"@id\":\"http:\/\/wp12379237.server-he.de\/wordpress_stage\/ueber-uns\/das-tibetische-buch-vom-leben-und-vom-sterben\/#webpage\",\"url\":\"http:\/\/wp12379237.server-he.de\/wordpress_stage\/ueber-uns\/das-tibetische-buch-vom-leben-und-vom-sterben\/\",\"name\":\"Das tibetische Buch vom Leben und vom Sterben - Rigpa e.V.\",\"isPartOf\":{\"@id\":\"https:\/\/wp12379237.server-he.de\/wordpress_stage\/#website\"},\"datePublished\":\"2017-05-05T15:12:16+00:00\",\"dateModified\":\"2017-12-20T18:31:35+00:00\",\"breadcrumb\":{\"@id\":\"http:\/\/wp12379237.server-he.de\/wordpress_stage\/ueber-uns\/das-tibetische-buch-vom-leben-und-vom-sterben\/#breadcrumb\"},\"inLanguage\":\"de\",\"potentialAction\":[{\"@type\":\"ReadAction\",\"target\":[\"http:\/\/wp12379237.server-he.de\/wordpress_stage\/ueber-uns\/das-tibetische-buch-vom-leben-und-vom-sterben\/\"]}]},{\"@type\":\"BreadcrumbList\",\"@id\":\"http:\/\/wp12379237.server-he.de\/wordpress_stage\/ueber-uns\/das-tibetische-buch-vom-leben-und-vom-sterben\/#breadcrumb\",\"itemListElement\":[{\"@type\":\"ListItem\",\"position\":1,\"name\":\"Startseite\",\"item\":\"https:\/\/wp12379237.server-he.de\/wordpress_stage\/\"},{\"@type\":\"ListItem\",\"position\":2,\"name\":\"\u00dcber uns\",\"item\":\"http:\/\/wp12379237.server-he.de\/wordpress_stage\/ueber-uns\/\"},{\"@type\":\"ListItem\",\"position\":3,\"name\":\"Das tibetische Buch vom Leben und vom Sterben\"}]}]}<\/script>\n<!-- \/ Yoast SEO plugin. -->","yoast_head_json":{"title":"Das tibetische Buch vom Leben und vom Sterben - Rigpa e.V.","robots":{"index":"index","follow":"follow","max-snippet":"max-snippet:-1","max-image-preview":"max-image-preview:large","max-video-preview":"max-video-preview:-1"},"canonical":"http:\/\/wp12379237.server-he.de\/wordpress_stage\/ueber-uns\/das-tibetische-buch-vom-leben-und-vom-sterben\/","og_locale":"de_DE","og_type":"article","og_title":"Das tibetische Buch vom Leben und vom Sterben - Rigpa e.V.","og_description":"[vc_row type=&#8220;vc_default&#8220; full_width=&#8220;stretch_row_content_no_spaces&#8220; css=&#8220;.vc_custom_1512566661138{margin-bottom: 0px !important;padding-bottom: 0px !important;}&#8220;][vc_column][vc_single_image image=&#8220;2233&#8243; img_size=&#8220;full&#8220; css=&#8220;.vc_custom_1513794720020{margin-bottom: 0px !important;padding-bottom: 0px !important;}&#8220;][\/vc_column][\/vc_row][vc_row full_width=&#8220;stretch_row_content_no_spaces&#8220; css=&#8220;.vc_custom_1512566578953{margin-bottom: 0px !important;padding-bottom: 0px !important;}&#8220;][vc_column][vc_empty_space][vc_column_text] Ein spiritueller Klassiker [\/vc_column_text][vc_empty_space height=&#8220;36px&#8220;][\/vc_column][\/vc_row][vc_row][vc_column width=&#8220;1\/2&#8243;][vc_column_text] \u201eWas erhoffe ich mir von diesem Buch? Eine stille Revolution auszul\u00f6sen, in unserer gesamten Art, den Tod zu betrachten und uns um Sterbenden zu k\u00fcmmern, als auch in&hellip;","og_url":"http:\/\/wp12379237.server-he.de\/wordpress_stage\/ueber-uns\/das-tibetische-buch-vom-leben-und-vom-sterben\/","og_site_name":"Rigpa e.V.","article_publisher":"https:\/\/www.facebook.com\/Dharma.Mati.Rigpa\/","article_modified_time":"2017-12-20T18:31:35+00:00","twitter_card":"summary","twitter_misc":{"Gesch\u00e4tzte Lesezeit":"3\u00a0Minuten"},"schema":{"@context":"https:\/\/schema.org","@graph":[{"@type":"WebSite","@id":"https:\/\/wp12379237.server-he.de\/wordpress_stage\/#website","url":"https:\/\/wp12379237.server-he.de\/wordpress_stage\/","name":"Rigpa e.V.","description":"Eine weitere WordPress-Website","potentialAction":[{"@type":"SearchAction","target":{"@type":"EntryPoint","urlTemplate":"https:\/\/wp12379237.server-he.de\/wordpress_stage\/?s={search_term_string}"},"query-input":"required name=search_term_string"}],"inLanguage":"de"},{"@type":"WebPage","@id":"http:\/\/wp12379237.server-he.de\/wordpress_stage\/ueber-uns\/das-tibetische-buch-vom-leben-und-vom-sterben\/#webpage","url":"http:\/\/wp12379237.server-he.de\/wordpress_stage\/ueber-uns\/das-tibetische-buch-vom-leben-und-vom-sterben\/","name":"Das tibetische Buch vom Leben und vom Sterben - Rigpa e.V.","isPartOf":{"@id":"https:\/\/wp12379237.server-he.de\/wordpress_stage\/#website"},"datePublished":"2017-05-05T15:12:16+00:00","dateModified":"2017-12-20T18:31:35+00:00","breadcrumb":{"@id":"http:\/\/wp12379237.server-he.de\/wordpress_stage\/ueber-uns\/das-tibetische-buch-vom-leben-und-vom-sterben\/#breadcrumb"},"inLanguage":"de","potentialAction":[{"@type":"ReadAction","target":["http:\/\/wp12379237.server-he.de\/wordpress_stage\/ueber-uns\/das-tibetische-buch-vom-leben-und-vom-sterben\/"]}]},{"@type":"BreadcrumbList","@id":"http:\/\/wp12379237.server-he.de\/wordpress_stage\/ueber-uns\/das-tibetische-buch-vom-leben-und-vom-sterben\/#breadcrumb","itemListElement":[{"@type":"ListItem","position":1,"name":"Startseite","item":"https:\/\/wp12379237.server-he.de\/wordpress_stage\/"},{"@type":"ListItem","position":2,"name":"\u00dcber uns","item":"http:\/\/wp12379237.server-he.de\/wordpress_stage\/ueber-uns\/"},{"@type":"ListItem","position":3,"name":"Das tibetische Buch vom Leben und vom Sterben"}]}]}},"_links":{"self":[{"href":"http:\/\/wp12379237.server-he.de\/wordpress_stage\/wp-json\/wp\/v2\/pages\/113"}],"collection":[{"href":"http:\/\/wp12379237.server-he.de\/wordpress_stage\/wp-json\/wp\/v2\/pages"}],"about":[{"href":"http:\/\/wp12379237.server-he.de\/wordpress_stage\/wp-json\/wp\/v2\/types\/page"}],"author":[{"embeddable":true,"href":"http:\/\/wp12379237.server-he.de\/wordpress_stage\/wp-json\/wp\/v2\/users\/1"}],"replies":[{"embeddable":true,"href":"http:\/\/wp12379237.server-he.de\/wordpress_stage\/wp-json\/wp\/v2\/comments?post=113"}],"version-history":[{"count":23,"href":"http:\/\/wp12379237.server-he.de\/wordpress_stage\/wp-json\/wp\/v2\/pages\/113\/revisions"}],"predecessor-version":[{"id":3218,"href":"http:\/\/wp12379237.server-he.de\/wordpress_stage\/wp-json\/wp\/v2\/pages\/113\/revisions\/3218"}],"up":[{"embeddable":true,"href":"http:\/\/wp12379237.server-he.de\/wordpress_stage\/wp-json\/wp\/v2\/pages\/24"}],"wp:attachment":[{"href":"http:\/\/wp12379237.server-he.de\/wordpress_stage\/wp-json\/wp\/v2\/media?parent=113"}],"curies":[{"name":"wp","href":"https:\/\/api.w.org\/{rel}","templated":true}]}}