{"id":1146,"date":"2017-09-13T15:32:26","date_gmt":"2017-09-13T13:32:26","guid":{"rendered":"http:\/\/wp12379237.server-he.de\/wordpress_stage\/?page_id=1146"},"modified":"2018-07-10T15:25:38","modified_gmt":"2018-07-10T13:25:38","slug":"gebetswuensche","status":"publish","type":"page","link":"http:\/\/wp12379237.server-he.de\/wordpress_stage\/angebot\/gebetswuensche\/","title":{"rendered":"Gebetsw\u00fcnsche"},"content":{"rendered":"<p>[vc_row type=&#8220;vc_default&#8220; full_width=&#8220;stretch_row_content_no_spaces&#8220; css=&#8220;.vc_custom_1496416336075{margin-bottom: 0px !important;padding-bottom: 0px !important;}&#8220;][vc_column][vc_single_image image=&#8220;2747&#8243; img_size=&#8220;full&#8220; image_hovers=&#8220;false&#8220; css=&#8220;.vc_custom_1512657615126{margin-bottom: 0px !important;padding-bottom: 0px !important;}&#8220;][\/vc_column][\/vc_row][vc_row min_height=&#8220;100px&#8220;][vc_column]<style type=\"text\/css\" data-type=\"the7_shortcodes-inline-css\">.dt-breadcrumbs-id-88f6c995b4f135f30f990cd66fb1f44f .breadcrumbs {\n  display: inline-block;\n  margin: 0;\n  padding: 10px 10px 10px 0px;\n  border: 0px solid ;\n  border-radius: 0px;\n}\n.dt-breadcrumbs-id-88f6c995b4f135f30f990cd66fb1f44f .breadcrumbs * {\n  color: #000000;\n}\n<\/style><div class=\"dt-breadcrumbs-shortcode dt-breadcrumbs-id-88f6c995b4f135f30f990cd66fb1f44f align-left\"><div class=\"assistive-text\">Sie befinden sich hier:<\/div><ol class=\"breadcrumbs text-small\" itemscope itemtype=\"https:\/\/schema.org\/BreadcrumbList\"><li itemprop=\"itemListElement\" itemscope itemtype=\"https:\/\/schema.org\/ListItem\"><a itemprop=\"item\" href=\"http:\/\/wp12379237.server-he.de\/wordpress_stage\/\" title=\"\"><span itemprop=\"name\">Start<\/span><\/a><meta itemprop=\"position\" content=\"1\" \/><\/li><li class=\"current\" itemprop=\"itemListElement\" itemscope itemtype=\"https:\/\/schema.org\/ListItem\"><span itemprop=\"name\">Seite<\/span><meta itemprop=\"position\" content=\"2\" \/><\/li><\/ol><\/div>[vc_empty_space height=&#8220;48px&#8220;][vc_column_text]<\/p>\n<h1 style=\"text-align: center;\">Gebetsw\u00fcnsche<\/h1>\n<p>[\/vc_column_text][vc_empty_space height=&#8220;36px&#8220;][vc_row_inner][vc_column_inner width=&#8220;1\/2&#8243;][vc_column_text]<strong>Du kannst Gebete und Praktiken f\u00fcr dich selbst, Freunde*innen oder Angeh\u00f6rige erbitten, die krank sind, Schwierigkeiten erleben, im Sterben liegen oder k\u00fcrzlich verstorben sind. Die Gebetsw\u00fcnsche k\u00f6nnen von allen, unabh\u00e4ngig von Glauben und Weltanschauung erbeten werden. <\/strong><\/p>\n<p>In Lerab Ling, dem Hauptretreat-Zentrum von Rigpa in S\u00fcdfrankreich, lebt eine spirituelle Gemeinschaft von Nonnen, M\u00f6nchen und Laienpraktizierenden, die t\u00e4glich eine Reihe von Gebeten, Praktiken und Meditationen gem\u00e4\u00df einer der \u00e4ltesten \u00dcbertragungslinien der tibetisch-buddhistischen Tradition ausf\u00fchren.<\/p>\n<p>Traditionell werden Gebetsw\u00fcnsche mit einer Spende verbunden.<\/p>\n<p><a href=\"https:\/\/lerabling.org\/lang-en\/prayer-request-ger\" target=\"_blank\" rel=\"noopener\">Mehr \u00fcber die Gebetsw\u00fcnschen erfahren<br \/>\n<\/a><\/p>\n<p><a href=\"https:\/\/donations.rigpa.org\/de\" target=\"_blank\" rel=\"noopener\">Gebete und Praxis jetzt online\u00a0erbitten<\/a><\/p>\n<p>&nbsp;<\/p>\n<p><strong>Kontakt<br \/>\n<\/strong>Peggy Boy:\u00a0gebete@rigpa.de[\/vc_column_text][\/vc_column_inner][vc_column_inner width=&#8220;1\/2&#8243;][vc_single_image image=&#8220;1643&#8243; img_size=&#8220;full&#8220;][\/vc_column_inner][\/vc_row_inner][\/vc_column][\/vc_row][vc_row type=&#8220;1&#8243;][vc_column][vc_empty_space height=&#8220;48px&#8220;][vc_row_inner][vc_column_inner width=&#8220;1\/4&#8243;][\/vc_column_inner][vc_column_inner width=&#8220;1\/2&#8243;][vc_column_text]<\/p>\n<h3 style=\"text-align: center;\">Weitere Angebote<\/h3>\n<p class=\"p1\" style=\"text-align: center;\"><span class=\"s1\">Entdecke mehr aus unserem Angebot und wie dir <\/span><span class=\"s2\">die Weisheit und das Mitgef\u00fchl der buddhistischen Lehren in deinem Leben n\u00fctzen k\u00f6nnen. <\/span><\/p>\n<p>[\/vc_column_text][\/vc_column_inner][vc_column_inner width=&#8220;1\/4&#8243;][\/vc_column_inner][\/vc_row_inner][vc_empty_space][vc_row_inner][vc_column_inner width=&#8220;1\/3&#8243;]<div class=\" ubtn-ctn-center \"><a class=\"ubtn-link ult-adjust-bottom-margin ubtn-center ubtn-large \" href=\"http:\/\/wp12379237.server-he.de\/wordpress_stage\/angebot\/meditation\/\" ><button type=\"button\" id=\"ubtn-7127\"  class=\"ubtn ult-adjust-bottom-margin ult-responsive ubtn-large ubtn-no-hover-bg  none  ubtn-center   tooltip-69d1e7052f713\"  data-hover=\"\" data-border-color=\"\" data-bg=\"#43a5d9\" data-hover-bg=\"\" data-border-hover=\"\" data-shadow-hover=\"\" data-shadow-click=\"none\" data-shadow=\"\" data-shd-shadow=\"\"  data-ultimate-target='#ubtn-7127'  data-responsive-json-new='{\"font-size\":\"\",\"line-height\":\"\"}'  style=\"font-weight:normal;border:none;background: #43a5d9;color: #ffffff;\"><span class=\"ubtn-hover\" style=\"background-color:\"><\/span><span class=\"ubtn-data ubtn-text \" >Meditation<\/span><\/button><\/a><\/div>[\/vc_column_inner][vc_column_inner width=&#8220;1\/3&#8243;]<div class=\" ubtn-ctn-center \"><a class=\"ubtn-link ult-adjust-bottom-margin ubtn-center ubtn-large \" href=\"http:\/\/wp12379237.server-he.de\/wordpress_stage\/angebot\/mitgefuehl\/\" ><button type=\"button\" id=\"ubtn-1475\"  class=\"ubtn ult-adjust-bottom-margin ult-responsive ubtn-large ubtn-no-hover-bg  none  ubtn-center   tooltip-69d1e7052f7be\"  data-hover=\"\" data-border-color=\"\" data-bg=\"#e09d49\" data-hover-bg=\"\" data-border-hover=\"\" data-shadow-hover=\"\" data-shadow-click=\"none\" data-shadow=\"\" data-shd-shadow=\"\"  data-ultimate-target='#ubtn-1475'  data-responsive-json-new='{\"font-size\":\"\",\"line-height\":\"\"}'  style=\"font-weight:normal;border:none;background: #e09d49;color: #ffffff;\"><span class=\"ubtn-hover\" style=\"background-color:\"><\/span><span class=\"ubtn-data ubtn-text \" >Mitgef\u00fchl<\/span><\/button><\/a><\/div>[\/vc_column_inner][vc_column_inner width=&#8220;1\/3&#8243;]<div class=\" ubtn-ctn-center \"><a class=\"ubtn-link ult-adjust-bottom-margin ubtn-center ubtn-large \" href=\"http:\/\/wp12379237.server-he.de\/wordpress_stage\/angebot\/heilung-tod-und-sterben\/\" title=\"Heilung, Tod und Sterben\" ><button type=\"button\" id=\"ubtn-3929\"  class=\"ubtn ult-adjust-bottom-margin ult-responsive ubtn-large ubtn-no-hover-bg  none  ubtn-center   tooltip-69d1e7052f822\"  data-hover=\"\" data-border-color=\"\" data-bg=\"#afb646\" data-hover-bg=\"\" data-border-hover=\"\" data-shadow-hover=\"\" data-shadow-click=\"none\" data-shadow=\"\" data-shd-shadow=\"\"  data-ultimate-target='#ubtn-3929'  data-responsive-json-new='{\"font-size\":\"\",\"line-height\":\"\"}'  style=\"font-weight:normal;border:none;background: #afb646;color: #ffffff;\"><span class=\"ubtn-hover\" style=\"background-color:\"><\/span><span class=\"ubtn-data ubtn-text \" >Heilung, Tod, Sterben<\/span><\/button><\/a><\/div>[\/vc_column_inner][\/vc_row_inner][vc_empty_space height=&#8220;15px&#8220;][vc_column_text]<\/p>\n<p style=\"text-align: center;\"><a href=\"http:\/\/wp12379237.server-he.de\/wordpress_stage\/angebot\/kinder-jugendliche-und-familien\/\">Kinder, Jugendliche und Familien<\/a><\/p>\n<p style=\"text-align: center;\"><a href=\"http:\/\/wp12379237.server-he.de\/wordpress_stage\/angebot\/schulklassen-gruppen\/\">Schulklassen und Gruppen<\/a><\/p>\n<p>[\/vc_column_text][vc_empty_space height=&#8220;64px&#8220;][\/vc_column][\/vc_row]<\/p>\n","protected":false},"excerpt":{"rendered":"<p>[vc_row type=&#8220;vc_default&#8220; full_width=&#8220;stretch_row_content_no_spaces&#8220; css=&#8220;.vc_custom_1496416336075{margin-bottom: 0px !important;padding-bottom: 0px !important;}&#8220;][vc_column][vc_single_image image=&#8220;2747&#8243; img_size=&#8220;full&#8220; image_hovers=&#8220;false&#8220; css=&#8220;.vc_custom_1512657615126{margin-bottom: 0px !important;padding-bottom: 0px !important;}&#8220;][\/vc_column][\/vc_row][vc_row min_height=&#8220;100px&#8220;][vc_column][vc_empty_space height=&#8220;48px&#8220;][vc_column_text] Gebetsw\u00fcnsche [\/vc_column_text][vc_empty_space height=&#8220;36px&#8220;][vc_row_inner][vc_column_inner width=&#8220;1\/2&#8243;][vc_column_text]Du kannst Gebete und Praktiken f\u00fcr dich selbst, Freunde*innen oder Angeh\u00f6rige erbitten, die krank sind, Schwierigkeiten erleben, im Sterben liegen oder k\u00fcrzlich verstorben sind. Die Gebetsw\u00fcnsche k\u00f6nnen von allen, unabh\u00e4ngig von Glauben und Weltanschauung&hellip;<\/p>\n","protected":false},"author":2,"featured_media":0,"parent":2432,"menu_order":0,"comment_status":"closed","ping_status":"closed","template":"","meta":[],"acf":[],"yoast_head":"<!-- This site is optimized with the Yoast SEO plugin v19.0 - https:\/\/yoast.com\/wordpress\/plugins\/seo\/ -->\n<title>Gebetsw\u00fcnsche - Rigpa e.V.<\/title>\n<meta name=\"robots\" content=\"index, follow, max-snippet:-1, max-image-preview:large, max-video-preview:-1\" \/>\n<link rel=\"canonical\" href=\"http:\/\/wp12379237.server-he.de\/wordpress_stage\/angebot\/gebetswuensche\/\" \/>\n<meta property=\"og:locale\" content=\"de_DE\" \/>\n<meta property=\"og:type\" content=\"article\" \/>\n<meta property=\"og:title\" content=\"Gebetsw\u00fcnsche - Rigpa e.V.\" \/>\n<meta property=\"og:description\" content=\"[vc_row type=&#8220;vc_default&#8220; full_width=&#8220;stretch_row_content_no_spaces&#8220; css=&#8220;.vc_custom_1496416336075{margin-bottom: 0px !important;padding-bottom: 0px !important;}&#8220;][vc_column][vc_single_image image=&#8220;2747&#8243; img_size=&#8220;full&#8220; image_hovers=&#8220;false&#8220; css=&#8220;.vc_custom_1512657615126{margin-bottom: 0px !important;padding-bottom: 0px !important;}&#8220;][\/vc_column][\/vc_row][vc_row min_height=&#8220;100px&#8220;][vc_column][vc_empty_space height=&#8220;48px&#8220;][vc_column_text] Gebetsw\u00fcnsche [\/vc_column_text][vc_empty_space height=&#8220;36px&#8220;][vc_row_inner][vc_column_inner width=&#8220;1\/2&#8243;][vc_column_text]Du kannst Gebete und Praktiken f\u00fcr dich selbst, Freunde*innen oder Angeh\u00f6rige erbitten, die krank sind, Schwierigkeiten erleben, im Sterben liegen oder k\u00fcrzlich verstorben sind. Die Gebetsw\u00fcnsche k\u00f6nnen von allen, unabh\u00e4ngig von Glauben und Weltanschauung&hellip;\" \/>\n<meta property=\"og:url\" content=\"http:\/\/wp12379237.server-he.de\/wordpress_stage\/angebot\/gebetswuensche\/\" \/>\n<meta property=\"og:site_name\" content=\"Rigpa e.V.\" \/>\n<meta property=\"article:publisher\" content=\"https:\/\/www.facebook.com\/Dharma.Mati.Rigpa\/\" \/>\n<meta property=\"article:modified_time\" content=\"2018-07-10T13:25:38+00:00\" \/>\n<meta name=\"twitter:card\" content=\"summary\" \/>\n<meta name=\"twitter:label1\" content=\"Gesch\u00e4tzte Lesezeit\" \/>\n\t<meta name=\"twitter:data1\" content=\"2\u00a0Minuten\" \/>\n<script type=\"application\/ld+json\" class=\"yoast-schema-graph\">{\"@context\":\"https:\/\/schema.org\",\"@graph\":[{\"@type\":\"WebSite\",\"@id\":\"https:\/\/wp12379237.server-he.de\/wordpress_stage\/#website\",\"url\":\"https:\/\/wp12379237.server-he.de\/wordpress_stage\/\",\"name\":\"Rigpa e.V.\",\"description\":\"Eine weitere WordPress-Website\",\"potentialAction\":[{\"@type\":\"SearchAction\",\"target\":{\"@type\":\"EntryPoint\",\"urlTemplate\":\"https:\/\/wp12379237.server-he.de\/wordpress_stage\/?s={search_term_string}\"},\"query-input\":\"required name=search_term_string\"}],\"inLanguage\":\"de\"},{\"@type\":\"WebPage\",\"@id\":\"http:\/\/wp12379237.server-he.de\/wordpress_stage\/angebot\/gebetswuensche\/#webpage\",\"url\":\"http:\/\/wp12379237.server-he.de\/wordpress_stage\/angebot\/gebetswuensche\/\",\"name\":\"Gebetsw\u00fcnsche - Rigpa e.V.\",\"isPartOf\":{\"@id\":\"https:\/\/wp12379237.server-he.de\/wordpress_stage\/#website\"},\"datePublished\":\"2017-09-13T13:32:26+00:00\",\"dateModified\":\"2018-07-10T13:25:38+00:00\",\"breadcrumb\":{\"@id\":\"http:\/\/wp12379237.server-he.de\/wordpress_stage\/angebot\/gebetswuensche\/#breadcrumb\"},\"inLanguage\":\"de\",\"potentialAction\":[{\"@type\":\"ReadAction\",\"target\":[\"http:\/\/wp12379237.server-he.de\/wordpress_stage\/angebot\/gebetswuensche\/\"]}]},{\"@type\":\"BreadcrumbList\",\"@id\":\"http:\/\/wp12379237.server-he.de\/wordpress_stage\/angebot\/gebetswuensche\/#breadcrumb\",\"itemListElement\":[{\"@type\":\"ListItem\",\"position\":1,\"name\":\"Startseite\",\"item\":\"https:\/\/wp12379237.server-he.de\/wordpress_stage\/\"},{\"@type\":\"ListItem\",\"position\":2,\"name\":\"Angebot\",\"item\":\"http:\/\/wp12379237.server-he.de\/wordpress_stage\/angebot\/\"},{\"@type\":\"ListItem\",\"position\":3,\"name\":\"Gebetsw\u00fcnsche\"}]}]}<\/script>\n<!-- \/ Yoast SEO plugin. -->","yoast_head_json":{"title":"Gebetsw\u00fcnsche - Rigpa e.V.","robots":{"index":"index","follow":"follow","max-snippet":"max-snippet:-1","max-image-preview":"max-image-preview:large","max-video-preview":"max-video-preview:-1"},"canonical":"http:\/\/wp12379237.server-he.de\/wordpress_stage\/angebot\/gebetswuensche\/","og_locale":"de_DE","og_type":"article","og_title":"Gebetsw\u00fcnsche - Rigpa e.V.","og_description":"[vc_row type=&#8220;vc_default&#8220; full_width=&#8220;stretch_row_content_no_spaces&#8220; css=&#8220;.vc_custom_1496416336075{margin-bottom: 0px !important;padding-bottom: 0px !important;}&#8220;][vc_column][vc_single_image image=&#8220;2747&#8243; img_size=&#8220;full&#8220; image_hovers=&#8220;false&#8220; css=&#8220;.vc_custom_1512657615126{margin-bottom: 0px !important;padding-bottom: 0px !important;}&#8220;][\/vc_column][\/vc_row][vc_row min_height=&#8220;100px&#8220;][vc_column][vc_empty_space height=&#8220;48px&#8220;][vc_column_text] Gebetsw\u00fcnsche [\/vc_column_text][vc_empty_space height=&#8220;36px&#8220;][vc_row_inner][vc_column_inner width=&#8220;1\/2&#8243;][vc_column_text]Du kannst Gebete und Praktiken f\u00fcr dich selbst, Freunde*innen oder Angeh\u00f6rige erbitten, die krank sind, Schwierigkeiten erleben, im Sterben liegen oder k\u00fcrzlich verstorben sind. Die Gebetsw\u00fcnsche k\u00f6nnen von allen, unabh\u00e4ngig von Glauben und Weltanschauung&hellip;","og_url":"http:\/\/wp12379237.server-he.de\/wordpress_stage\/angebot\/gebetswuensche\/","og_site_name":"Rigpa e.V.","article_publisher":"https:\/\/www.facebook.com\/Dharma.Mati.Rigpa\/","article_modified_time":"2018-07-10T13:25:38+00:00","twitter_card":"summary","twitter_misc":{"Gesch\u00e4tzte Lesezeit":"2\u00a0Minuten"},"schema":{"@context":"https:\/\/schema.org","@graph":[{"@type":"WebSite","@id":"https:\/\/wp12379237.server-he.de\/wordpress_stage\/#website","url":"https:\/\/wp12379237.server-he.de\/wordpress_stage\/","name":"Rigpa e.V.","description":"Eine weitere WordPress-Website","potentialAction":[{"@type":"SearchAction","target":{"@type":"EntryPoint","urlTemplate":"https:\/\/wp12379237.server-he.de\/wordpress_stage\/?s={search_term_string}"},"query-input":"required name=search_term_string"}],"inLanguage":"de"},{"@type":"WebPage","@id":"http:\/\/wp12379237.server-he.de\/wordpress_stage\/angebot\/gebetswuensche\/#webpage","url":"http:\/\/wp12379237.server-he.de\/wordpress_stage\/angebot\/gebetswuensche\/","name":"Gebetsw\u00fcnsche - Rigpa e.V.","isPartOf":{"@id":"https:\/\/wp12379237.server-he.de\/wordpress_stage\/#website"},"datePublished":"2017-09-13T13:32:26+00:00","dateModified":"2018-07-10T13:25:38+00:00","breadcrumb":{"@id":"http:\/\/wp12379237.server-he.de\/wordpress_stage\/angebot\/gebetswuensche\/#breadcrumb"},"inLanguage":"de","potentialAction":[{"@type":"ReadAction","target":["http:\/\/wp12379237.server-he.de\/wordpress_stage\/angebot\/gebetswuensche\/"]}]},{"@type":"BreadcrumbList","@id":"http:\/\/wp12379237.server-he.de\/wordpress_stage\/angebot\/gebetswuensche\/#breadcrumb","itemListElement":[{"@type":"ListItem","position":1,"name":"Startseite","item":"https:\/\/wp12379237.server-he.de\/wordpress_stage\/"},{"@type":"ListItem","position":2,"name":"Angebot","item":"http:\/\/wp12379237.server-he.de\/wordpress_stage\/angebot\/"},{"@type":"ListItem","position":3,"name":"Gebetsw\u00fcnsche"}]}]}},"_links":{"self":[{"href":"http:\/\/wp12379237.server-he.de\/wordpress_stage\/wp-json\/wp\/v2\/pages\/1146"}],"collection":[{"href":"http:\/\/wp12379237.server-he.de\/wordpress_stage\/wp-json\/wp\/v2\/pages"}],"about":[{"href":"http:\/\/wp12379237.server-he.de\/wordpress_stage\/wp-json\/wp\/v2\/types\/page"}],"author":[{"embeddable":true,"href":"http:\/\/wp12379237.server-he.de\/wordpress_stage\/wp-json\/wp\/v2\/users\/2"}],"replies":[{"embeddable":true,"href":"http:\/\/wp12379237.server-he.de\/wordpress_stage\/wp-json\/wp\/v2\/comments?post=1146"}],"version-history":[{"count":16,"href":"http:\/\/wp12379237.server-he.de\/wordpress_stage\/wp-json\/wp\/v2\/pages\/1146\/revisions"}],"predecessor-version":[{"id":3984,"href":"http:\/\/wp12379237.server-he.de\/wordpress_stage\/wp-json\/wp\/v2\/pages\/1146\/revisions\/3984"}],"up":[{"embeddable":true,"href":"http:\/\/wp12379237.server-he.de\/wordpress_stage\/wp-json\/wp\/v2\/pages\/2432"}],"wp:attachment":[{"href":"http:\/\/wp12379237.server-he.de\/wordpress_stage\/wp-json\/wp\/v2\/media?parent=1146"}],"curies":[{"name":"wp","href":"https:\/\/api.w.org\/{rel}","templated":true}]}}