{"id":1172,"date":"2017-09-16T13:35:31","date_gmt":"2017-09-16T11:35:31","guid":{"rendered":"http:\/\/wp12379237.server-he.de\/wordpress_stage\/?page_id=1172"},"modified":"2018-11-13T11:13:31","modified_gmt":"2018-11-13T10:13:31","slug":"daenemark-oesterreich-tschechien","status":"publish","type":"page","link":"http:\/\/wp12379237.server-he.de\/wordpress_stage\/zentren\/daenemark-oesterreich-tschechien\/","title":{"rendered":"D\u00e4nemark \u00d6sterreich Tschechien"},"content":{"rendered":"<p>[vc_row][vc_column]<style type=\"text\/css\" data-type=\"the7_shortcodes-inline-css\">.dt-breadcrumbs-id-42404e492c84877c0f1a70f16df540ce .breadcrumbs {\n  display: inline-block;\n  margin: 0;\n  padding: 20px 0px 20px 0px;\n  border: 0px solid ;\n  border-radius: 0px;\n}\n.dt-breadcrumbs-id-42404e492c84877c0f1a70f16df540ce .breadcrumbs * {\n  color: #a2a5a6;\n}\n<\/style><div class=\"dt-breadcrumbs-shortcode dt-breadcrumbs-id-42404e492c84877c0f1a70f16df540ce align-left\"><div class=\"assistive-text\">Sie befinden sich hier:<\/div><ol class=\"breadcrumbs text-small\" itemscope itemtype=\"https:\/\/schema.org\/BreadcrumbList\"><li itemprop=\"itemListElement\" itemscope itemtype=\"https:\/\/schema.org\/ListItem\"><a itemprop=\"item\" href=\"http:\/\/wp12379237.server-he.de\/wordpress_stage\/\" title=\"\"><span itemprop=\"name\">Start<\/span><\/a><meta itemprop=\"position\" content=\"1\" \/><\/li><li class=\"current\" itemprop=\"itemListElement\" itemscope itemtype=\"https:\/\/schema.org\/ListItem\"><span itemprop=\"name\">Seite<\/span><meta itemprop=\"position\" content=\"2\" \/><\/li><\/ol><\/div>[vc_empty_space][\/vc_column][\/vc_row][vc_row][vc_column width=&#8220;1\/6&#8243;][\/vc_column][vc_column width=&#8220;2\/3&#8243;][vc_column_text]<\/p>\n<p style=\"text-align: center;\">Die Gruppen in D\u00e4nemark, \u00d6sterreich, Tschechien sowie deren Mitglieder werden von Rigpa e.V. in Deutschland betreut.<\/p>\n<p>[\/vc_column_text][vc_empty_space height=&#8220;48px&#8220;][\/vc_column][vc_column width=&#8220;1\/6&#8243;][\/vc_column][\/vc_row][vc_row][vc_column width=&#8220;1\/3&#8243;][vc_column_text]<\/p>\n<h3 style=\"text-align: center;\">D\u00e4nemark<\/h3>\n<p>[\/vc_column_text][vc_single_image image=&#8220;1656&#8243; img_size=&#8220;full&#8220; alignment=&#8220;center&#8220;][vc_column_text]<\/p>\n<p style=\"text-align: center;\"><strong>Kontakt<\/strong><\/p>\n<p style=\"text-align: center;\">Tel. +45 3322 4090<\/p>\n<p>[\/vc_column_text][\/vc_column][vc_column width=&#8220;1\/3&#8243;][vc_column_text]<\/p>\n<h3 style=\"text-align: center;\">\u00d6sterreich<\/h3>\n<p>[\/vc_column_text][vc_single_image image=&#8220;1662&#8243; img_size=&#8220;full&#8220; alignment=&#8220;center&#8220;][vc_column_text]<\/p>\n<p style=\"text-align: center;\"><strong>Kontakt<\/strong><\/p>\n<p style=\"text-align: center;\"><a href=\"http:\/\/wp12379237.server-he.de\/wordpress_stage\/zentren\/wien\/\"><strong>Wien: zur Webseite<\/strong><\/a><\/p>\n<p style=\"text-align: center;\"><a href=\"mailto: rigpa.wien@gmail.com\">rigpa.wien@gmail.com<\/a><\/p>\n<p style=\"text-align: center;\"><strong>Salzburg<\/strong><\/p>\n<p style=\"text-align: center;\">Herbert Rudolf Bodlak<br \/>\nTel. +43(0)676.84 97 45 41<br \/>\n<a href=\"mailto:rigpa.salzburg@gmail.com\">rigpa.salzburg@gmail.com<\/a><\/p>\n<p>[\/vc_column_text][\/vc_column][vc_column width=&#8220;1\/3&#8243;][vc_column_text]<\/p>\n<h3 style=\"text-align: center;\">Tschechien<\/h3>\n<p>[\/vc_column_text][vc_single_image image=&#8220;1658&#8243; img_size=&#8220;full&#8220; alignment=&#8220;center&#8220;][vc_column_text]<\/p>\n<p style=\"text-align: center;\"><strong>Kontakt<\/strong><\/p>\n<p style=\"text-align: center;\">Tel. +420 722 247 727<br \/>\n<a href=\"mailto:czech@rigpa.org\">czech@rigpa.org<\/a><\/p>\n<p>[\/vc_column_text][\/vc_column][\/vc_row]<\/p>\n","protected":false},"excerpt":{"rendered":"<p>[vc_row][vc_column][vc_empty_space][\/vc_column][\/vc_row][vc_row][vc_column width=&#8220;1\/6&#8243;][\/vc_column][vc_column width=&#8220;2\/3&#8243;][vc_column_text] Die Gruppen in D\u00e4nemark, \u00d6sterreich, Tschechien sowie deren Mitglieder werden von Rigpa e.V. in Deutschland betreut. [\/vc_column_text][vc_empty_space height=&#8220;48px&#8220;][\/vc_column][vc_column width=&#8220;1\/6&#8243;][\/vc_column][\/vc_row][vc_row][vc_column width=&#8220;1\/3&#8243;][vc_column_text] D\u00e4nemark [\/vc_column_text][vc_single_image image=&#8220;1656&#8243; img_size=&#8220;full&#8220; alignment=&#8220;center&#8220;][vc_column_text] Kontakt Tel. +45 3322 4090 [\/vc_column_text][\/vc_column][vc_column width=&#8220;1\/3&#8243;][vc_column_text] \u00d6sterreich [\/vc_column_text][vc_single_image image=&#8220;1662&#8243; img_size=&#8220;full&#8220; alignment=&#8220;center&#8220;][vc_column_text] Kontakt Wien: zur Webseite rigpa.wien@gmail.com Salzburg Herbert Rudolf Bodlak Tel. +43(0)676.84 97 45 41 rigpa.salzburg@gmail.com&hellip;<\/p>\n","protected":false},"author":2,"featured_media":0,"parent":18,"menu_order":0,"comment_status":"closed","ping_status":"closed","template":"","meta":[],"acf":[],"yoast_head":"<!-- This site is optimized with the Yoast SEO plugin v19.0 - https:\/\/yoast.com\/wordpress\/plugins\/seo\/ -->\n<title>Rigpa in \u00d6sterreich, D\u00e4nemark und Tschechien - Kontakt<\/title>\n<meta name=\"description\" content=\"Rigpa in \u00d6sterreich, D\u00e4nemark und Tschechien haben keine eignen Webseiten. Hier erf\u00e4hrt du, wie du Kontakt aufnehmen kannst.\" \/>\n<meta name=\"robots\" content=\"index, follow, max-snippet:-1, max-image-preview:large, max-video-preview:-1\" \/>\n<link rel=\"canonical\" href=\"http:\/\/wp12379237.server-he.de\/wordpress_stage\/zentren\/daenemark-oesterreich-tschechien\/\" \/>\n<meta property=\"og:locale\" content=\"de_DE\" \/>\n<meta property=\"og:type\" content=\"article\" \/>\n<meta property=\"og:title\" content=\"Rigpa in \u00d6sterreich, D\u00e4nemark und Tschechien - Kontakt\" \/>\n<meta property=\"og:description\" content=\"Rigpa in \u00d6sterreich, D\u00e4nemark und Tschechien haben keine eignen Webseiten. Hier erf\u00e4hrt du, wie du Kontakt aufnehmen kannst.\" \/>\n<meta property=\"og:url\" content=\"http:\/\/wp12379237.server-he.de\/wordpress_stage\/zentren\/daenemark-oesterreich-tschechien\/\" \/>\n<meta property=\"og:site_name\" content=\"Rigpa e.V.\" \/>\n<meta property=\"article:publisher\" content=\"https:\/\/www.facebook.com\/Dharma.Mati.Rigpa\/\" \/>\n<meta property=\"article:modified_time\" content=\"2018-11-13T10:13:31+00:00\" \/>\n<meta name=\"twitter:card\" content=\"summary\" \/>\n<meta name=\"twitter:label1\" content=\"Gesch\u00e4tzte Lesezeit\" \/>\n\t<meta name=\"twitter:data1\" content=\"1\u00a0Minute\" \/>\n<script type=\"application\/ld+json\" class=\"yoast-schema-graph\">{\"@context\":\"https:\/\/schema.org\",\"@graph\":[{\"@type\":\"WebSite\",\"@id\":\"https:\/\/wp12379237.server-he.de\/wordpress_stage\/#website\",\"url\":\"https:\/\/wp12379237.server-he.de\/wordpress_stage\/\",\"name\":\"Rigpa e.V.\",\"description\":\"Eine weitere WordPress-Website\",\"potentialAction\":[{\"@type\":\"SearchAction\",\"target\":{\"@type\":\"EntryPoint\",\"urlTemplate\":\"https:\/\/wp12379237.server-he.de\/wordpress_stage\/?s={search_term_string}\"},\"query-input\":\"required name=search_term_string\"}],\"inLanguage\":\"de\"},{\"@type\":\"WebPage\",\"@id\":\"http:\/\/wp12379237.server-he.de\/wordpress_stage\/zentren\/daenemark-oesterreich-tschechien\/#webpage\",\"url\":\"http:\/\/wp12379237.server-he.de\/wordpress_stage\/zentren\/daenemark-oesterreich-tschechien\/\",\"name\":\"Rigpa in \u00d6sterreich, D\u00e4nemark und Tschechien - Kontakt\",\"isPartOf\":{\"@id\":\"https:\/\/wp12379237.server-he.de\/wordpress_stage\/#website\"},\"datePublished\":\"2017-09-16T11:35:31+00:00\",\"dateModified\":\"2018-11-13T10:13:31+00:00\",\"description\":\"Rigpa in \u00d6sterreich, D\u00e4nemark und Tschechien haben keine eignen Webseiten. Hier erf\u00e4hrt du, wie du Kontakt aufnehmen kannst.\",\"breadcrumb\":{\"@id\":\"http:\/\/wp12379237.server-he.de\/wordpress_stage\/zentren\/daenemark-oesterreich-tschechien\/#breadcrumb\"},\"inLanguage\":\"de\",\"potentialAction\":[{\"@type\":\"ReadAction\",\"target\":[\"http:\/\/wp12379237.server-he.de\/wordpress_stage\/zentren\/daenemark-oesterreich-tschechien\/\"]}]},{\"@type\":\"BreadcrumbList\",\"@id\":\"http:\/\/wp12379237.server-he.de\/wordpress_stage\/zentren\/daenemark-oesterreich-tschechien\/#breadcrumb\",\"itemListElement\":[{\"@type\":\"ListItem\",\"position\":1,\"name\":\"Startseite\",\"item\":\"https:\/\/wp12379237.server-he.de\/wordpress_stage\/\"},{\"@type\":\"ListItem\",\"position\":2,\"name\":\"Zentren\",\"item\":\"http:\/\/wp12379237.server-he.de\/wordpress_stage\/zentren\/\"},{\"@type\":\"ListItem\",\"position\":3,\"name\":\"D\u00e4nemark \u00d6sterreich Tschechien\"}]}]}<\/script>\n<!-- \/ Yoast SEO plugin. -->","yoast_head_json":{"title":"Rigpa in \u00d6sterreich, D\u00e4nemark und Tschechien - Kontakt","description":"Rigpa in \u00d6sterreich, D\u00e4nemark und Tschechien haben keine eignen Webseiten. Hier erf\u00e4hrt du, wie du Kontakt aufnehmen kannst.","robots":{"index":"index","follow":"follow","max-snippet":"max-snippet:-1","max-image-preview":"max-image-preview:large","max-video-preview":"max-video-preview:-1"},"canonical":"http:\/\/wp12379237.server-he.de\/wordpress_stage\/zentren\/daenemark-oesterreich-tschechien\/","og_locale":"de_DE","og_type":"article","og_title":"Rigpa in \u00d6sterreich, D\u00e4nemark und Tschechien - Kontakt","og_description":"Rigpa in \u00d6sterreich, D\u00e4nemark und Tschechien haben keine eignen Webseiten. Hier erf\u00e4hrt du, wie du Kontakt aufnehmen kannst.","og_url":"http:\/\/wp12379237.server-he.de\/wordpress_stage\/zentren\/daenemark-oesterreich-tschechien\/","og_site_name":"Rigpa e.V.","article_publisher":"https:\/\/www.facebook.com\/Dharma.Mati.Rigpa\/","article_modified_time":"2018-11-13T10:13:31+00:00","twitter_card":"summary","twitter_misc":{"Gesch\u00e4tzte Lesezeit":"1\u00a0Minute"},"schema":{"@context":"https:\/\/schema.org","@graph":[{"@type":"WebSite","@id":"https:\/\/wp12379237.server-he.de\/wordpress_stage\/#website","url":"https:\/\/wp12379237.server-he.de\/wordpress_stage\/","name":"Rigpa e.V.","description":"Eine weitere WordPress-Website","potentialAction":[{"@type":"SearchAction","target":{"@type":"EntryPoint","urlTemplate":"https:\/\/wp12379237.server-he.de\/wordpress_stage\/?s={search_term_string}"},"query-input":"required name=search_term_string"}],"inLanguage":"de"},{"@type":"WebPage","@id":"http:\/\/wp12379237.server-he.de\/wordpress_stage\/zentren\/daenemark-oesterreich-tschechien\/#webpage","url":"http:\/\/wp12379237.server-he.de\/wordpress_stage\/zentren\/daenemark-oesterreich-tschechien\/","name":"Rigpa in \u00d6sterreich, D\u00e4nemark und Tschechien - Kontakt","isPartOf":{"@id":"https:\/\/wp12379237.server-he.de\/wordpress_stage\/#website"},"datePublished":"2017-09-16T11:35:31+00:00","dateModified":"2018-11-13T10:13:31+00:00","description":"Rigpa in \u00d6sterreich, D\u00e4nemark und Tschechien haben keine eignen Webseiten. Hier erf\u00e4hrt du, wie du Kontakt aufnehmen kannst.","breadcrumb":{"@id":"http:\/\/wp12379237.server-he.de\/wordpress_stage\/zentren\/daenemark-oesterreich-tschechien\/#breadcrumb"},"inLanguage":"de","potentialAction":[{"@type":"ReadAction","target":["http:\/\/wp12379237.server-he.de\/wordpress_stage\/zentren\/daenemark-oesterreich-tschechien\/"]}]},{"@type":"BreadcrumbList","@id":"http:\/\/wp12379237.server-he.de\/wordpress_stage\/zentren\/daenemark-oesterreich-tschechien\/#breadcrumb","itemListElement":[{"@type":"ListItem","position":1,"name":"Startseite","item":"https:\/\/wp12379237.server-he.de\/wordpress_stage\/"},{"@type":"ListItem","position":2,"name":"Zentren","item":"http:\/\/wp12379237.server-he.de\/wordpress_stage\/zentren\/"},{"@type":"ListItem","position":3,"name":"D\u00e4nemark \u00d6sterreich Tschechien"}]}]}},"_links":{"self":[{"href":"http:\/\/wp12379237.server-he.de\/wordpress_stage\/wp-json\/wp\/v2\/pages\/1172"}],"collection":[{"href":"http:\/\/wp12379237.server-he.de\/wordpress_stage\/wp-json\/wp\/v2\/pages"}],"about":[{"href":"http:\/\/wp12379237.server-he.de\/wordpress_stage\/wp-json\/wp\/v2\/types\/page"}],"author":[{"embeddable":true,"href":"http:\/\/wp12379237.server-he.de\/wordpress_stage\/wp-json\/wp\/v2\/users\/2"}],"replies":[{"embeddable":true,"href":"http:\/\/wp12379237.server-he.de\/wordpress_stage\/wp-json\/wp\/v2\/comments?post=1172"}],"version-history":[{"count":16,"href":"http:\/\/wp12379237.server-he.de\/wordpress_stage\/wp-json\/wp\/v2\/pages\/1172\/revisions"}],"predecessor-version":[{"id":4470,"href":"http:\/\/wp12379237.server-he.de\/wordpress_stage\/wp-json\/wp\/v2\/pages\/1172\/revisions\/4470"}],"up":[{"embeddable":true,"href":"http:\/\/wp12379237.server-he.de\/wordpress_stage\/wp-json\/wp\/v2\/pages\/18"}],"wp:attachment":[{"href":"http:\/\/wp12379237.server-he.de\/wordpress_stage\/wp-json\/wp\/v2\/media?parent=1172"}],"curies":[{"name":"wp","href":"https:\/\/api.w.org\/{rel}","templated":true}]}}