{"id":24,"date":"2017-05-05T12:11:05","date_gmt":"2017-05-05T10:11:05","guid":{"rendered":"http:\/\/wp12379237.server-he.de\/wordpress_stage\/?page_id=24"},"modified":"2018-06-23T14:05:40","modified_gmt":"2018-06-23T12:05:40","slug":"ueber-uns","status":"publish","type":"page","link":"http:\/\/wp12379237.server-he.de\/wordpress_stage\/ueber-uns\/","title":{"rendered":"\u00dcber uns"},"content":{"rendered":"<p>[vc_row type=&#8220;vc_default&#8220; full_width=&#8220;stretch_row_content_no_spaces&#8220; css=&#8220;.vc_custom_1496416336075{margin-bottom: 0px !important;padding-bottom: 0px !important;}&#8220;][vc_column][vc_single_image image=&#8220;343&#8243; img_size=&#8220;full&#8220; image_hovers=&#8220;false&#8220; css=&#8220;.vc_custom_1496416327622{margin-bottom: 0px !important;padding-bottom: 0px !important;}&#8220;][\/vc_column][\/vc_row][vc_row min_height=&#8220;100px&#8220;][vc_column]<style type=\"text\/css\" data-type=\"the7_shortcodes-inline-css\">.dt-breadcrumbs-id-88f6c995b4f135f30f990cd66fb1f44f .breadcrumbs {\n  display: inline-block;\n  margin: 0;\n  padding: 10px 10px 10px 0px;\n  border: 0px solid ;\n  border-radius: 0px;\n}\n.dt-breadcrumbs-id-88f6c995b4f135f30f990cd66fb1f44f .breadcrumbs * {\n  color: #000000;\n}\n<\/style><div class=\"dt-breadcrumbs-shortcode dt-breadcrumbs-id-88f6c995b4f135f30f990cd66fb1f44f align-left\"><div class=\"assistive-text\">Sie befinden sich hier:<\/div><ol class=\"breadcrumbs text-small\" itemscope itemtype=\"https:\/\/schema.org\/BreadcrumbList\"><li itemprop=\"itemListElement\" itemscope itemtype=\"https:\/\/schema.org\/ListItem\"><a itemprop=\"item\" href=\"http:\/\/wp12379237.server-he.de\/wordpress_stage\/\" title=\"\"><span itemprop=\"name\">Start<\/span><\/a><meta itemprop=\"position\" content=\"1\" \/><\/li><li class=\"current\" itemprop=\"itemListElement\" itemscope itemtype=\"https:\/\/schema.org\/ListItem\"><span itemprop=\"name\">Seite<\/span><meta itemprop=\"position\" content=\"2\" \/><\/li><\/ol><\/div>[vc_empty_space height=&#8220;48px&#8220;][vc_column_text]<\/p>\n<h1 style=\"text-align: center;\">\u00dcber uns<\/h1>\n<p>[\/vc_column_text][vc_empty_space height=&#8220;36px&#8220;][\/vc_column][\/vc_row][vc_row type=&#8220;1&#8243;][vc_column width=&#8220;1\/3&#8243;]\n        <div class=\"zh_kachel\" data-color=\"#C4985D\">\n          <img src=\"http:\/\/wp12379237.server-he.de\/wordpress_stage\/wp-content\/uploads\/2017\/05\/BuddhismusZ-800x405.jpg\" alt=\"Buddhismus\" \/>\n          <div class=\"zh_content\">\n            <h3>Buddhismus<\/h3>\n            <h5><\/h5>\n      <div><a href=\"http:\/\/wp12379237.server-he.de\/wordpress_stage\/ueber-uns\/buddhismus\/\">Mehr erfahren<\/a><\/div>\n          <\/div>\n        <\/div>\n        <style>\n          div.zh_kachel[data-color=\"#C4985D\"] img {\n            border-color: #C4985D;\n          }\n          div.zh_kachel[data-color=\"#C4985D\"] a {\n            color: #C4985D;\n          }\n        <\/style>\n      [\/vc_column][vc_column width=&#8220;1\/3&#8243;]\n        <div class=\"zh_kachel\" data-color=\"#C4985D\">\n          <img src=\"http:\/\/wp12379237.server-he.de\/wordpress_stage\/wp-content\/uploads\/2017\/05\/RigpaZ-800x405.jpg\" alt=\"Rigpa\" \/>\n          <div class=\"zh_content\">\n            <h3>Rigpa<\/h3>\n            <h5><\/h5>\n      <div><a href=\"http:\/\/wp12379237.server-he.de\/wordpress_stage\/ueber-uns\/rigpa\/\">Mehr erfahren<\/a><\/div>\n          <\/div>\n        <\/div>\n        <style>\n          div.zh_kachel[data-color=\"#C4985D\"] img {\n            border-color: #C4985D;\n          }\n          div.zh_kachel[data-color=\"#C4985D\"] a {\n            color: #C4985D;\n          }\n        <\/style>\n      [\/vc_column][vc_column width=&#8220;1\/3&#8243;]\n        <div class=\"zh_kachel\" data-color=\"#C4985D\">\n          <img src=\"http:\/\/wp12379237.server-he.de\/wordpress_stage\/wp-content\/uploads\/2017\/05\/WerWirSindZ-800x405.jpg\" alt=\"Wer wird sind\" \/>\n          <div class=\"zh_content\">\n            <h3>Wer wird sind<\/h3>\n            <h5><\/h5>\n      <div><a href=\"http:\/\/wp12379237.server-he.de\/wordpress_stage\/ueber-uns\/wer-wir-sind\/\">Mehr erfahren<\/a><\/div>\n          <\/div>\n        <\/div>\n        <style>\n          div.zh_kachel[data-color=\"#C4985D\"] img {\n            border-color: #C4985D;\n          }\n          div.zh_kachel[data-color=\"#C4985D\"] a {\n            color: #C4985D;\n          }\n        <\/style>\n      [\/vc_column][\/vc_row][vc_row type=&#8220;1&#8243;][vc_column width=&#8220;1\/3&#8243;]\n        <div class=\"zh_kachel\" data-color=\"#C4985D\">\n          <img src=\"http:\/\/wp12379237.server-he.de\/wordpress_stage\/wp-content\/uploads\/2017\/05\/TBLSZ-800x405.jpg\" alt=\"Das tibetische Buch vom Leben und Sterben\" \/>\n          <div class=\"zh_content\">\n            <h3>Das tibetische Buch vom Leben und Sterben<\/h3>\n            <h5><\/h5>\n      <div><a href=\"http:\/\/wp12379237.server-he.de\/wordpress_stage\/ueber-uns\/das-tibetische-buch-vom-leben-und-vom-sterben\/\">Mehr erfahren<\/a><\/div>\n          <\/div>\n        <\/div>\n        <style>\n          div.zh_kachel[data-color=\"#C4985D\"] img {\n            border-color: #C4985D;\n          }\n          div.zh_kachel[data-color=\"#C4985D\"] a {\n            color: #C4985D;\n          }\n        <\/style>\n      [\/vc_column][vc_column width=&#8220;1\/3&#8243;]\n        <div class=\"zh_kachel\" data-color=\"#C4985D\">\n          <img src=\"http:\/\/wp12379237.server-he.de\/wordpress_stage\/wp-content\/uploads\/2017\/05\/EngagementZ-800x405.jpg\" alt=\"Unser Engagement\" \/>\n          <div class=\"zh_content\">\n            <h3>Unser Engagement<\/h3>\n            <h5><\/h5>\n      <div><a href=\"http:\/\/wp12379237.server-he.de\/wordpress_stage\/ueber-uns\/unser-engagement\/\">Mehr erfahren<\/a><\/div>\n          <\/div>\n        <\/div>\n        <style>\n          div.zh_kachel[data-color=\"#C4985D\"] img {\n            border-color: #C4985D;\n          }\n          div.zh_kachel[data-color=\"#C4985D\"] a {\n            color: #C4985D;\n          }\n        <\/style>\n      [\/vc_column][vc_column width=&#8220;1\/3&#8243;]\n        <div class=\"zh_kachel\" data-color=\"#C4985D\">\n          <img src=\"http:\/\/wp12379237.server-he.de\/wordpress_stage\/wp-content\/uploads\/2017\/05\/MitgliedschaftZ-800x405.jpg\" alt=\"Mitgliedschaft\" \/>\n          <div class=\"zh_content\">\n            <h3>Mitgliedschaft<\/h3>\n            <h5><\/h5>\n      <div><a href=\"http:\/\/wp12379237.server-he.de\/wordpress_stage\/ueber-uns\/mitgliedschaft\/\">Mehr erfahren<\/a><\/div>\n          <\/div>\n        <\/div>\n        <style>\n          div.zh_kachel[data-color=\"#C4985D\"] img {\n            border-color: #C4985D;\n          }\n          div.zh_kachel[data-color=\"#C4985D\"] a {\n            color: #C4985D;\n          }\n        <\/style>\n      [\/vc_column][\/vc_row][vc_row type=&#8220;1&#8243;][vc_column width=&#8220;1\/3&#8243;]\n        <div class=\"zh_kachel\" data-color=\"#C4985D\">\n          <img src=\"http:\/\/wp12379237.server-he.de\/wordpress_stage\/wp-content\/uploads\/2017\/05\/SpendenZ-800x405.jpg\" alt=\"Spenden\" \/>\n          <div class=\"zh_content\">\n            <h3>Spenden<\/h3>\n            <h5><\/h5>\n      <div><a href=\"http:\/\/wp12379237.server-he.de\/wordpress_stage\/ueber-uns\/spenden\/\">Mehr erfahren<\/a><\/div>\n          <\/div>\n        <\/div>\n        <style>\n          div.zh_kachel[data-color=\"#C4985D\"] img {\n            border-color: #C4985D;\n          }\n          div.zh_kachel[data-color=\"#C4985D\"] a {\n            color: #C4985D;\n          }\n        <\/style>\n      [\/vc_column][vc_column width=&#8220;1\/3&#8243;]\n        <div class=\"zh_kachel\" data-color=\"#C4985D\">\n          <img src=\"http:\/\/wp12379237.server-he.de\/wordpress_stage\/wp-content\/uploads\/2017\/05\/MitmachenZ-800x405.jpg\" alt=\"Mitmachen\" \/>\n          <div class=\"zh_content\">\n            <h3>Mitmachen<\/h3>\n            <h5><\/h5>\n      <div><a href=\"http:\/\/wp12379237.server-he.de\/wordpress_stage\/ueber-uns\/mitmachen\/\">Mehr erfahren<\/a><\/div>\n          <\/div>\n        <\/div>\n        <style>\n          div.zh_kachel[data-color=\"#C4985D\"] img {\n            border-color: #C4985D;\n          }\n          div.zh_kachel[data-color=\"#C4985D\"] a {\n            color: #C4985D;\n          }\n        <\/style>\n      [\/vc_column][vc_column width=&#8220;1\/3&#8243;][\/vc_column][\/vc_row]<\/p>\n","protected":false},"excerpt":{"rendered":"<p>[vc_row type=&#8220;vc_default&#8220; full_width=&#8220;stretch_row_content_no_spaces&#8220; css=&#8220;.vc_custom_1496416336075{margin-bottom: 0px !important;padding-bottom: 0px !important;}&#8220;][vc_column][vc_single_image image=&#8220;343&#8243; img_size=&#8220;full&#8220; image_hovers=&#8220;false&#8220; css=&#8220;.vc_custom_1496416327622{margin-bottom: 0px !important;padding-bottom: 0px !important;}&#8220;][\/vc_column][\/vc_row][vc_row min_height=&#8220;100px&#8220;][vc_column][vc_empty_space height=&#8220;48px&#8220;][vc_column_text] \u00dcber uns [\/vc_column_text][vc_empty_space height=&#8220;36px&#8220;][\/vc_column][\/vc_row][vc_row type=&#8220;1&#8243;][vc_column width=&#8220;1\/3&#8243;][\/vc_column][vc_column width=&#8220;1\/3&#8243;][\/vc_column][vc_column width=&#8220;1\/3&#8243;][\/vc_column][\/vc_row][vc_row type=&#8220;1&#8243;][vc_column width=&#8220;1\/3&#8243;][\/vc_column][vc_column width=&#8220;1\/3&#8243;][\/vc_column][vc_column width=&#8220;1\/3&#8243;][\/vc_column][\/vc_row][vc_row type=&#8220;1&#8243;][vc_column width=&#8220;1\/3&#8243;][\/vc_column][vc_column width=&#8220;1\/3&#8243;][\/vc_column][vc_column width=&#8220;1\/3&#8243;][\/vc_column][\/vc_row]<\/p>\n","protected":false},"author":1,"featured_media":0,"parent":0,"menu_order":0,"comment_status":"closed","ping_status":"closed","template":"","meta":[],"acf":[],"yoast_head":"<!-- This site is optimized with the Yoast SEO plugin v19.0 - https:\/\/yoast.com\/wordpress\/plugins\/seo\/ -->\n<title>Rigpa - Seit 1987 Verein f\u00fcr tibetischen Buddhismus e.V.<\/title>\n<meta name=\"description\" content=\"Rigpa ist eine internationale Gemeinschaft von Sch\u00fcler*innen, die Buddhas Lehren authentisch und gleichzeitig relevant f\u00fcr die Menschen in der modernen Welt zug\u00e4nglich machen.\" \/>\n<meta name=\"robots\" content=\"index, follow, max-snippet:-1, max-image-preview:large, max-video-preview:-1\" \/>\n<link rel=\"canonical\" href=\"http:\/\/wp12379237.server-he.de\/wordpress_stage\/ueber-uns\/\" \/>\n<meta property=\"og:locale\" content=\"de_DE\" \/>\n<meta property=\"og:type\" content=\"article\" \/>\n<meta property=\"og:title\" content=\"Rigpa - Seit 1987 Verein f\u00fcr tibetischen Buddhismus e.V.\" \/>\n<meta property=\"og:description\" content=\"Rigpa ist eine internationale Gemeinschaft von Sch\u00fcler*innen, die Buddhas Lehren authentisch und gleichzeitig relevant f\u00fcr die Menschen in der modernen Welt zug\u00e4nglich machen.\" \/>\n<meta property=\"og:url\" content=\"http:\/\/wp12379237.server-he.de\/wordpress_stage\/ueber-uns\/\" \/>\n<meta property=\"og:site_name\" content=\"Rigpa e.V.\" \/>\n<meta property=\"article:publisher\" content=\"https:\/\/www.facebook.com\/Dharma.Mati.Rigpa\/\" \/>\n<meta property=\"article:modified_time\" content=\"2018-06-23T12:05:40+00:00\" \/>\n<meta name=\"twitter:card\" content=\"summary\" \/>\n<meta name=\"twitter:label1\" content=\"Gesch\u00e4tzte Lesezeit\" \/>\n\t<meta name=\"twitter:data1\" content=\"2\u00a0Minuten\" \/>\n<script type=\"application\/ld+json\" class=\"yoast-schema-graph\">{\"@context\":\"https:\/\/schema.org\",\"@graph\":[{\"@type\":\"WebSite\",\"@id\":\"https:\/\/wp12379237.server-he.de\/wordpress_stage\/#website\",\"url\":\"https:\/\/wp12379237.server-he.de\/wordpress_stage\/\",\"name\":\"Rigpa e.V.\",\"description\":\"Eine weitere WordPress-Website\",\"potentialAction\":[{\"@type\":\"SearchAction\",\"target\":{\"@type\":\"EntryPoint\",\"urlTemplate\":\"https:\/\/wp12379237.server-he.de\/wordpress_stage\/?s={search_term_string}\"},\"query-input\":\"required name=search_term_string\"}],\"inLanguage\":\"de\"},{\"@type\":\"WebPage\",\"@id\":\"http:\/\/wp12379237.server-he.de\/wordpress_stage\/ueber-uns\/#webpage\",\"url\":\"http:\/\/wp12379237.server-he.de\/wordpress_stage\/ueber-uns\/\",\"name\":\"Rigpa - Seit 1987 Verein f\u00fcr tibetischen Buddhismus e.V.\",\"isPartOf\":{\"@id\":\"https:\/\/wp12379237.server-he.de\/wordpress_stage\/#website\"},\"datePublished\":\"2017-05-05T10:11:05+00:00\",\"dateModified\":\"2018-06-23T12:05:40+00:00\",\"description\":\"Rigpa ist eine internationale Gemeinschaft von Sch\u00fcler*innen, die Buddhas Lehren authentisch und gleichzeitig relevant f\u00fcr die Menschen in der modernen Welt zug\u00e4nglich machen.\",\"breadcrumb\":{\"@id\":\"http:\/\/wp12379237.server-he.de\/wordpress_stage\/ueber-uns\/#breadcrumb\"},\"inLanguage\":\"de\",\"potentialAction\":[{\"@type\":\"ReadAction\",\"target\":[\"http:\/\/wp12379237.server-he.de\/wordpress_stage\/ueber-uns\/\"]}]},{\"@type\":\"BreadcrumbList\",\"@id\":\"http:\/\/wp12379237.server-he.de\/wordpress_stage\/ueber-uns\/#breadcrumb\",\"itemListElement\":[{\"@type\":\"ListItem\",\"position\":1,\"name\":\"Startseite\",\"item\":\"https:\/\/wp12379237.server-he.de\/wordpress_stage\/\"},{\"@type\":\"ListItem\",\"position\":2,\"name\":\"\u00dcber uns\"}]}]}<\/script>\n<!-- \/ Yoast SEO plugin. -->","yoast_head_json":{"title":"Rigpa - Seit 1987 Verein f\u00fcr tibetischen Buddhismus e.V.","description":"Rigpa ist eine internationale Gemeinschaft von Sch\u00fcler*innen, die Buddhas Lehren authentisch und gleichzeitig relevant f\u00fcr die Menschen in der modernen Welt zug\u00e4nglich machen.","robots":{"index":"index","follow":"follow","max-snippet":"max-snippet:-1","max-image-preview":"max-image-preview:large","max-video-preview":"max-video-preview:-1"},"canonical":"http:\/\/wp12379237.server-he.de\/wordpress_stage\/ueber-uns\/","og_locale":"de_DE","og_type":"article","og_title":"Rigpa - Seit 1987 Verein f\u00fcr tibetischen Buddhismus e.V.","og_description":"Rigpa ist eine internationale Gemeinschaft von Sch\u00fcler*innen, die Buddhas Lehren authentisch und gleichzeitig relevant f\u00fcr die Menschen in der modernen Welt zug\u00e4nglich machen.","og_url":"http:\/\/wp12379237.server-he.de\/wordpress_stage\/ueber-uns\/","og_site_name":"Rigpa e.V.","article_publisher":"https:\/\/www.facebook.com\/Dharma.Mati.Rigpa\/","article_modified_time":"2018-06-23T12:05:40+00:00","twitter_card":"summary","twitter_misc":{"Gesch\u00e4tzte Lesezeit":"2\u00a0Minuten"},"schema":{"@context":"https:\/\/schema.org","@graph":[{"@type":"WebSite","@id":"https:\/\/wp12379237.server-he.de\/wordpress_stage\/#website","url":"https:\/\/wp12379237.server-he.de\/wordpress_stage\/","name":"Rigpa e.V.","description":"Eine weitere WordPress-Website","potentialAction":[{"@type":"SearchAction","target":{"@type":"EntryPoint","urlTemplate":"https:\/\/wp12379237.server-he.de\/wordpress_stage\/?s={search_term_string}"},"query-input":"required name=search_term_string"}],"inLanguage":"de"},{"@type":"WebPage","@id":"http:\/\/wp12379237.server-he.de\/wordpress_stage\/ueber-uns\/#webpage","url":"http:\/\/wp12379237.server-he.de\/wordpress_stage\/ueber-uns\/","name":"Rigpa - Seit 1987 Verein f\u00fcr tibetischen Buddhismus e.V.","isPartOf":{"@id":"https:\/\/wp12379237.server-he.de\/wordpress_stage\/#website"},"datePublished":"2017-05-05T10:11:05+00:00","dateModified":"2018-06-23T12:05:40+00:00","description":"Rigpa ist eine internationale Gemeinschaft von Sch\u00fcler*innen, die Buddhas Lehren authentisch und gleichzeitig relevant f\u00fcr die Menschen in der modernen Welt zug\u00e4nglich machen.","breadcrumb":{"@id":"http:\/\/wp12379237.server-he.de\/wordpress_stage\/ueber-uns\/#breadcrumb"},"inLanguage":"de","potentialAction":[{"@type":"ReadAction","target":["http:\/\/wp12379237.server-he.de\/wordpress_stage\/ueber-uns\/"]}]},{"@type":"BreadcrumbList","@id":"http:\/\/wp12379237.server-he.de\/wordpress_stage\/ueber-uns\/#breadcrumb","itemListElement":[{"@type":"ListItem","position":1,"name":"Startseite","item":"https:\/\/wp12379237.server-he.de\/wordpress_stage\/"},{"@type":"ListItem","position":2,"name":"\u00dcber uns"}]}]}},"_links":{"self":[{"href":"http:\/\/wp12379237.server-he.de\/wordpress_stage\/wp-json\/wp\/v2\/pages\/24"}],"collection":[{"href":"http:\/\/wp12379237.server-he.de\/wordpress_stage\/wp-json\/wp\/v2\/pages"}],"about":[{"href":"http:\/\/wp12379237.server-he.de\/wordpress_stage\/wp-json\/wp\/v2\/types\/page"}],"author":[{"embeddable":true,"href":"http:\/\/wp12379237.server-he.de\/wordpress_stage\/wp-json\/wp\/v2\/users\/1"}],"replies":[{"embeddable":true,"href":"http:\/\/wp12379237.server-he.de\/wordpress_stage\/wp-json\/wp\/v2\/comments?post=24"}],"version-history":[{"count":5,"href":"http:\/\/wp12379237.server-he.de\/wordpress_stage\/wp-json\/wp\/v2\/pages\/24\/revisions"}],"predecessor-version":[{"id":3023,"href":"http:\/\/wp12379237.server-he.de\/wordpress_stage\/wp-json\/wp\/v2\/pages\/24\/revisions\/3023"}],"wp:attachment":[{"href":"http:\/\/wp12379237.server-he.de\/wordpress_stage\/wp-json\/wp\/v2\/media?parent=24"}],"curies":[{"name":"wp","href":"https:\/\/api.w.org\/{rel}","templated":true}]}}