{"id":2432,"date":"2017-11-20T16:02:19","date_gmt":"2017-11-20T15:02:19","guid":{"rendered":"http:\/\/wp12379237.server-he.de\/wordpress_stage\/?page_id=2432"},"modified":"2018-06-05T11:43:05","modified_gmt":"2018-06-05T09:43:05","slug":"angebot","status":"publish","type":"page","link":"http:\/\/wp12379237.server-he.de\/wordpress_stage\/angebot\/","title":{"rendered":"Angebot"},"content":{"rendered":"<p>[vc_row type=&#8220;vc_default&#8220; full_width=&#8220;stretch_row_content_no_spaces&#8220; css=&#8220;.vc_custom_1496416336075{margin-bottom: 0px !important;padding-bottom: 0px !important;}&#8220;][vc_column][vc_single_image image=&#8220;343&#8243; img_size=&#8220;full&#8220; image_hovers=&#8220;false&#8220; css=&#8220;.vc_custom_1496416327622{margin-bottom: 0px !important;padding-bottom: 0px !important;}&#8220;][\/vc_column][\/vc_row][vc_row min_height=&#8220;100px&#8220;][vc_column]<style type=\"text\/css\" data-type=\"the7_shortcodes-inline-css\">.dt-breadcrumbs-id-88f6c995b4f135f30f990cd66fb1f44f .breadcrumbs {\n  display: inline-block;\n  margin: 0;\n  padding: 10px 10px 10px 0px;\n  border: 0px solid ;\n  border-radius: 0px;\n}\n.dt-breadcrumbs-id-88f6c995b4f135f30f990cd66fb1f44f .breadcrumbs * {\n  color: #000000;\n}\n<\/style><div class=\"dt-breadcrumbs-shortcode dt-breadcrumbs-id-88f6c995b4f135f30f990cd66fb1f44f align-left\"><div class=\"assistive-text\">Sie befinden sich hier:<\/div><ol class=\"breadcrumbs text-small\" itemscope itemtype=\"https:\/\/schema.org\/BreadcrumbList\"><li itemprop=\"itemListElement\" itemscope itemtype=\"https:\/\/schema.org\/ListItem\"><a itemprop=\"item\" href=\"http:\/\/wp12379237.server-he.de\/wordpress_stage\/\" title=\"\"><span itemprop=\"name\">Start<\/span><\/a><meta itemprop=\"position\" content=\"1\" \/><\/li><li class=\"current\" itemprop=\"itemListElement\" itemscope itemtype=\"https:\/\/schema.org\/ListItem\"><span itemprop=\"name\">Seite<\/span><meta itemprop=\"position\" content=\"2\" \/><\/li><\/ol><\/div>[vc_empty_space height=&#8220;48px&#8220;][vc_column_text]<\/p>\n<h1 style=\"text-align: center;\">Angebot<\/h1>\n<p>[\/vc_column_text][vc_empty_space height=&#8220;36px&#8220;][\/vc_column][\/vc_row][vc_row type=&#8220;1&#8243;][vc_column width=&#8220;1\/3&#8243;]\n        <div class=\"zh_kachel\" data-color=\"#3ca4dc\">\n          <img src=\"http:\/\/wp12379237.server-he.de\/wordpress_stage\/wp-content\/uploads\/2017\/11\/MeditationZ-800x405.jpg\" alt=\"Meditation\" \/>\n          <div class=\"zh_content\">\n            <h3>Meditation<\/h3>\n            <h5>Entdecke den Himmel in dir<\/h5>\n      <div><a href=\"http:\/\/wp12379237.server-he.de\/wordpress_stage\/angebot\/meditation\/\">Mehr zu Meditation<\/a><a href=\"http:\/\/wp12379237.server-he.de\/wordpress_stage\/termine\/meditation\/\">Termine<\/a><\/div>\n          <\/div>\n        <\/div>\n        <style>\n          div.zh_kachel[data-color=\"#3ca4dc\"] img {\n            border-color: #3ca4dc;\n          }\n          div.zh_kachel[data-color=\"#3ca4dc\"] a {\n            color: #3ca4dc;\n          }\n        <\/style>\n      [\/vc_column][vc_column width=&#8220;1\/3&#8243;]\n        <div class=\"zh_kachel\" data-color=\"#e09d49\">\n          <img src=\"http:\/\/wp12379237.server-he.de\/wordpress_stage\/wp-content\/uploads\/2017\/11\/Mitgefu\u0308hlZ-800x405.jpg\" alt=\"Mitgef\u00fchl\" \/>\n          <div class=\"zh_content\">\n            <h3>Mitgef\u00fchl<\/h3>\n            <h5>Freundlich und mitf\u00fchlend leben<\/h5>\n      <div><a href=\"http:\/\/wp12379237.server-he.de\/wordpress_stage\/angebot\/mitgefuehl\/\">Mehr zu Mitgef\u00fchl<\/a><a href=\"http:\/\/wp12379237.server-he.de\/wordpress_stage\/termine\/mitgefuehl\/\">Termine<\/a><\/div>\n          <\/div>\n        <\/div>\n        <style>\n          div.zh_kachel[data-color=\"#e09d49\"] img {\n            border-color: #e09d49;\n          }\n          div.zh_kachel[data-color=\"#e09d49\"] a {\n            color: #e09d49;\n          }\n        <\/style>\n      [\/vc_column][vc_column width=&#8220;1\/3&#8243;]\n        <div class=\"zh_kachel\" data-color=\"#afb646\">\n          <img src=\"http:\/\/wp12379237.server-he.de\/wordpress_stage\/wp-content\/uploads\/2017\/11\/HeilungZ-800x405.jpg\" alt=\"Heilung, Tod und Sterben\" \/>\n          <div class=\"zh_content\">\n            <h3>Heilung, Tod und Sterben<\/h3>\n            <h5>Leid liebevoll und offen begegnen<\/h5>\n      <div><a href=\"http:\/\/wp12379237.server-he.de\/wordpress_stage\/angebot\/heilung-tod-und-sterben\/\">Mehr zum Thema<\/a><a href=\"http:\/\/wp12379237.server-he.de\/wordpress_stage\/termine\/heilung-tod-und-sterben\/\">Termine<\/a><\/div>\n          <\/div>\n        <\/div>\n        <style>\n          div.zh_kachel[data-color=\"#afb646\"] img {\n            border-color: #afb646;\n          }\n          div.zh_kachel[data-color=\"#afb646\"] a {\n            color: #afb646;\n          }\n        <\/style>\n      [\/vc_column][\/vc_row][vc_row type=&#8220;1&#8243;][vc_column width=&#8220;1\/3&#8243;]\n        <div class=\"zh_kachel\" data-color=\"#C4985D\">\n          <img src=\"http:\/\/wp12379237.server-he.de\/wordpress_stage\/wp-content\/uploads\/2017\/11\/KinderJugendFamilienZjpg-800x405.jpg\" alt=\"Kinder, Jugendliche und Familien\" \/>\n          <div class=\"zh_content\">\n            <h3>Kinder, Jugendliche und Familien<\/h3>\n            <h5>Rigpe Yeshe &amp; Rigpe Shy\u00f6nnu<\/h5>\n      <div><a href=\"http:\/\/wp12379237.server-he.de\/wordpress_stage\/angebot\/kinder-jugendliche-und-familien\/\">Mehr erfahren<\/a><\/div>\n          <\/div>\n        <\/div>\n        <style>\n          div.zh_kachel[data-color=\"#C4985D\"] img {\n            border-color: #C4985D;\n          }\n          div.zh_kachel[data-color=\"#C4985D\"] a {\n            color: #C4985D;\n          }\n        <\/style>\n      [\/vc_column][vc_column width=&#8220;1\/3&#8243;]\n        <div class=\"zh_kachel\" data-color=\"#C4985D\">\n          <img src=\"http:\/\/wp12379237.server-he.de\/wordpress_stage\/wp-content\/uploads\/2017\/11\/Schulklassen_Z-800x405.jpg\" alt=\"Schulklassen und Gruppen\" \/>\n          <div class=\"zh_content\">\n            <h3>Schulklassen und Gruppen<\/h3>\n            <h5><\/h5>\n      <div><a href=\"http:\/\/wp12379237.server-he.de\/wordpress_stage\/angebot\/schulklassen-gruppen\/\">Mehr erfahren<\/a><\/div>\n          <\/div>\n        <\/div>\n        <style>\n          div.zh_kachel[data-color=\"#C4985D\"] img {\n            border-color: #C4985D;\n          }\n          div.zh_kachel[data-color=\"#C4985D\"] a {\n            color: #C4985D;\n          }\n        <\/style>\n      [\/vc_column][vc_column width=&#8220;1\/3&#8243;]\n        <div class=\"zh_kachel\" data-color=\"#C4985D\">\n          <img src=\"http:\/\/wp12379237.server-he.de\/wordpress_stage\/wp-content\/uploads\/2017\/11\/Gebetswu\u0308nsche_Z-800x405.jpg\" alt=\"Gebetsw\u00fcnsche\" \/>\n          <div class=\"zh_content\">\n            <h3>Gebetsw\u00fcnsche<\/h3>\n            <h5><\/h5>\n      <div><a href=\"http:\/\/wp12379237.server-he.de\/wordpress_stage\/angebot\/gebetswuensche\/\">Mehr erfahren<\/a><\/div>\n          <\/div>\n        <\/div>\n        <style>\n          div.zh_kachel[data-color=\"#C4985D\"] img {\n            border-color: #C4985D;\n          }\n          div.zh_kachel[data-color=\"#C4985D\"] a {\n            color: #C4985D;\n          }\n        <\/style>\n      [\/vc_column][\/vc_row]<\/p>\n","protected":false},"excerpt":{"rendered":"<p>[vc_row type=&#8220;vc_default&#8220; full_width=&#8220;stretch_row_content_no_spaces&#8220; css=&#8220;.vc_custom_1496416336075{margin-bottom: 0px !important;padding-bottom: 0px !important;}&#8220;][vc_column][vc_single_image image=&#8220;343&#8243; img_size=&#8220;full&#8220; image_hovers=&#8220;false&#8220; css=&#8220;.vc_custom_1496416327622{margin-bottom: 0px !important;padding-bottom: 0px !important;}&#8220;][\/vc_column][\/vc_row][vc_row min_height=&#8220;100px&#8220;][vc_column][vc_empty_space height=&#8220;48px&#8220;][vc_column_text] Angebot [\/vc_column_text][vc_empty_space height=&#8220;36px&#8220;][\/vc_column][\/vc_row][vc_row type=&#8220;1&#8243;][vc_column width=&#8220;1\/3&#8243;][\/vc_column][vc_column width=&#8220;1\/3&#8243;][\/vc_column][vc_column width=&#8220;1\/3&#8243;][\/vc_column][\/vc_row][vc_row type=&#8220;1&#8243;][vc_column width=&#8220;1\/3&#8243;][\/vc_column][vc_column width=&#8220;1\/3&#8243;][\/vc_column][vc_column width=&#8220;1\/3&#8243;][\/vc_column][\/vc_row]<\/p>\n","protected":false},"author":2,"featured_media":0,"parent":0,"menu_order":0,"comment_status":"closed","ping_status":"closed","template":"","meta":[],"acf":[],"yoast_head":"<!-- This site is optimized with the Yoast SEO plugin v19.0 - https:\/\/yoast.com\/wordpress\/plugins\/seo\/ -->\n<title>Angebot: Events zu Meditation, Mitgef\u00fchl und Heilung, Tod und Sterben<\/title>\n<meta name=\"description\" content=\"Entdecke mehr aus unserem Angebot und wie dir die Weisheit und das Mitgef\u00fchl der buddhistischen Lehren in deinem Leben n\u00fctzen k\u00f6nnen. Erfahre mehr zu den Themen Meditation, Mitgef\u00fchl, Heilung, Tod und Sterben und unserer Veranstaltungen\" \/>\n<meta name=\"robots\" content=\"index, follow, max-snippet:-1, max-image-preview:large, max-video-preview:-1\" \/>\n<link rel=\"canonical\" href=\"http:\/\/wp12379237.server-he.de\/wordpress_stage\/angebot\/\" \/>\n<meta property=\"og:locale\" content=\"de_DE\" \/>\n<meta property=\"og:type\" content=\"article\" \/>\n<meta property=\"og:title\" content=\"Angebot: Events zu Meditation, Mitgef\u00fchl und Heilung, Tod und Sterben\" \/>\n<meta property=\"og:description\" content=\"Entdecke mehr aus unserem Angebot und wie dir die Weisheit und das Mitgef\u00fchl der buddhistischen Lehren in deinem Leben n\u00fctzen k\u00f6nnen. Erfahre mehr zu den Themen Meditation, Mitgef\u00fchl, Heilung, Tod und Sterben und unserer Veranstaltungen\" \/>\n<meta property=\"og:url\" content=\"http:\/\/wp12379237.server-he.de\/wordpress_stage\/angebot\/\" \/>\n<meta property=\"og:site_name\" content=\"Rigpa e.V.\" \/>\n<meta property=\"article:publisher\" content=\"https:\/\/www.facebook.com\/Dharma.Mati.Rigpa\/\" \/>\n<meta property=\"article:modified_time\" content=\"2018-06-05T09:43:05+00:00\" \/>\n<meta name=\"twitter:card\" content=\"summary\" \/>\n<meta name=\"twitter:label1\" content=\"Gesch\u00e4tzte Lesezeit\" \/>\n\t<meta name=\"twitter:data1\" content=\"2\u00a0Minuten\" \/>\n<script type=\"application\/ld+json\" class=\"yoast-schema-graph\">{\"@context\":\"https:\/\/schema.org\",\"@graph\":[{\"@type\":\"WebSite\",\"@id\":\"https:\/\/wp12379237.server-he.de\/wordpress_stage\/#website\",\"url\":\"https:\/\/wp12379237.server-he.de\/wordpress_stage\/\",\"name\":\"Rigpa e.V.\",\"description\":\"Eine weitere WordPress-Website\",\"potentialAction\":[{\"@type\":\"SearchAction\",\"target\":{\"@type\":\"EntryPoint\",\"urlTemplate\":\"https:\/\/wp12379237.server-he.de\/wordpress_stage\/?s={search_term_string}\"},\"query-input\":\"required name=search_term_string\"}],\"inLanguage\":\"de\"},{\"@type\":\"WebPage\",\"@id\":\"http:\/\/wp12379237.server-he.de\/wordpress_stage\/angebot\/#webpage\",\"url\":\"http:\/\/wp12379237.server-he.de\/wordpress_stage\/angebot\/\",\"name\":\"Angebot: Events zu Meditation, Mitgef\u00fchl und Heilung, Tod und Sterben\",\"isPartOf\":{\"@id\":\"https:\/\/wp12379237.server-he.de\/wordpress_stage\/#website\"},\"datePublished\":\"2017-11-20T15:02:19+00:00\",\"dateModified\":\"2018-06-05T09:43:05+00:00\",\"description\":\"Entdecke mehr aus unserem Angebot und wie dir die Weisheit und das Mitgef\u00fchl der buddhistischen Lehren in deinem Leben n\u00fctzen k\u00f6nnen. Erfahre mehr zu den Themen Meditation, Mitgef\u00fchl, Heilung, Tod und Sterben und unserer Veranstaltungen\",\"breadcrumb\":{\"@id\":\"http:\/\/wp12379237.server-he.de\/wordpress_stage\/angebot\/#breadcrumb\"},\"inLanguage\":\"de\",\"potentialAction\":[{\"@type\":\"ReadAction\",\"target\":[\"http:\/\/wp12379237.server-he.de\/wordpress_stage\/angebot\/\"]}]},{\"@type\":\"BreadcrumbList\",\"@id\":\"http:\/\/wp12379237.server-he.de\/wordpress_stage\/angebot\/#breadcrumb\",\"itemListElement\":[{\"@type\":\"ListItem\",\"position\":1,\"name\":\"Startseite\",\"item\":\"https:\/\/wp12379237.server-he.de\/wordpress_stage\/\"},{\"@type\":\"ListItem\",\"position\":2,\"name\":\"Angebot\"}]}]}<\/script>\n<!-- \/ Yoast SEO plugin. -->","yoast_head_json":{"title":"Angebot: Events zu Meditation, Mitgef\u00fchl und Heilung, Tod und Sterben","description":"Entdecke mehr aus unserem Angebot und wie dir die Weisheit und das Mitgef\u00fchl der buddhistischen Lehren in deinem Leben n\u00fctzen k\u00f6nnen. Erfahre mehr zu den Themen Meditation, Mitgef\u00fchl, Heilung, Tod und Sterben und unserer Veranstaltungen","robots":{"index":"index","follow":"follow","max-snippet":"max-snippet:-1","max-image-preview":"max-image-preview:large","max-video-preview":"max-video-preview:-1"},"canonical":"http:\/\/wp12379237.server-he.de\/wordpress_stage\/angebot\/","og_locale":"de_DE","og_type":"article","og_title":"Angebot: Events zu Meditation, Mitgef\u00fchl und Heilung, Tod und Sterben","og_description":"Entdecke mehr aus unserem Angebot und wie dir die Weisheit und das Mitgef\u00fchl der buddhistischen Lehren in deinem Leben n\u00fctzen k\u00f6nnen. Erfahre mehr zu den Themen Meditation, Mitgef\u00fchl, Heilung, Tod und Sterben und unserer Veranstaltungen","og_url":"http:\/\/wp12379237.server-he.de\/wordpress_stage\/angebot\/","og_site_name":"Rigpa e.V.","article_publisher":"https:\/\/www.facebook.com\/Dharma.Mati.Rigpa\/","article_modified_time":"2018-06-05T09:43:05+00:00","twitter_card":"summary","twitter_misc":{"Gesch\u00e4tzte Lesezeit":"2\u00a0Minuten"},"schema":{"@context":"https:\/\/schema.org","@graph":[{"@type":"WebSite","@id":"https:\/\/wp12379237.server-he.de\/wordpress_stage\/#website","url":"https:\/\/wp12379237.server-he.de\/wordpress_stage\/","name":"Rigpa e.V.","description":"Eine weitere WordPress-Website","potentialAction":[{"@type":"SearchAction","target":{"@type":"EntryPoint","urlTemplate":"https:\/\/wp12379237.server-he.de\/wordpress_stage\/?s={search_term_string}"},"query-input":"required name=search_term_string"}],"inLanguage":"de"},{"@type":"WebPage","@id":"http:\/\/wp12379237.server-he.de\/wordpress_stage\/angebot\/#webpage","url":"http:\/\/wp12379237.server-he.de\/wordpress_stage\/angebot\/","name":"Angebot: Events zu Meditation, Mitgef\u00fchl und Heilung, Tod und Sterben","isPartOf":{"@id":"https:\/\/wp12379237.server-he.de\/wordpress_stage\/#website"},"datePublished":"2017-11-20T15:02:19+00:00","dateModified":"2018-06-05T09:43:05+00:00","description":"Entdecke mehr aus unserem Angebot und wie dir die Weisheit und das Mitgef\u00fchl der buddhistischen Lehren in deinem Leben n\u00fctzen k\u00f6nnen. Erfahre mehr zu den Themen Meditation, Mitgef\u00fchl, Heilung, Tod und Sterben und unserer Veranstaltungen","breadcrumb":{"@id":"http:\/\/wp12379237.server-he.de\/wordpress_stage\/angebot\/#breadcrumb"},"inLanguage":"de","potentialAction":[{"@type":"ReadAction","target":["http:\/\/wp12379237.server-he.de\/wordpress_stage\/angebot\/"]}]},{"@type":"BreadcrumbList","@id":"http:\/\/wp12379237.server-he.de\/wordpress_stage\/angebot\/#breadcrumb","itemListElement":[{"@type":"ListItem","position":1,"name":"Startseite","item":"https:\/\/wp12379237.server-he.de\/wordpress_stage\/"},{"@type":"ListItem","position":2,"name":"Angebot"}]}]}},"_links":{"self":[{"href":"http:\/\/wp12379237.server-he.de\/wordpress_stage\/wp-json\/wp\/v2\/pages\/2432"}],"collection":[{"href":"http:\/\/wp12379237.server-he.de\/wordpress_stage\/wp-json\/wp\/v2\/pages"}],"about":[{"href":"http:\/\/wp12379237.server-he.de\/wordpress_stage\/wp-json\/wp\/v2\/types\/page"}],"author":[{"embeddable":true,"href":"http:\/\/wp12379237.server-he.de\/wordpress_stage\/wp-json\/wp\/v2\/users\/2"}],"replies":[{"embeddable":true,"href":"http:\/\/wp12379237.server-he.de\/wordpress_stage\/wp-json\/wp\/v2\/comments?post=2432"}],"version-history":[{"count":13,"href":"http:\/\/wp12379237.server-he.de\/wordpress_stage\/wp-json\/wp\/v2\/pages\/2432\/revisions"}],"predecessor-version":[{"id":2779,"href":"http:\/\/wp12379237.server-he.de\/wordpress_stage\/wp-json\/wp\/v2\/pages\/2432\/revisions\/2779"}],"wp:attachment":[{"href":"http:\/\/wp12379237.server-he.de\/wordpress_stage\/wp-json\/wp\/v2\/media?parent=2432"}],"curies":[{"name":"wp","href":"https:\/\/api.w.org\/{rel}","templated":true}]}}