{"id":2613,"date":"2017-12-01T12:04:52","date_gmt":"2017-12-01T11:04:52","guid":{"rendered":"http:\/\/wp12379237.server-he.de\/wordpress_stage\/?page_id=2613"},"modified":"2019-08-29T13:58:47","modified_gmt":"2019-08-29T11:58:47","slug":"andrew-warr-tour-2019","status":"publish","type":"page","link":"http:\/\/wp12379237.server-he.de\/wordpress_stage\/andrew-warr-tour-2019\/","title":{"rendered":"Andrew Warr Tour 2019"},"content":{"rendered":"<p>[vc_row type=&#8220;vc_default&#8220; full_width=&#8220;stretch_row_content_no_spaces&#8220; css=&#8220;.vc_custom_1496416336075{margin-bottom: 0px !important;padding-bottom: 0px !important;}&#8220;][vc_column][vc_single_image image=&#8220;4574&#8243; img_size=&#8220;full&#8220; image_hovers=&#8220;false&#8220; css=&#8220;.vc_custom_1547058929776{margin-bottom: 0px !important;padding-bottom: 0px !important;}&#8220;][\/vc_column][\/vc_row][vc_row min_height=&#8220;100px&#8220;][vc_column]<style type=\"text\/css\" data-type=\"the7_shortcodes-inline-css\">.dt-breadcrumbs-id-88f6c995b4f135f30f990cd66fb1f44f .breadcrumbs {\n  display: inline-block;\n  margin: 0;\n  padding: 10px 10px 10px 0px;\n  border: 0px solid ;\n  border-radius: 0px;\n}\n.dt-breadcrumbs-id-88f6c995b4f135f30f990cd66fb1f44f .breadcrumbs * {\n  color: #000000;\n}\n<\/style><div class=\"dt-breadcrumbs-shortcode dt-breadcrumbs-id-88f6c995b4f135f30f990cd66fb1f44f align-left\"><div class=\"assistive-text\">Sie befinden sich hier:<\/div><ol class=\"breadcrumbs text-small\" itemscope itemtype=\"https:\/\/schema.org\/BreadcrumbList\"><li itemprop=\"itemListElement\" itemscope itemtype=\"https:\/\/schema.org\/ListItem\"><a itemprop=\"item\" href=\"http:\/\/wp12379237.server-he.de\/wordpress_stage\/\" title=\"\"><span itemprop=\"name\">Start<\/span><\/a><meta itemprop=\"position\" content=\"1\" \/><\/li><li class=\"current\" itemprop=\"itemListElement\" itemscope itemtype=\"https:\/\/schema.org\/ListItem\"><span itemprop=\"name\">Seite<\/span><meta itemprop=\"position\" content=\"2\" \/><\/li><\/ol><\/div>[vc_empty_space height=&#8220;48px&#8220;][\/vc_column][\/vc_row][vc_row][vc_column width=&#8220;1\/2&#8243;][vc_column_text]<\/p>\n<h3 style=\"text-align: center;\">Termine<\/h3>\n<p>[\/vc_column_text]<div class=\"standard-arrow list-divider bullet-top\"><ul>\n<li><a href=\"http:\/\/wp12379237.server-he.de\/wordpress_stage\/zentren\/wiesbaden\/kalender-wiesbaden\/eventdetails\/?cal-id=13088\" target=\"_blank\" rel=\"noopener\">Do 21. M\u00e4rz 2019\u00a0 \u00a0Wiesbaden\u00a0 \u00a0Vortrag<\/a><\/li>\n<li><a href=\"http:\/\/wp12379237.server-he.de\/wordpress_stage\/zentren\/aachen\/\" target=\"_blank\" rel=\"noopener\">Fr 22. M\u00e4rz 2019\u00a0 \u00a0Aachen\u00a0 \u00a0Vortrag<\/a><\/li>\n<li><a href=\"http:\/\/wp12379237.server-he.de\/wordpress_stage\/zentren\/hamburg\/kalender-hamburg\/eventdetails\/?cal-id=13232\" target=\"_blank\" rel=\"noopener\">So 24. M\u00e4rz 2019\u00a0 \u00a0Hamburg\u00a0 \u00a0Seminar<\/a><\/li>\n<li><a href=\"http:\/\/wp12379237.server-he.de\/wordpress_stage\/zentren\/fuerth\/kalender-fuerth\/eventdetails\/?cal-id=13066\" target=\"_blank\" rel=\"noopener\">Di 26. M\u00e4rz 2019\u00a0 F\u00fcrth\u00a0 Vortrag<\/a><\/li>\n<li><a href=\"http:\/\/wp12379237.server-he.de\/wordpress_stage\/zentren\/bad-saarow\/kalender-bad-saarow\/eventdetails\/?cal-id=13069\" target=\"_blank\" rel=\"noopener\">Do 28. M\u00e4rz 2019\u00a0 \u00a0Bad Saarow\u00a0 Vortrag <\/a><\/li>\n<li><a href=\"http:\/\/wp12379237.server-he.de\/wordpress_stage\/zentren\/dharma-mati-berlin\/kalender-berlin\/eventdetails\/?cal-id=13057\" target=\"_blank\" rel=\"noopener\">Fr 29. M\u00e4rz 2019\u00a0 \u00a0Berlin\u00a0 Vortrag<\/a><\/li>\n<li><a href=\"http:\/\/wp12379237.server-he.de\/wordpress_stage\/zentren\/dharma-mati-berlin\/kalender-berlin\/eventdetails\/?cal-id=13058\" target=\"_blank\" rel=\"noopener\">Sa+So 30.+31. M\u00e4rz 2019\u00a0 \u00a0Berlin\u00a0 Seminar<\/a><\/li>\n<\/ul>\n<\/div>[vc_column_text]<img loading=\"lazy\" class=\"alignleft wp-image-4557 size-medium\" src=\"http:\/\/wp12379237.server-he.de\/wordpress_stage\/wp-content\/uploads\/2019\/01\/JLJ2019-300x230.png\" alt=\"Rigpa Junge Leute Jahr 2019\" width=\"300\" height=\"230\" \/><\/p>\n<p>[\/vc_column_text][vc_column_text]<strong>Alle unter 25 zahlen soviel sie m\u00f6chten.<\/strong>[\/vc_column_text][\/vc_column][vc_column width=&#8220;1\/2&#8243;][vc_column_text]<\/p>\n<blockquote>\n<p style=\"text-align: left;\"><em>&#8222;Wenn wir anderen liebevoll und freundlich begegnen, f\u00fchlen sich diese nicht nur geliebt und umsorgt, sondern es hilft auch uns selbst dabei, inneres Gl\u00fcck und innere Zufriedenheit zu entfalten.&#8220;<\/em><\/p>\n<p style=\"text-align: left;\">14. Dalai Lama<\/p>\n<\/blockquote>\n<p>[\/vc_column_text][vc_column_text]Die meisten von uns sehnen sich danach, geliebt zu werden und selbst liebevoller zu sein. Stattdessen f\u00fchlen wir uns oft zunehmend einsamer, frustrierter und hartherziger. Die Meditation der liebenden G\u00fcte baut die Gewohnheiten, die unsere nat\u00fcrlichen Gef\u00fchle der Liebe blockieren, langsam ab. Diese Praxis verbindet uns auf einfache und tiefgr\u00fcndige Weise mehr und mehr mit unserem inneren Reichtum an aufrichtiger und bedingungsloser Liebe.[\/vc_column_text][vc_column_text]<\/p>\n<p style=\"text-align: left;\">Der Buddha lehrte die Praxis der liebenden G\u00fcte als Gegenmittel zu Furcht und als eine M\u00f6glichkeit, sich wieder mit dem unermesslichen Schatz an Liebe und Zuversicht zu verbinden, den wir alle in uns tragen.<\/p>\n<p style=\"text-align: left;\">In den Vortr\u00e4gen und Seminaren werden Methoden vermittelt, durch die wir die liebende G\u00fcte als Quelle von Wohlbefinden und innerer Erf\u00fcllung in unser Leben bringen und auf bedeutungsvolle Weise in unseren Alltag integrieren k\u00f6nnen.<\/p>\n<p style=\"text-align: left;\">Andrew Warr wird uns durch einen Prozess des Lernens und Entdeckens f\u00fchren, so dass wir beginnen k\u00f6nnen, unsere Einstellungen und Beziehungen zu transformieren, St\u00e4rke und Widerstandskraft zu entwickeln und mehr Liebe, Weisheit und Mitgef\u00fchl in jeden Aspekt unseres Lebens zu bringen.<\/p>\n<p>[\/vc_column_text][\/vc_column][\/vc_row][vc_row][vc_column width=&#8220;1\/2&#8243;][vc_column_text]<\/p>\n<h3 style=\"text-align: center;\">Biografie<\/h3>\n<p>Andrew Warr meditiert regelm\u00e4\u00dfig seit 40 Jahren. Die Meditation in der buddhistischen Tradition studiert und praktiziert er seit 1982. Seit \u00fcber 25 Jahren lehrt Andrew Meditation und seit 2001 leitet er Kurse, Seminar und Retreats haupts\u00e4chlich zum Thema Liebende G\u00fcte in Europa, Australien und Nordamerika.<\/p>\n<p>Er pr\u00e4sentiert die Belehrungen und \u00dcbungen mit gro\u00dfer Klarheit, W\u00e4rme und Humor und zeigt uns, wie wir sie auf unseren Alltag anwenden k\u00f6nnen.[\/vc_column_text][vc_empty_space][\/vc_column][vc_column width=&#8220;1\/2&#8243;][vc_raw_html]JTNDZGl2JTIwY2xhc3MlM0QlMjJyZXNwX3ZpZGVvJTIyJTNFJTNDaWZyYW1lJTIwd2lkdGglM0QlMjI1NjAlMjIlMjBoZWlnaHQlM0QlMjIzMTUlMjIlMjBzcmMlM0QlMjJodHRwcyUzQSUyRiUyRnd3dy55b3V0dWJlLmNvbSUyRmVtYmVkJTJGbVRNeWs0cVptWkElM0ZyZWwlM0QwJTIyJTIwZnJhbWVib3JkZXIlM0QlMjIwJTIyJTIwYWxsb3dmdWxsc2NyZWVuJTNFJTNDJTJGaWZyYW1lJTNFJTNDJTJGZGl2JTNFJTBB[\/vc_raw_html][\/vc_column][\/vc_row][vc_row][vc_column width=&#8220;1\/2&#8243;][\/vc_column][vc_column width=&#8220;1\/2&#8243;][\/vc_column][\/vc_row]<\/p>\n","protected":false},"excerpt":{"rendered":"<p>[vc_row type=&#8220;vc_default&#8220; full_width=&#8220;stretch_row_content_no_spaces&#8220; css=&#8220;.vc_custom_1496416336075{margin-bottom: 0px !important;padding-bottom: 0px !important;}&#8220;][vc_column][vc_single_image image=&#8220;4574&#8243; img_size=&#8220;full&#8220; image_hovers=&#8220;false&#8220; css=&#8220;.vc_custom_1547058929776{margin-bottom: 0px !important;padding-bottom: 0px !important;}&#8220;][\/vc_column][\/vc_row][vc_row min_height=&#8220;100px&#8220;][vc_column][vc_empty_space height=&#8220;48px&#8220;][\/vc_column][\/vc_row][vc_row][vc_column width=&#8220;1\/2&#8243;][vc_column_text] Termine [\/vc_column_text][vc_column_text] [\/vc_column_text][vc_column_text]Alle unter 25 zahlen soviel sie m\u00f6chten.[\/vc_column_text][\/vc_column][vc_column width=&#8220;1\/2&#8243;][vc_column_text] &#8222;Wenn wir anderen liebevoll und freundlich begegnen, f\u00fchlen sich diese nicht nur geliebt und umsorgt, sondern es hilft auch uns selbst dabei, inneres Gl\u00fcck und innere&hellip;<\/p>\n","protected":false},"author":2,"featured_media":0,"parent":0,"menu_order":0,"comment_status":"closed","ping_status":"closed","template":"","meta":[],"acf":[],"yoast_head":"<!-- This site is optimized with the Yoast SEO plugin v19.0 - https:\/\/yoast.com\/wordpress\/plugins\/seo\/ -->\n<title>Andrew Warr Tour 2019 - Rigpa e.V.<\/title>\n<meta name=\"robots\" content=\"index, follow, max-snippet:-1, max-image-preview:large, max-video-preview:-1\" \/>\n<link rel=\"canonical\" href=\"http:\/\/wp12379237.server-he.de\/wordpress_stage\/andrew-warr-tour-2019\/\" \/>\n<meta property=\"og:locale\" content=\"de_DE\" \/>\n<meta property=\"og:type\" content=\"article\" \/>\n<meta property=\"og:title\" content=\"Andrew Warr Tour 2019 - Rigpa e.V.\" \/>\n<meta property=\"og:description\" content=\"[vc_row type=&#8220;vc_default&#8220; full_width=&#8220;stretch_row_content_no_spaces&#8220; css=&#8220;.vc_custom_1496416336075{margin-bottom: 0px !important;padding-bottom: 0px !important;}&#8220;][vc_column][vc_single_image image=&#8220;4574&#8243; img_size=&#8220;full&#8220; image_hovers=&#8220;false&#8220; css=&#8220;.vc_custom_1547058929776{margin-bottom: 0px !important;padding-bottom: 0px !important;}&#8220;][\/vc_column][\/vc_row][vc_row min_height=&#8220;100px&#8220;][vc_column][vc_empty_space height=&#8220;48px&#8220;][\/vc_column][\/vc_row][vc_row][vc_column width=&#8220;1\/2&#8243;][vc_column_text] Termine [\/vc_column_text][vc_column_text] [\/vc_column_text][vc_column_text]Alle unter 25 zahlen soviel sie m\u00f6chten.[\/vc_column_text][\/vc_column][vc_column width=&#8220;1\/2&#8243;][vc_column_text] &#8222;Wenn wir anderen liebevoll und freundlich begegnen, f\u00fchlen sich diese nicht nur geliebt und umsorgt, sondern es hilft auch uns selbst dabei, inneres Gl\u00fcck und innere&hellip;\" \/>\n<meta property=\"og:url\" content=\"http:\/\/wp12379237.server-he.de\/wordpress_stage\/andrew-warr-tour-2019\/\" \/>\n<meta property=\"og:site_name\" content=\"Rigpa e.V.\" \/>\n<meta property=\"article:publisher\" content=\"https:\/\/www.facebook.com\/Dharma.Mati.Rigpa\/\" \/>\n<meta property=\"article:modified_time\" content=\"2019-08-29T11:58:47+00:00\" \/>\n<meta property=\"og:image\" content=\"http:\/\/wp12379237.server-he.de\/wordpress_stage\/wp-content\/uploads\/2019\/01\/JLJ2019-300x230.png\" \/>\n<meta name=\"twitter:card\" content=\"summary\" \/>\n<meta name=\"twitter:label1\" content=\"Gesch\u00e4tzte Lesezeit\" \/>\n\t<meta name=\"twitter:data1\" content=\"3\u00a0Minuten\" \/>\n<script type=\"application\/ld+json\" class=\"yoast-schema-graph\">{\"@context\":\"https:\/\/schema.org\",\"@graph\":[{\"@type\":\"WebSite\",\"@id\":\"https:\/\/wp12379237.server-he.de\/wordpress_stage\/#website\",\"url\":\"https:\/\/wp12379237.server-he.de\/wordpress_stage\/\",\"name\":\"Rigpa e.V.\",\"description\":\"Eine weitere WordPress-Website\",\"potentialAction\":[{\"@type\":\"SearchAction\",\"target\":{\"@type\":\"EntryPoint\",\"urlTemplate\":\"https:\/\/wp12379237.server-he.de\/wordpress_stage\/?s={search_term_string}\"},\"query-input\":\"required name=search_term_string\"}],\"inLanguage\":\"de\"},{\"@type\":\"ImageObject\",\"inLanguage\":\"de\",\"@id\":\"http:\/\/wp12379237.server-he.de\/wordpress_stage\/andrew-warr-tour-2019\/#primaryimage\",\"url\":\"http:\/\/wp12379237.server-he.de\/wordpress_stage\/wp-content\/uploads\/2019\/01\/JLJ2019.png\",\"contentUrl\":\"http:\/\/wp12379237.server-he.de\/wordpress_stage\/wp-content\/uploads\/2019\/01\/JLJ2019.png\",\"width\":\"2052\",\"height\":\"1570\",\"caption\":\"Rigpa Junge Leute Jahr 2019\"},{\"@type\":\"WebPage\",\"@id\":\"http:\/\/wp12379237.server-he.de\/wordpress_stage\/andrew-warr-tour-2019\/#webpage\",\"url\":\"http:\/\/wp12379237.server-he.de\/wordpress_stage\/andrew-warr-tour-2019\/\",\"name\":\"Andrew Warr Tour 2019 - Rigpa e.V.\",\"isPartOf\":{\"@id\":\"https:\/\/wp12379237.server-he.de\/wordpress_stage\/#website\"},\"primaryImageOfPage\":{\"@id\":\"http:\/\/wp12379237.server-he.de\/wordpress_stage\/andrew-warr-tour-2019\/#primaryimage\"},\"datePublished\":\"2017-12-01T11:04:52+00:00\",\"dateModified\":\"2019-08-29T11:58:47+00:00\",\"breadcrumb\":{\"@id\":\"http:\/\/wp12379237.server-he.de\/wordpress_stage\/andrew-warr-tour-2019\/#breadcrumb\"},\"inLanguage\":\"de\",\"potentialAction\":[{\"@type\":\"ReadAction\",\"target\":[\"http:\/\/wp12379237.server-he.de\/wordpress_stage\/andrew-warr-tour-2019\/\"]}]},{\"@type\":\"BreadcrumbList\",\"@id\":\"http:\/\/wp12379237.server-he.de\/wordpress_stage\/andrew-warr-tour-2019\/#breadcrumb\",\"itemListElement\":[{\"@type\":\"ListItem\",\"position\":1,\"name\":\"Startseite\",\"item\":\"https:\/\/wp12379237.server-he.de\/wordpress_stage\/\"},{\"@type\":\"ListItem\",\"position\":2,\"name\":\"Andrew Warr Tour 2019\"}]}]}<\/script>\n<!-- \/ Yoast SEO plugin. -->","yoast_head_json":{"title":"Andrew Warr Tour 2019 - Rigpa e.V.","robots":{"index":"index","follow":"follow","max-snippet":"max-snippet:-1","max-image-preview":"max-image-preview:large","max-video-preview":"max-video-preview:-1"},"canonical":"http:\/\/wp12379237.server-he.de\/wordpress_stage\/andrew-warr-tour-2019\/","og_locale":"de_DE","og_type":"article","og_title":"Andrew Warr Tour 2019 - Rigpa e.V.","og_description":"[vc_row type=&#8220;vc_default&#8220; full_width=&#8220;stretch_row_content_no_spaces&#8220; css=&#8220;.vc_custom_1496416336075{margin-bottom: 0px !important;padding-bottom: 0px !important;}&#8220;][vc_column][vc_single_image image=&#8220;4574&#8243; img_size=&#8220;full&#8220; image_hovers=&#8220;false&#8220; css=&#8220;.vc_custom_1547058929776{margin-bottom: 0px !important;padding-bottom: 0px !important;}&#8220;][\/vc_column][\/vc_row][vc_row min_height=&#8220;100px&#8220;][vc_column][vc_empty_space height=&#8220;48px&#8220;][\/vc_column][\/vc_row][vc_row][vc_column width=&#8220;1\/2&#8243;][vc_column_text] Termine [\/vc_column_text][vc_column_text] [\/vc_column_text][vc_column_text]Alle unter 25 zahlen soviel sie m\u00f6chten.[\/vc_column_text][\/vc_column][vc_column width=&#8220;1\/2&#8243;][vc_column_text] &#8222;Wenn wir anderen liebevoll und freundlich begegnen, f\u00fchlen sich diese nicht nur geliebt und umsorgt, sondern es hilft auch uns selbst dabei, inneres Gl\u00fcck und innere&hellip;","og_url":"http:\/\/wp12379237.server-he.de\/wordpress_stage\/andrew-warr-tour-2019\/","og_site_name":"Rigpa e.V.","article_publisher":"https:\/\/www.facebook.com\/Dharma.Mati.Rigpa\/","article_modified_time":"2019-08-29T11:58:47+00:00","og_image":[{"url":"http:\/\/wp12379237.server-he.de\/wordpress_stage\/wp-content\/uploads\/2019\/01\/JLJ2019-300x230.png"}],"twitter_card":"summary","twitter_misc":{"Gesch\u00e4tzte Lesezeit":"3\u00a0Minuten"},"schema":{"@context":"https:\/\/schema.org","@graph":[{"@type":"WebSite","@id":"https:\/\/wp12379237.server-he.de\/wordpress_stage\/#website","url":"https:\/\/wp12379237.server-he.de\/wordpress_stage\/","name":"Rigpa e.V.","description":"Eine weitere WordPress-Website","potentialAction":[{"@type":"SearchAction","target":{"@type":"EntryPoint","urlTemplate":"https:\/\/wp12379237.server-he.de\/wordpress_stage\/?s={search_term_string}"},"query-input":"required name=search_term_string"}],"inLanguage":"de"},{"@type":"ImageObject","inLanguage":"de","@id":"http:\/\/wp12379237.server-he.de\/wordpress_stage\/andrew-warr-tour-2019\/#primaryimage","url":"http:\/\/wp12379237.server-he.de\/wordpress_stage\/wp-content\/uploads\/2019\/01\/JLJ2019.png","contentUrl":"http:\/\/wp12379237.server-he.de\/wordpress_stage\/wp-content\/uploads\/2019\/01\/JLJ2019.png","width":"2052","height":"1570","caption":"Rigpa Junge Leute Jahr 2019"},{"@type":"WebPage","@id":"http:\/\/wp12379237.server-he.de\/wordpress_stage\/andrew-warr-tour-2019\/#webpage","url":"http:\/\/wp12379237.server-he.de\/wordpress_stage\/andrew-warr-tour-2019\/","name":"Andrew Warr Tour 2019 - Rigpa e.V.","isPartOf":{"@id":"https:\/\/wp12379237.server-he.de\/wordpress_stage\/#website"},"primaryImageOfPage":{"@id":"http:\/\/wp12379237.server-he.de\/wordpress_stage\/andrew-warr-tour-2019\/#primaryimage"},"datePublished":"2017-12-01T11:04:52+00:00","dateModified":"2019-08-29T11:58:47+00:00","breadcrumb":{"@id":"http:\/\/wp12379237.server-he.de\/wordpress_stage\/andrew-warr-tour-2019\/#breadcrumb"},"inLanguage":"de","potentialAction":[{"@type":"ReadAction","target":["http:\/\/wp12379237.server-he.de\/wordpress_stage\/andrew-warr-tour-2019\/"]}]},{"@type":"BreadcrumbList","@id":"http:\/\/wp12379237.server-he.de\/wordpress_stage\/andrew-warr-tour-2019\/#breadcrumb","itemListElement":[{"@type":"ListItem","position":1,"name":"Startseite","item":"https:\/\/wp12379237.server-he.de\/wordpress_stage\/"},{"@type":"ListItem","position":2,"name":"Andrew Warr Tour 2019"}]}]}},"_links":{"self":[{"href":"http:\/\/wp12379237.server-he.de\/wordpress_stage\/wp-json\/wp\/v2\/pages\/2613"}],"collection":[{"href":"http:\/\/wp12379237.server-he.de\/wordpress_stage\/wp-json\/wp\/v2\/pages"}],"about":[{"href":"http:\/\/wp12379237.server-he.de\/wordpress_stage\/wp-json\/wp\/v2\/types\/page"}],"author":[{"embeddable":true,"href":"http:\/\/wp12379237.server-he.de\/wordpress_stage\/wp-json\/wp\/v2\/users\/2"}],"replies":[{"embeddable":true,"href":"http:\/\/wp12379237.server-he.de\/wordpress_stage\/wp-json\/wp\/v2\/comments?post=2613"}],"version-history":[{"count":10,"href":"http:\/\/wp12379237.server-he.de\/wordpress_stage\/wp-json\/wp\/v2\/pages\/2613\/revisions"}],"predecessor-version":[{"id":5100,"href":"http:\/\/wp12379237.server-he.de\/wordpress_stage\/wp-json\/wp\/v2\/pages\/2613\/revisions\/5100"}],"wp:attachment":[{"href":"http:\/\/wp12379237.server-he.de\/wordpress_stage\/wp-json\/wp\/v2\/media?parent=2613"}],"curies":[{"name":"wp","href":"https:\/\/api.w.org\/{rel}","templated":true}]}}