{"id":275,"date":"2017-05-12T18:02:15","date_gmt":"2017-05-12T16:02:15","guid":{"rendered":"http:\/\/wp12379237.server-he.de\/wordpress_stage\/?page_id=275"},"modified":"2020-01-06T13:02:15","modified_gmt":"2020-01-06T12:02:15","slug":"duesseldorf","status":"publish","type":"page","link":"http:\/\/wp12379237.server-he.de\/wordpress_stage\/zentren\/duesseldorf\/","title":{"rendered":"D\u00fcsseldorf"},"content":{"rendered":"<p>[vc_row][vc_column]<style type=\"text\/css\" data-type=\"the7_shortcodes-inline-css\">.dt-breadcrumbs-id-ca7bb247e03c51f7efdf8918429e2e7e .breadcrumbs {\n  display: inline-block;\n  margin: 0;\n  padding: 20px 20px 20px 0px;\n  border: 0px solid ;\n  border-radius: 0px;\n}\n.dt-breadcrumbs-id-ca7bb247e03c51f7efdf8918429e2e7e .breadcrumbs * {\n  color: #000000;\n}\n<\/style><div class=\"dt-breadcrumbs-shortcode dt-breadcrumbs-id-ca7bb247e03c51f7efdf8918429e2e7e align-left\"><div class=\"assistive-text\">Sie befinden sich hier:<\/div><ol class=\"breadcrumbs text-small\" itemscope itemtype=\"https:\/\/schema.org\/BreadcrumbList\"><li itemprop=\"itemListElement\" itemscope itemtype=\"https:\/\/schema.org\/ListItem\"><a itemprop=\"item\" href=\"http:\/\/wp12379237.server-he.de\/wordpress_stage\/\" title=\"\"><span itemprop=\"name\">Start<\/span><\/a><meta itemprop=\"position\" content=\"1\" \/><\/li><li class=\"current\" itemprop=\"itemListElement\" itemscope itemtype=\"https:\/\/schema.org\/ListItem\"><span itemprop=\"name\">Seite<\/span><meta itemprop=\"position\" content=\"2\" \/><\/li><\/ol><\/div>[vc_empty_space][\/vc_column][\/vc_row][vc_row][vc_column width=&#8220;1\/6&#8243;][\/vc_column][vc_column width=&#8220;2\/3&#8243;][vc_column_text]<\/p>\n<p style=\"text-align: center;\"><strong>Herzlich willkommen bei Rigpa D\u00fcsseldorf!<\/strong><\/p>\n<p style=\"text-align: center;\">Uns gibt es bereits seit den 1980er Jahren.<\/p>\n<p style=\"text-align: center;\"><strong>Am 18. Januar 2020<\/strong>\u00a0feiern wir die Er\u00f6ffnung unseres neuen Rigpa-Zentrums.<\/p>\n<p style=\"text-align: center;\"><strong>Von 13:30 bis 17:30<\/strong> sind alle herzlich zur Einweihung unseres Meditationszentrums in neuen R\u00e4umlichkeiten in der Kronprinzenstra\u00dfe eingeladen!<\/p>\n<p style=\"text-align: center;\"><strong>Wir freuen uns \u00fcber jeden Besuch.<\/strong><\/p>\n<p>[\/vc_column_text]<div class=\"ult_exp_section_layer ult-adjust-bottom-margin  \" >\n\t<div id=\"uvc-exp-wrap-7811\"   data-ultimate-target='#uvc-exp-wrap-7811'  data-responsive-json-new='{\"font-size\":\"desktop:20px;\",\"line-height\":\"desktop:20px;\"}'  class=\"ult_exp_section  ult-responsive \" style=\"color:#333333;background-color:#dbdbdb; font-weight:normal;margin:0px;padding:0px;text-align:center;\" data-textcolor=\"#333333\"data-texthover=\"#333333\"data-icncolor=\"#ffffff\"data-ihover=\"#ffffff\"data-height=\"0\"data-cntbg=\"#dbdbdb\"data-cnthvrbg=\"#e5e5e5\"data-headerbg=\"#dbdbdb\"data-headerhover=\"#e5e5e5\"data-title=\"#\"data-newtitle=\"#\"data-icon=\"Defaults-plus\"data-newicon=\"Defaults-minus\"data-activeicon=\"#ffffff\"data-icnbg=\"#c40046\"data-icnhvrbg=\"#434442\"data-activeiconbg=\"#434442\"data-effect=\"slideToggle\"data-override=\"full\"data-activetitle=\"#333333\"data-activebg=\"#dbdbdb\"data-img=\"\"data-newimg=\"\"><div class=\"ult_exp_section-main \">\n\t\t\t\t\t\t\t<div class=\"ult-just-icon-wrapper ult_exp_icon\">\n\t\t\t\t\t<div class=\"align-icon \">\n\t\t\t\t\t\t\n<span class=\"aio-icon  circle  ult_expsection_icon \"  style=\"color:#ffffff;background:#c40046;font-size:14px;display:inline-block;\">\n\t<i class=\"Defaults-plus ult_ex_icon\"  ><\/i>\n<\/span>\n\t\t\t\t\t<\/div>\n\t\t\t\t<\/div>\n\t\t\t\t\t\t<div class=\"ult_expheader\" >#\n\t\t\t\t\t\t <\/div><\/div>\n\t\t\t\t<\/div><div class=\"ult_exp_content \" style=\"background-color:#ffffff;  \"><div class=\"ult_ecpsub_cont\" style=\" \" >[vc_row_inner][vc_column_inner width=&#8220;1\/2&#8243;][vc_single_image image=&#8220;1294&#8243; img_size=&#8220;full&#8220;][\/vc_column_inner][vc_column_inner width=&#8220;1\/2&#8243;][vc_column_text]<\/p>\n<p style=\"text-align: left;\">Wir bieten unverbindliche offene Meditationsabende und alltagsorientierte Kurse, die uns im modernen Leben St\u00e4rke und Gelassenheit vermitteln k\u00f6nnen.<\/p>\n<p style=\"text-align: left;\">Dar\u00fcber hinaus bieten wir einen klaren Pfad, auf dem die traditionelle tibetisch-buddhistische Lehre und Philosophie authentisch und relevant f\u00fcr das Leben in unserer Zeit studiert und praktiziert werden kann.<\/p>\n<p>[\/vc_column_text][\/vc_column_inner][\/vc_row_inner]<\/div><\/div>\n\n\t\t\t<\/div>[vc_empty_space height=&#8220;48px&#8220;][\/vc_column][vc_column width=&#8220;1\/6&#8243;][\/vc_column][\/vc_row][vc_row type=&#8220;1&#8243; bg_color=&#8220;#d9d0c6&#8243;][vc_column][vc_empty_space height=&#8220;64px&#8220;][vc_row_inner][vc_column_inner width=&#8220;1\/4&#8243;][\/vc_column_inner][vc_column_inner width=&#8220;1\/4&#8243;]<div class=\"stats-block stats-top  \"><div class=\"aio-icon-top\"><div class=\"ult-just-icon-wrapper  \"><div class=\"align-icon\" style=\"text-align:center;\"><\/div><\/div><\/div><div class=\"stats-desc\" id=\"counter-responsv-wrap-7120\"><div id=\"counter_381211528669d1e8c0b21e4\" data-id=\"counter_381211528669d1e8c0b21e4\"  data-ultimate-target='#counter-responsv-wrap-7120 .stats-number'  data-responsive-json-new='{\"font-size\":\"desktop:36px;\",\"line-height\":\"desktop:36px;\"}'  class=\"stats-number ult-responsive\" style=\"  font-weight:bold;color:#ffffff;\" data-speed=\"3\" data-counter-value=\"1992\" data-separator=\"none\" data-decimal=\"none\">0<\/div><div id=\"counter_381211528669d1e8c0b21e4\"  data-ultimate-target='#counter-responsv-wrap-7120 .stats-text'  data-responsive-json-new='{\"font-size\":\"\",\"line-height\":\"\"}'  class=\"stats-text ult-responsive\" style=\"font-size:18px;  \">Gr\u00fcndungsjahr<\/div><\/div><\/div>[\/vc_column_inner][vc_column_inner width=&#8220;1\/4&#8243;]<div class=\"stats-block stats-top  \"><div class=\"aio-icon-top\"><div class=\"ult-just-icon-wrapper  \"><div class=\"align-icon\" style=\"text-align:center;\"><\/div><\/div><\/div><div class=\"stats-desc\" id=\"counter-responsv-wrap-7384\"><div id=\"counter_311319398269d1e8c0b2280\" data-id=\"counter_311319398269d1e8c0b2280\"  data-ultimate-target='#counter-responsv-wrap-7384 .stats-number'  data-responsive-json-new='{\"font-size\":\"desktop:36px;\",\"line-height\":\"desktop:36px;\"}'  class=\"stats-number ult-responsive\" style=\"  font-weight:bold;color:#ffffff;\" data-speed=\"3\" data-counter-value=\"73\" data-separator=\"none\" data-decimal=\"none\">0<\/div><div id=\"counter_311319398269d1e8c0b2280\"  data-ultimate-target='#counter-responsv-wrap-7384 .stats-text'  data-responsive-json-new='{\"font-size\":\"\",\"line-height\":\"\"}'  class=\"stats-text ult-responsive\" style=\"font-size:18px;  \">Mitglieder<\/div><\/div><\/div>[\/vc_column_inner][vc_column_inner width=&#8220;1\/4&#8243;][\/vc_column_inner][\/vc_row_inner][vc_empty_space][\/vc_column][\/vc_row][vc_row type=&#8220;1&#8243;][vc_column][vc_empty_space height=&#8220;64px&#8220;][vc_row_inner][vc_column_inner width=&#8220;2\/3&#8243;][vc_single_image image=&#8220;1253&#8243; img_size=&#8220;800&#215;450&#8243;][vc_empty_space][\/vc_column_inner][vc_column_inner el_class=&#8220;zh_newsletter&#8220; width=&#8220;1\/3&#8243;]<div class=\" vc_custom_1500297886341 ubtn-ctn-center fullwidth\"><a class=\"ubtn-link ult-adjust-bottom-margin ubtn-center ubtn-large fullwidth\" href=\"http:\/\/wp12379237.server-he.de\/wordpress_stage\/zentren\/duesseldorf\/kalender-duesseldorf\/\" ><button type=\"button\" id=\"ubtn-8785\"  class=\"ubtn ult-adjust-bottom-margin ult-responsive ubtn-large ubtn-no-hover-bg  none  ubtn-center   tooltip-69d1e8c0b22af\"  data-hover=\"#ffffff\" data-border-color=\"\" data-bg=\"#c40046\" data-hover-bg=\"#434442\" data-border-hover=\"\" data-shadow-hover=\"\" data-shadow-click=\"none\" data-shadow=\"\" data-shd-shadow=\"\"  data-ultimate-target='#ubtn-8785'  data-responsive-json-new='{\"font-size\":\"\",\"line-height\":\"\"}'  style=\"font-weight:normal;border:none;background: #c40046;color: #ffffff;\"><span class=\"ubtn-hover\" style=\"background-color:#434442\"><\/span><span class=\"ubtn-data ubtn-text \" >Alle Termine<\/span><\/button><\/a><\/div><div class=\" vc_custom_1506521931789 ubtn-ctn-center fullwidth\"><a class=\"ubtn-link ult-adjust-bottom-margin ubtn-center ubtn-large fullwidth\" href=\"http:\/\/wp12379237.server-he.de\/wordpress_stage\/zentren\/duesseldorf\/sangha-termine-duesseldorf\/\" ><button type=\"button\" id=\"ubtn-9519\"  class=\"ubtn ult-adjust-bottom-margin ult-responsive ubtn-large ubtn-no-hover-bg  none  ubtn-center   tooltip-69d1e8c0b2317\"  data-hover=\"#ffffff\" data-border-color=\"\" data-bg=\"#c40046\" data-hover-bg=\"#434442\" data-border-hover=\"\" data-shadow-hover=\"\" data-shadow-click=\"none\" data-shadow=\"\" data-shd-shadow=\"\"  data-ultimate-target='#ubtn-9519'  data-responsive-json-new='{\"font-size\":\"\",\"line-height\":\"\"}'  style=\"font-weight:normal;border:none;background: #c40046;color: #ffffff;\"><span class=\"ubtn-hover\" style=\"background-color:#434442\"><\/span><span class=\"ubtn-data ubtn-text \" >Sangha-Termine<\/span><\/button><\/a><\/div><div class=\" vc_custom_1496518882935 ubtn-ctn-center fullwidth\"><a class=\"ubtn-link ult-adjust-bottom-margin ubtn-center ubtn-large fullwidth\" href=\"#kontakt\" ><button type=\"button\" id=\"ubtn-2659\"  class=\"ubtn ult-adjust-bottom-margin ult-responsive ubtn-large ubtn-no-hover-bg  none  ubtn-center   tooltip-69d1e8c0b235f\"  data-hover=\"#ffffff\" data-border-color=\"\" data-bg=\"#c40046\" data-hover-bg=\"#434442\" data-border-hover=\"\" data-shadow-hover=\"\" data-shadow-click=\"none\" data-shadow=\"\" data-shd-shadow=\"\"  data-ultimate-target='#ubtn-2659'  data-responsive-json-new='{\"font-size\":\"\",\"line-height\":\"\"}'  style=\"font-weight:normal;border:none;background: #c40046;color: #ffffff;\"><span class=\"ubtn-hover\" style=\"background-color:#434442\"><\/span><span class=\"ubtn-data ubtn-text \" >Kontakt &amp; Anfahrt<\/span><\/button><\/a><\/div><div class=\" vc_custom_1496518894630 ubtn-ctn-center fullwidth\"><a class=\"ubtn-link ult-adjust-bottom-margin ubtn-center ubtn-large fullwidth\" href=\"#team\" ><button type=\"button\" id=\"ubtn-8852\"  class=\"ubtn ult-adjust-bottom-margin ult-responsive ubtn-large ubtn-no-hover-bg  none  ubtn-center   tooltip-69d1e8c0b23ab\"  data-hover=\"#ffffff\" data-border-color=\"\" data-bg=\"#c40046\" data-hover-bg=\"#434442\" data-border-hover=\"\" data-shadow-hover=\"\" data-shadow-click=\"none\" data-shadow=\"\" data-shd-shadow=\"\"  data-ultimate-target='#ubtn-8852'  data-responsive-json-new='{\"font-size\":\"\",\"line-height\":\"\"}'  style=\"font-weight:normal;border:none;background: #c40046;color: #ffffff;\"><span class=\"ubtn-hover\" style=\"background-color:#434442\"><\/span><span class=\"ubtn-data ubtn-text \" >Team<\/span><\/button><\/a><\/div>[vc_empty_space][vc_column_text]<\/p>\n<p style=\"text-align: center;\">Abonniere unseren Newsletter<\/p>\n<p>[\/vc_column_text]\n        <div class=\"zh_nl_embed\">\n          <!-- Begin MailChimp Signup Form -->\n          <div id=\"mc_embed_signup\">\n            <form action=\"\/\/rigpa.us6.list-manage.com\/subscribe?u=f38f1fde121785f381c553c58&amp;id=3e9a1def7f\" id=\"mc-embedded-subscribe-form-3e9a1def7f\" name=\"mc-embedded-subscribe-form-3e9a1def7f\" class=\"validate\" target=\"_blank\" novalidate>\n              <div id=\"mc_embed_signup_scroll\" class=\"cf7_custom_style_1\">\n      \n                <div class=\"clear\">\n                  <div clasS=\"vc_btn3-container vc_btn3-center\">\n                    <a onClick=\"javascript:open('\/\/rigpa.us6.list-manage.com\/subscribe?u=f38f1fde121785f381c553c58&amp;id=3e9a1def7f', 'Newsletter Anmeldung', 'height=480,width=480,resizable=yes');return false;\" href=\"#\" class=\"vc_general vc_btn3 vc_btn3-size-md vc_btn3-shape-rounded vc_btn3-style-flat vc_btn3-color-pink\">Jetzt in den Newsletter einschreiben<\/a>\n                  <\/div>\n                <\/div>\n              <\/div>\n            <\/form>\n          <\/div>\n      \n          <!--End mc_embed_signup-->\n        <\/div>\n      [vc_btn title=&#8220;Weitere Newsletter&#8220; style=&#8220;flat&#8220; color=&#8220;chino&#8220; align=&#8220;center&#8220; link=&#8220;url:http%3A%2F%2Fwp12379237.server-he.de%2Fwordpress_stage%2Fnewsletter%2F|||&#8220;][vc_empty_space][\/vc_column_inner][\/vc_row_inner][\/vc_column][\/vc_row][vc_row][vc_column][vc_empty_space height=&#8220;64px&#8220;][vc_column_text]<\/p>\n<h3 style=\"text-align: center;\">Offene Angebote<\/h3>\n<h6 style=\"text-align: center;\">auf Spendenbasis<\/h6>\n<p>[\/vc_column_text]<div class=\"zh_ajaxkalender loading\" data-color=\"#3ca4dc\" data-id=\"593015\" data-url=\"https:\/\/www.rigpaevents.de\/kalender\/index.php?cal_ajax=1&amp;mod=events&amp;kategorie=19&amp;stadt=6&amp;ansicht=slider&amp;cols=4&url=http:\/\/wp12379237.server-he.de\/wordpress_stage\/wp-json\/wp\/v2\/pages\/275\"><\/div>\n        <style>\n          div.zh_ajaxkalender[data-color=\"#3ca4dc\"] div.events-btn-cont,\n          div.zh_ajaxkalender[data-color=\"#3ca4dc\"] div.events-btn-cont:hover > div {\n            border-color: #3ca4dc !important;\n          }\n          div.zh_ajaxkalender[data-color=\"#3ca4dc\"] div.events-btn-cont span:after {\n            background-color: #3ca4dc !important;\n          }\n        <\/style>\n      [vc_empty_space][\/vc_column][\/vc_row][vc_row type=&#8220;1&#8243;][vc_column][vc_empty_space height=&#8220;64px&#8220;][vc_column_text]<\/p>\n<h3 style=\"text-align: center;\">Kurse<\/h3>\n<p>[\/vc_column_text]<div class=\"zh_ajaxkalender loading\" data-color=\"#3ca4dc\" data-id=\"731672\" data-url=\"https:\/\/www.rigpaevents.de\/kalender\/index.php?cal_ajax=1&amp;mod=events&amp;kategorie=20&amp;ansicht=slider&amp;cols=3&amp;stadt=6&url=http:\/\/wp12379237.server-he.de\/wordpress_stage\/wp-json\/wp\/v2\/pages\/275\"><\/div>\n        <style>\n          div.zh_ajaxkalender[data-color=\"#3ca4dc\"] div.events-btn-cont,\n          div.zh_ajaxkalender[data-color=\"#3ca4dc\"] div.events-btn-cont:hover > div {\n            border-color: #3ca4dc !important;\n          }\n          div.zh_ajaxkalender[data-color=\"#3ca4dc\"] div.events-btn-cont span:after {\n            background-color: #3ca4dc !important;\n          }\n        <\/style>\n      [vc_empty_space][\/vc_column][\/vc_row][vc_row type=&#8220;3&#8243; anchor=&#8220;kontakt&#8220;][vc_column][vc_empty_space height=&#8220;64px&#8220;][vc_column_text]<\/p>\n<h3 style=\"text-align: center;\">Kontakt<\/h3>\n<p>[\/vc_column_text][vc_row_inner][vc_column_inner width=&#8220;1\/2&#8243;][vc_column_text]<strong>Katia Neuville<\/strong><\/p>\n<p>Kronprinzenstr. 82-84<br \/>\n40217 D\u00fcsseldorf<\/p>\n<p>duesseldorf@rigpa.de<br \/>\n0211.68 02 150 (AB)<br \/>\n0173.628 45 04[\/vc_column_text][\/vc_column_inner][vc_column_inner width=&#8220;1\/2&#8243;][vc_single_image image=&#8220;5437&#8243; img_size=&#8220;600px&#8220; alignment=&#8220;center&#8220;][\/vc_column_inner][\/vc_row_inner][vc_empty_space height=&#8220;40px&#8220;][\/vc_column][\/vc_row][vc_row anchor=&#8220;team&#8220;][vc_column][vc_empty_space height=&#8220;64px&#8220;]<div class=\"zh_zhteamslider\" data-cols=\"4\"><div class=\"zh_teamslider team-3048\"><div class=\"zh_img\" style=\"background-image:url(http:\/\/wp12379237.server-he.de\/wordpress_stage\/wp-content\/uploads\/2017\/12\/Angela-Bork-Krahmer-300x200.jpg);\"><\/div><div class=\"zh_txt\"><h4>Angela Bork Krahmer<\/h4>Kursleiterin<\/div><div class=\"zh_links\"><\/div><\/div><div class=\"zh_teamslider team-3050\"><div class=\"zh_img\" style=\"background-image:url(http:\/\/wp12379237.server-he.de\/wordpress_stage\/wp-content\/uploads\/2017\/12\/Detlef-Volke-300x200.jpg);\"><\/div><div class=\"zh_txt\"><h4>Detlef Volke<\/h4>AV-Technik<\/div><div class=\"zh_links\"><\/div><\/div><div class=\"zh_teamslider team-3053\"><div class=\"zh_img\" style=\"background-image:url(http:\/\/wp12379237.server-he.de\/wordpress_stage\/wp-content\/uploads\/2017\/12\/Ingrid-Hemmersbach-300x200.jpg);\"><\/div><div class=\"zh_txt\"><h4>Ingrid Hemmersbach<\/h4>Zentrumsorganisation <\/div><div class=\"zh_links\"><\/div><\/div><div class=\"zh_teamslider team-3054\"><div class=\"zh_img\" style=\"background-image:url(http:\/\/wp12379237.server-he.de\/wordpress_stage\/wp-content\/uploads\/2017\/12\/Katia-Neuville-300x200.jpg);\"><\/div><div class=\"zh_txt\"><h4>Katia Neuville<\/h4>Lokale Koordinatorin<\/div><div class=\"zh_links\"><\/div><\/div><div class=\"zh_teamslider team-767\"><div class=\"zh_img\" style=\"background-image:url(http:\/\/wp12379237.server-he.de\/wordpress_stage\/wp-content\/uploads\/2017\/07\/Sabine-Abeser-300x200.jpg);\"><\/div><div class=\"zh_txt\"><h4>Sabine Abe\u00dfer<\/h4>Kursleiterin<\/div><div class=\"zh_links\"><\/div><\/div><div class=\"zh_teamslider team-3055\"><div class=\"zh_img\" style=\"background-image:url(http:\/\/wp12379237.server-he.de\/wordpress_stage\/wp-content\/uploads\/2017\/12\/Pema-Christa-Tillmanns-300x200.jpg);\"><\/div><div class=\"zh_txt\"><h4>Pema Christa Tillmanns<\/h4>Praxiskoordination<\/div><div class=\"zh_links\"><\/div><\/div><div class=\"zh_teamslider team-3041\"><div class=\"zh_img\" style=\"background-image:url(http:\/\/wp12379237.server-he.de\/wordpress_stage\/wp-content\/uploads\/2017\/12\/RotrautLudwigW-300x200.jpg);\"><\/div><div class=\"zh_txt\"><h4>Rotraut Ludwig<\/h4>Finanzen<\/div><div class=\"zh_links\"><\/div><\/div><div class=\"zh_teamslider team-3037\"><div class=\"zh_img\" style=\"background-image:url(http:\/\/wp12379237.server-he.de\/wordpress_stage\/wp-content\/uploads\/2017\/12\/Ursula-Ott-300x200.jpg);\"><\/div><div class=\"zh_txt\"><h4>Ursula Ott<\/h4>Kursleiterin<\/div><div class=\"zh_links\"><\/div><\/div><\/div>[vc_empty_space height=&#8220;64px&#8220;][\/vc_column][\/vc_row][vc_row type=&#8220;1&#8243;][vc_column][vc_empty_space height=&#8220;64px&#8220;]<div class=\"zh_ajaxkalender loading\" data-color=\"#3ca4dc\" data-id=\"790313\" data-url=\"https:\/\/www.rigpaevents.de\/kalender\/index.php?cal_ajax=1&amp;mod=events&amp;ansicht=slider&amp;cols=2&amp;iststadt=6&amp;stadt=6&amp;shl=6&amp;ur=1&url=http:\/\/wp12379237.server-he.de\/wordpress_stage\/wp-json\/wp\/v2\/pages\/275\"><\/div>\n        <style>\n          div.zh_ajaxkalender[data-color=\"#3ca4dc\"] div.events-btn-cont,\n          div.zh_ajaxkalender[data-color=\"#3ca4dc\"] div.events-btn-cont:hover > div {\n            border-color: #3ca4dc !important;\n          }\n          div.zh_ajaxkalender[data-color=\"#3ca4dc\"] div.events-btn-cont span:after {\n            background-color: #3ca4dc !important;\n          }\n        <\/style>\n      [vc_empty_space height=&#8220;64px&#8220;][\/vc_column][\/vc_row]<\/p>\n","protected":false},"excerpt":{"rendered":"<p>[vc_row][vc_column][vc_empty_space][\/vc_column][\/vc_row][vc_row][vc_column width=&#8220;1\/6&#8243;][\/vc_column][vc_column width=&#8220;2\/3&#8243;][vc_column_text] Herzlich willkommen bei Rigpa D\u00fcsseldorf! Uns gibt es bereits seit den 1980er Jahren. Am 18. Januar 2020\u00a0feiern wir die Er\u00f6ffnung unseres neuen Rigpa-Zentrums. Von 13:30 bis 17:30 sind alle herzlich zur Einweihung unseres Meditationszentrums in neuen R\u00e4umlichkeiten in der Kronprinzenstra\u00dfe eingeladen! Wir freuen uns \u00fcber jeden Besuch. [\/vc_column_text][vc_empty_space height=&#8220;48px&#8220;][\/vc_column][vc_column width=&#8220;1\/6&#8243;][\/vc_column][\/vc_row][vc_row type=&#8220;1&#8243; bg_color=&#8220;#d9d0c6&#8243;][vc_column][vc_empty_space&hellip;<\/p>\n","protected":false},"author":1,"featured_media":0,"parent":18,"menu_order":0,"comment_status":"closed","ping_status":"closed","template":"","meta":[],"acf":[],"yoast_head":"<!-- This site is optimized with the Yoast SEO plugin v19.0 - https:\/\/yoast.com\/wordpress\/plugins\/seo\/ -->\n<title>D\u00fcsseldorf - Rigpa e.V.<\/title>\n<meta name=\"robots\" content=\"index, follow, max-snippet:-1, max-image-preview:large, max-video-preview:-1\" \/>\n<link rel=\"canonical\" href=\"http:\/\/wp12379237.server-he.de\/wordpress_stage\/zentren\/duesseldorf\/\" \/>\n<meta property=\"og:locale\" content=\"de_DE\" \/>\n<meta property=\"og:type\" content=\"article\" \/>\n<meta property=\"og:title\" content=\"D\u00fcsseldorf - Rigpa e.V.\" \/>\n<meta property=\"og:description\" content=\"[vc_row][vc_column][vc_empty_space][\/vc_column][\/vc_row][vc_row][vc_column width=&#8220;1\/6&#8243;][\/vc_column][vc_column width=&#8220;2\/3&#8243;][vc_column_text] Herzlich willkommen bei Rigpa D\u00fcsseldorf! Uns gibt es bereits seit den 1980er Jahren. Am 18. Januar 2020\u00a0feiern wir die Er\u00f6ffnung unseres neuen Rigpa-Zentrums. Von 13:30 bis 17:30 sind alle herzlich zur Einweihung unseres Meditationszentrums in neuen R\u00e4umlichkeiten in der Kronprinzenstra\u00dfe eingeladen! Wir freuen uns \u00fcber jeden Besuch. [\/vc_column_text][vc_empty_space height=&#8220;48px&#8220;][\/vc_column][vc_column width=&#8220;1\/6&#8243;][\/vc_column][\/vc_row][vc_row type=&#8220;1&#8243; bg_color=&#8220;#d9d0c6&#8243;][vc_column][vc_empty_space&hellip;\" \/>\n<meta property=\"og:url\" content=\"http:\/\/wp12379237.server-he.de\/wordpress_stage\/zentren\/duesseldorf\/\" \/>\n<meta property=\"og:site_name\" content=\"Rigpa e.V.\" \/>\n<meta property=\"article:publisher\" content=\"https:\/\/www.facebook.com\/Dharma.Mati.Rigpa\/\" \/>\n<meta property=\"article:modified_time\" content=\"2020-01-06T12:02:15+00:00\" \/>\n<meta name=\"twitter:card\" content=\"summary\" \/>\n<meta name=\"twitter:label1\" content=\"Gesch\u00e4tzte Lesezeit\" \/>\n\t<meta name=\"twitter:data1\" content=\"4\u00a0Minuten\" \/>\n<script type=\"application\/ld+json\" class=\"yoast-schema-graph\">{\"@context\":\"https:\/\/schema.org\",\"@graph\":[{\"@type\":\"WebSite\",\"@id\":\"https:\/\/wp12379237.server-he.de\/wordpress_stage\/#website\",\"url\":\"https:\/\/wp12379237.server-he.de\/wordpress_stage\/\",\"name\":\"Rigpa e.V.\",\"description\":\"Eine weitere WordPress-Website\",\"potentialAction\":[{\"@type\":\"SearchAction\",\"target\":{\"@type\":\"EntryPoint\",\"urlTemplate\":\"https:\/\/wp12379237.server-he.de\/wordpress_stage\/?s={search_term_string}\"},\"query-input\":\"required name=search_term_string\"}],\"inLanguage\":\"de\"},{\"@type\":\"WebPage\",\"@id\":\"http:\/\/wp12379237.server-he.de\/wordpress_stage\/zentren\/duesseldorf\/#webpage\",\"url\":\"http:\/\/wp12379237.server-he.de\/wordpress_stage\/zentren\/duesseldorf\/\",\"name\":\"D\u00fcsseldorf - Rigpa e.V.\",\"isPartOf\":{\"@id\":\"https:\/\/wp12379237.server-he.de\/wordpress_stage\/#website\"},\"datePublished\":\"2017-05-12T16:02:15+00:00\",\"dateModified\":\"2020-01-06T12:02:15+00:00\",\"breadcrumb\":{\"@id\":\"http:\/\/wp12379237.server-he.de\/wordpress_stage\/zentren\/duesseldorf\/#breadcrumb\"},\"inLanguage\":\"de\",\"potentialAction\":[{\"@type\":\"ReadAction\",\"target\":[\"http:\/\/wp12379237.server-he.de\/wordpress_stage\/zentren\/duesseldorf\/\"]}]},{\"@type\":\"BreadcrumbList\",\"@id\":\"http:\/\/wp12379237.server-he.de\/wordpress_stage\/zentren\/duesseldorf\/#breadcrumb\",\"itemListElement\":[{\"@type\":\"ListItem\",\"position\":1,\"name\":\"Startseite\",\"item\":\"https:\/\/wp12379237.server-he.de\/wordpress_stage\/\"},{\"@type\":\"ListItem\",\"position\":2,\"name\":\"Zentren\",\"item\":\"http:\/\/wp12379237.server-he.de\/wordpress_stage\/zentren\/\"},{\"@type\":\"ListItem\",\"position\":3,\"name\":\"D\u00fcsseldorf\"}]}]}<\/script>\n<!-- \/ Yoast SEO plugin. -->","yoast_head_json":{"title":"D\u00fcsseldorf - Rigpa e.V.","robots":{"index":"index","follow":"follow","max-snippet":"max-snippet:-1","max-image-preview":"max-image-preview:large","max-video-preview":"max-video-preview:-1"},"canonical":"http:\/\/wp12379237.server-he.de\/wordpress_stage\/zentren\/duesseldorf\/","og_locale":"de_DE","og_type":"article","og_title":"D\u00fcsseldorf - Rigpa e.V.","og_description":"[vc_row][vc_column][vc_empty_space][\/vc_column][\/vc_row][vc_row][vc_column width=&#8220;1\/6&#8243;][\/vc_column][vc_column width=&#8220;2\/3&#8243;][vc_column_text] Herzlich willkommen bei Rigpa D\u00fcsseldorf! Uns gibt es bereits seit den 1980er Jahren. Am 18. Januar 2020\u00a0feiern wir die Er\u00f6ffnung unseres neuen Rigpa-Zentrums. Von 13:30 bis 17:30 sind alle herzlich zur Einweihung unseres Meditationszentrums in neuen R\u00e4umlichkeiten in der Kronprinzenstra\u00dfe eingeladen! Wir freuen uns \u00fcber jeden Besuch. [\/vc_column_text][vc_empty_space height=&#8220;48px&#8220;][\/vc_column][vc_column width=&#8220;1\/6&#8243;][\/vc_column][\/vc_row][vc_row type=&#8220;1&#8243; bg_color=&#8220;#d9d0c6&#8243;][vc_column][vc_empty_space&hellip;","og_url":"http:\/\/wp12379237.server-he.de\/wordpress_stage\/zentren\/duesseldorf\/","og_site_name":"Rigpa e.V.","article_publisher":"https:\/\/www.facebook.com\/Dharma.Mati.Rigpa\/","article_modified_time":"2020-01-06T12:02:15+00:00","twitter_card":"summary","twitter_misc":{"Gesch\u00e4tzte Lesezeit":"4\u00a0Minuten"},"schema":{"@context":"https:\/\/schema.org","@graph":[{"@type":"WebSite","@id":"https:\/\/wp12379237.server-he.de\/wordpress_stage\/#website","url":"https:\/\/wp12379237.server-he.de\/wordpress_stage\/","name":"Rigpa e.V.","description":"Eine weitere WordPress-Website","potentialAction":[{"@type":"SearchAction","target":{"@type":"EntryPoint","urlTemplate":"https:\/\/wp12379237.server-he.de\/wordpress_stage\/?s={search_term_string}"},"query-input":"required name=search_term_string"}],"inLanguage":"de"},{"@type":"WebPage","@id":"http:\/\/wp12379237.server-he.de\/wordpress_stage\/zentren\/duesseldorf\/#webpage","url":"http:\/\/wp12379237.server-he.de\/wordpress_stage\/zentren\/duesseldorf\/","name":"D\u00fcsseldorf - Rigpa e.V.","isPartOf":{"@id":"https:\/\/wp12379237.server-he.de\/wordpress_stage\/#website"},"datePublished":"2017-05-12T16:02:15+00:00","dateModified":"2020-01-06T12:02:15+00:00","breadcrumb":{"@id":"http:\/\/wp12379237.server-he.de\/wordpress_stage\/zentren\/duesseldorf\/#breadcrumb"},"inLanguage":"de","potentialAction":[{"@type":"ReadAction","target":["http:\/\/wp12379237.server-he.de\/wordpress_stage\/zentren\/duesseldorf\/"]}]},{"@type":"BreadcrumbList","@id":"http:\/\/wp12379237.server-he.de\/wordpress_stage\/zentren\/duesseldorf\/#breadcrumb","itemListElement":[{"@type":"ListItem","position":1,"name":"Startseite","item":"https:\/\/wp12379237.server-he.de\/wordpress_stage\/"},{"@type":"ListItem","position":2,"name":"Zentren","item":"http:\/\/wp12379237.server-he.de\/wordpress_stage\/zentren\/"},{"@type":"ListItem","position":3,"name":"D\u00fcsseldorf"}]}]}},"_links":{"self":[{"href":"http:\/\/wp12379237.server-he.de\/wordpress_stage\/wp-json\/wp\/v2\/pages\/275"}],"collection":[{"href":"http:\/\/wp12379237.server-he.de\/wordpress_stage\/wp-json\/wp\/v2\/pages"}],"about":[{"href":"http:\/\/wp12379237.server-he.de\/wordpress_stage\/wp-json\/wp\/v2\/types\/page"}],"author":[{"embeddable":true,"href":"http:\/\/wp12379237.server-he.de\/wordpress_stage\/wp-json\/wp\/v2\/users\/1"}],"replies":[{"embeddable":true,"href":"http:\/\/wp12379237.server-he.de\/wordpress_stage\/wp-json\/wp\/v2\/comments?post=275"}],"version-history":[{"count":96,"href":"http:\/\/wp12379237.server-he.de\/wordpress_stage\/wp-json\/wp\/v2\/pages\/275\/revisions"}],"predecessor-version":[{"id":5440,"href":"http:\/\/wp12379237.server-he.de\/wordpress_stage\/wp-json\/wp\/v2\/pages\/275\/revisions\/5440"}],"up":[{"embeddable":true,"href":"http:\/\/wp12379237.server-he.de\/wordpress_stage\/wp-json\/wp\/v2\/pages\/18"}],"wp:attachment":[{"href":"http:\/\/wp12379237.server-he.de\/wordpress_stage\/wp-json\/wp\/v2\/media?parent=275"}],"curies":[{"name":"wp","href":"https:\/\/api.w.org\/{rel}","templated":true}]}}