{"id":3860,"date":"2018-05-31T12:14:06","date_gmt":"2018-05-31T10:14:06","guid":{"rendered":"http:\/\/wp12379237.server-he.de\/wordpress_stage\/?page_id=3860"},"modified":"2019-12-19T14:15:57","modified_gmt":"2019-12-19T13:15:57","slug":"wien","status":"publish","type":"page","link":"http:\/\/wp12379237.server-he.de\/wordpress_stage\/zentren\/wien\/","title":{"rendered":"Wien"},"content":{"rendered":"<p>[vc_row][vc_column]<style type=\"text\/css\" data-type=\"the7_shortcodes-inline-css\">.dt-breadcrumbs-id-9ff5da0c533f73acd788c4cdad067519 .breadcrumbs {\n  display: inline-block;\n  margin: 0;\n  padding: 20px 0px 20px 0px;\n  border: 0px solid #a2a5a6;\n  border-radius: 0px;\n}\n.dt-breadcrumbs-id-9ff5da0c533f73acd788c4cdad067519 .breadcrumbs * {\n  color: #a2a5a6;\n}\n<\/style><div class=\"dt-breadcrumbs-shortcode dt-breadcrumbs-id-9ff5da0c533f73acd788c4cdad067519 align-left\"><div class=\"assistive-text\">Sie befinden sich hier:<\/div><ol class=\"breadcrumbs text-small\" itemscope itemtype=\"https:\/\/schema.org\/BreadcrumbList\"><li itemprop=\"itemListElement\" itemscope itemtype=\"https:\/\/schema.org\/ListItem\"><a itemprop=\"item\" href=\"http:\/\/wp12379237.server-he.de\/wordpress_stage\/\" title=\"\"><span itemprop=\"name\">Start<\/span><\/a><meta itemprop=\"position\" content=\"1\" \/><\/li><li class=\"current\" itemprop=\"itemListElement\" itemscope itemtype=\"https:\/\/schema.org\/ListItem\"><span itemprop=\"name\">Seite<\/span><meta itemprop=\"position\" content=\"2\" \/><\/li><\/ol><\/div>[vc_empty_space][\/vc_column][\/vc_row][vc_row][vc_column width=&#8220;1\/6&#8243;][\/vc_column][vc_column width=&#8220;2\/3&#8243;][vc_column_text]<\/p>\n<p style=\"text-align: center;\"><strong>Servus in Rigpa Wien!<\/strong><\/p>\n<p style=\"text-align: center;\">Seit Mitte der 90er trafen sich eine kleine Gruppe von Freund*innen, die sich auf Rigpa Retreats kennengelernt hatten, um gemeinsam Belehrungsvideos anzusehen und zu studieren.<\/p>\n<p style=\"text-align: center;\">Heute treffen wir uns, in der Gr\u00f6\u00dfe gewachsen, Anf\u00e4nger*innen und Erfahrenere, haupts\u00e4chlich zu den Sanghatagen in den R\u00e4umen einer Praxisgemeinschaft in der N\u00e4he von Sch\u00f6nbrunn im 13. Bezirk.<\/p>\n<p style=\"text-align: center;\">F\u00fcr neu Interessierte haben wir bereits dreimal erfolgreich das Kursprogramm von \u201eWas Meditation wirklich ist\u201c angeboten.<br \/>\nFalls du an den M\u00f6glichkeiten in Rigpa interessiert bist, kannst du gerne mit uns Kontakt aufnehmen<\/p>\n<p>[\/vc_column_text][\/vc_column][vc_column width=&#8220;1\/6&#8243;][\/vc_column][\/vc_row][vc_row type=&#8220;1&#8243;][vc_column][vc_empty_space height=&#8220;64px&#8220;][vc_row_inner][vc_column_inner width=&#8220;1\/4&#8243;][\/vc_column_inner][vc_column_inner width=&#8220;1\/4&#8243;]<div class=\"stats-block stats-top  \"><div class=\"aio-icon-top\"><div class=\"ult-just-icon-wrapper  \"><div class=\"align-icon\" style=\"text-align:center;\"><\/div><\/div><\/div><div class=\"stats-desc\" id=\"counter-responsv-wrap-9437\"><div id=\"counter_270795019669d1e9e0cdde8\" data-id=\"counter_270795019669d1e9e0cdde8\"  data-ultimate-target='#counter-responsv-wrap-9437 .stats-number'  data-responsive-json-new='{\"font-size\":\"desktop:36px;\",\"line-height\":\"desktop:36px;\"}'  class=\"stats-number ult-responsive\" style=\"  font-weight:bold;color:#ffffff;\" data-speed=\"3\" data-counter-value=\"1995\" data-separator=\"none\" data-decimal=\"none\">0<\/div><div id=\"counter_270795019669d1e9e0cdde8\"  data-ultimate-target='#counter-responsv-wrap-9437 .stats-text'  data-responsive-json-new='{\"font-size\":\"\",\"line-height\":\"\"}'  class=\"stats-text ult-responsive\" style=\"font-size:18px;  \">Gr\u00fcndungsjahr<\/div><\/div><\/div>[\/vc_column_inner][vc_column_inner width=&#8220;1\/4&#8243;]<div class=\"stats-block stats-top  \"><div class=\"aio-icon-top\"><div class=\"ult-just-icon-wrapper  \"><div class=\"align-icon\" style=\"text-align:center;\"><\/div><\/div><\/div><div class=\"stats-desc\" id=\"counter-responsv-wrap-2818\"><div id=\"counter_360729608669d1e9e0cde9d\" data-id=\"counter_360729608669d1e9e0cde9d\"  data-ultimate-target='#counter-responsv-wrap-2818 .stats-number'  data-responsive-json-new='{\"font-size\":\"desktop:36px;\",\"line-height\":\"desktop:36px;\"}'  class=\"stats-number ult-responsive\" style=\"  font-weight:bold;color:#ffffff;\" data-speed=\"3\" data-counter-value=\"16\" data-separator=\"none\" data-decimal=\"none\">0<\/div><div id=\"counter_360729608669d1e9e0cde9d\"  data-ultimate-target='#counter-responsv-wrap-2818 .stats-text'  data-responsive-json-new='{\"font-size\":\"\",\"line-height\":\"\"}'  class=\"stats-text ult-responsive\" style=\"font-size:18px;  \">Mitglieder<\/div><\/div><\/div>[\/vc_column_inner][vc_column_inner width=&#8220;1\/4&#8243;][\/vc_column_inner][\/vc_row_inner][vc_empty_space][\/vc_column][\/vc_row][vc_row][vc_column][vc_empty_space][\/vc_column][\/vc_row][vc_row type=&#8220;1&#8243;][vc_column][vc_empty_space][vc_row_inner][vc_column_inner width=&#8220;2\/3&#8243;][vc_single_image image=&#8220;1253&#8243; img_size=&#8220;800&#215;450&#8243;][vc_empty_space][\/vc_column_inner][vc_column_inner width=&#8220;1\/3&#8243;]<div class=\" ubtn-ctn-center \"><a class=\"ubtn-link ult-adjust-bottom-margin ubtn-center ubtn-large \" href=\"http:\/\/wp12379237.server-he.de\/wordpress_stage\/zentren\/wien\/kalender-wien\/\" ><button type=\"button\" id=\"ubtn-4089\"  class=\"ubtn ult-adjust-bottom-margin ult-responsive ubtn-large ubtn-no-hover-bg  none  ubtn-center   tooltip-69d1e9e0cdec9\"  data-hover=\"\" data-border-color=\"\" data-bg=\"#c40046\" data-hover-bg=\"\" data-border-hover=\"\" data-shadow-hover=\"\" data-shadow-click=\"none\" data-shadow=\"\" data-shd-shadow=\"\"  data-ultimate-target='#ubtn-4089'  data-responsive-json-new='{\"font-size\":\"\",\"line-height\":\"\"}'  style=\"font-weight:normal;border:none;background: #c40046;color: #ffffff;\"><span class=\"ubtn-hover\" style=\"background-color:\"><\/span><span class=\"ubtn-data ubtn-text \" >Termine<\/span><\/button><\/a><\/div><div class=\" ubtn-ctn-center \"><a class=\"ubtn-link ult-adjust-bottom-margin ubtn-center ubtn-large \" href=\"#Anfahrt\" ><button type=\"button\" id=\"ubtn-1671\"  class=\"ubtn ult-adjust-bottom-margin ult-responsive ubtn-large ubtn-no-hover-bg  none  ubtn-center   tooltip-69d1e9e0cdf48\"  data-hover=\"\" data-border-color=\"\" data-bg=\"#c40046\" data-hover-bg=\"\" data-border-hover=\"\" data-shadow-hover=\"\" data-shadow-click=\"none\" data-shadow=\"\" data-shd-shadow=\"\"  data-ultimate-target='#ubtn-1671'  data-responsive-json-new='{\"font-size\":\"\",\"line-height\":\"\"}'  style=\"font-weight:normal;border:none;background: #c40046;color: #ffffff;\"><span class=\"ubtn-hover\" style=\"background-color:\"><\/span><span class=\"ubtn-data ubtn-text \" >Kontakt \/ Anfahrt<\/span><\/button><\/a><\/div>[\/vc_column_inner][\/vc_row_inner][\/vc_column][\/vc_row][vc_row][vc_column][vc_empty_space][\/vc_column][\/vc_row][vc_row type=&#8220;1&#8243;][vc_column][vc_empty_space][vc_column_text]<\/p>\n<h3 style=\"text-align: center;\">H\u00f6hepunkte aus dem Rigpa-Programm in Deutschland<\/h3>\n<p>[\/vc_column_text]<div class=\"zh_ajaxkalender loading\" data-color=\"#3ca4dc\" data-id=\"263688\" data-url=\"https:\/\/www.rigpaevents.de\/kalender\/index.php?cal_ajax=1&amp;mod=events&amp;kategorie=5&amp;ansicht=slider&amp;cols=2&url=http:\/\/wp12379237.server-he.de\/wordpress_stage\/wp-json\/wp\/v2\/pages\/3860\"><\/div>\n        <style>\n          div.zh_ajaxkalender[data-color=\"#3ca4dc\"] div.events-btn-cont,\n          div.zh_ajaxkalender[data-color=\"#3ca4dc\"] div.events-btn-cont:hover > div {\n            border-color: #3ca4dc !important;\n          }\n          div.zh_ajaxkalender[data-color=\"#3ca4dc\"] div.events-btn-cont span:after {\n            background-color: #3ca4dc !important;\n          }\n        <\/style>\n      [vc_empty_space][\/vc_column][\/vc_row][vc_row][vc_column][vc_empty_space][\/vc_column][\/vc_row][vc_row type=&#8220;1&#8243; anchor=&#8220;Anfahrt&#8220;][vc_column][vc_empty_space][vc_column_text]<\/p>\n<h3 style=\"text-align: center;\">Kontakt<\/h3>\n<p>[\/vc_column_text][vc_row_inner][vc_column_inner width=&#8220;1\/2&#8243;][vc_column_text]Fasholdgasse 3\/7,<\/p>\n<p>1130 Wien, \u00d6sterreich<\/p>\n<p><a href=\"mailto:rigpa.wien@gmail.com\">rigpa.wien@gmail.com<\/a>[\/vc_column_text][\/vc_column_inner][vc_column_inner width=&#8220;1\/2&#8243;]<div id='wrap_map_69d1e9e0cdffb' class='ultimate-map-wrapper ult-adjust-bottom-margin ' style=' height:200px;'><div id='map_69d1e9e0cdffb' data-map_override='0' class='ultimate_google_map wpb_content_element page_margin_top' style='width:100%;height:200px;'><\/div><\/div><script type='text\/javascript'>\n\t\t\t(function($) {\n  \t\t\t'use strict';\n\t\t\tvar map_map_69d1e9e0cdffb = null;\n\t\t\tvar coordinate_map_69d1e9e0cdffb;\n\t\t\tvar isDraggable = $(document).width() > 641 ? true : false;\n\t\t\ttry\n\t\t\t{\n\t\t\t\tvar map_map_69d1e9e0cdffb = null;\n\t\t\t\tvar coordinate_map_69d1e9e0cdffb;\n\t\t\t\tcoordinate_map_69d1e9e0cdffb=new google.maps.LatLng(48.18470, 16.29933);\n\t\t\t\tvar mapOptions=\n\t\t\t\t{\n\t\t\t\t\tzoom: 14,\n\t\t\t\t\tcenter: coordinate_map_69d1e9e0cdffb,\n\t\t\t\t\tscaleControl: true,\n\t\t\t\t\tstreetViewControl: false,\n\t\t\t\t\tmapTypeControl: false,\n\t\t\t\t\tpanControl: false,\n\t\t\t\t\tzoomControl: true,\n\t\t\t\t\tscrollwheel: true,\n\t\t\t\t\tdraggable: isDraggable,\n\t\t\t\t\tzoomControlOptions: {\n\t\t\t\t\t\tposition: google.maps.ControlPosition.RIGHT_TOP\n\t\t\t\t\t},mapTypeId: google.maps.MapTypeId.ROADMAP,};var map_map_69d1e9e0cdffb = new google.maps.Map(document.getElementById('map_69d1e9e0cdffb'),mapOptions);\n\t\t\t\t\t\tvar x = 'infowindow_open_value';\n\t\t\t\t\t\tvar marker_map_69d1e9e0cdffb = new google.maps.Marker({\n\t\t\t\t\t\tposition: new google.maps.LatLng(48.18470, 16.29933),\n\t\t\t\t\t\tanimation:  google.maps.Animation.DROP,\n\t\t\t\t\t\tmap: map_map_69d1e9e0cdffb,\n\t\t\t\t\t\ticon: ''\n\t\t\t\t\t});\tgoogle.maps.event.addListener(marker_map_69d1e9e0cdffb, 'click', toggleBounce);}\n\t\t\tcatch(e){};\n\t\t\tjQuery(document).ready(function($){\n\t\t\t\tgoogle.maps.event.trigger(map_map_69d1e9e0cdffb, 'resize');\n\t\t\t\t$(window).resize(function(){\n\t\t\t\t\tgoogle.maps.event.trigger(map_map_69d1e9e0cdffb, 'resize');\n\t\t\t\t\tif(map_map_69d1e9e0cdffb!=null)\n\t\t\t\t\t\tmap_map_69d1e9e0cdffb.setCenter(coordinate_map_69d1e9e0cdffb);\n\t\t\t\t});\n\t\t\t\t$('.ui-tabs').bind('tabsactivate', function(event, ui) {\n\t\t\t\t   if($(this).find('.ultimate-map-wrapper').length > 0)\n\t\t\t\t\t{\n\t\t\t\t\t\tsetTimeout(function(){\n\t\t\t\t\t\t\t$(window).trigger('resize');\n\t\t\t\t\t\t},200);\n\t\t\t\t\t}\n\t\t\t\t});\n\t\t\t\t$('.ui-accordion').bind('accordionactivate', function(event, ui) {\n\t\t\t\t   if($(this).find('.ultimate-map-wrapper').length > 0)\n\t\t\t\t\t{\n\t\t\t\t\t\tsetTimeout(function(){\n\t\t\t\t\t\t\t$(window).trigger('resize');\n\t\t\t\t\t\t},200);\n\t\t\t\t\t}\n\t\t\t\t});\n\t\t\t\t$(window).on('load',function(){\n\t\t\t\t\tsetTimeout(function(){\n\t\t\t\t\t\t$(window).trigger('resize');\n\t\t\t\t\t},200);\n\t\t\t\t});\n\t\t\t\t$('.ult_exp_section').select(function(){\n\t\t\t\t\tif($(map_map_69d1e9e0cdffb).parents('.ult_exp_section'))\n\t\t\t\t\t{\n\t\t\t\t\t\tsetTimeout(function(){\n\t\t\t\t\t\t\t$(window).trigger('resize');\n\t\t\t\t\t\t},200);\n\t\t\t\t\t}\n\t\t\t\t});\n\t\t\t\t$(document).on('onUVCModalPopupOpen', function(){\n\t\t\t\t\tif($(map_map_69d1e9e0cdffb).parents('.ult_modal-content'))\n\t\t\t\t\t{\n\t\t\t\t\t\tsetTimeout(function(){\n\t\t\t\t\t\t\t$(window).trigger('resize');\n\t\t\t\t\t\t},200);\n\t\t\t\t\t}\n\t\t\t\t});\n\t\t\t\t$(document).on('click','.ult_tab_li',function(){\n\t\t\t\t\t$(window).trigger('resize');\n\t\t\t\t\tsetTimeout(function(){\n\t\t\t\t\t\t$(window).trigger('resize');\n\t\t\t\t\t},200);\n\t\t\t\t});\n\t\t\t});\n\t\t\tfunction toggleBounce() {\n\t\t\t  if (marker_map_69d1e9e0cdffb.getAnimation() != null) {\n\t\t\t\tmarker_map_69d1e9e0cdffb.setAnimation(null);\n\t\t\t  } else {\n\t\t\t\tmarker_map_69d1e9e0cdffb.setAnimation(google.maps.Animation.BOUNCE);\n\t\t\t  }\n\t\t\t}\n\t\t\t})(jQuery);\n\t\t\t<\/script>[\/vc_column_inner][\/vc_row_inner][\/vc_column][\/vc_row]<\/p>\n","protected":false},"excerpt":{"rendered":"<p>[vc_row][vc_column][vc_empty_space][\/vc_column][\/vc_row][vc_row][vc_column width=&#8220;1\/6&#8243;][\/vc_column][vc_column width=&#8220;2\/3&#8243;][vc_column_text] Servus in Rigpa Wien! Seit Mitte der 90er trafen sich eine kleine Gruppe von Freund*innen, die sich auf Rigpa Retreats kennengelernt hatten, um gemeinsam Belehrungsvideos anzusehen und zu studieren. Heute treffen wir uns, in der Gr\u00f6\u00dfe gewachsen, Anf\u00e4nger*innen und Erfahrenere, haupts\u00e4chlich zu den Sanghatagen in den R\u00e4umen einer Praxisgemeinschaft in der N\u00e4he&hellip;<\/p>\n","protected":false},"author":3,"featured_media":0,"parent":18,"menu_order":0,"comment_status":"closed","ping_status":"closed","template":"","meta":[],"acf":[],"yoast_head":"<!-- This site is optimized with the Yoast SEO plugin v19.0 - https:\/\/yoast.com\/wordpress\/plugins\/seo\/ -->\n<title>Wien - Rigpa e.V.<\/title>\n<meta name=\"robots\" content=\"index, follow, max-snippet:-1, max-image-preview:large, max-video-preview:-1\" \/>\n<link rel=\"canonical\" href=\"http:\/\/wp12379237.server-he.de\/wordpress_stage\/zentren\/wien\/\" \/>\n<meta property=\"og:locale\" content=\"de_DE\" \/>\n<meta property=\"og:type\" content=\"article\" \/>\n<meta property=\"og:title\" content=\"Wien - Rigpa e.V.\" \/>\n<meta property=\"og:description\" content=\"[vc_row][vc_column][vc_empty_space][\/vc_column][\/vc_row][vc_row][vc_column width=&#8220;1\/6&#8243;][\/vc_column][vc_column width=&#8220;2\/3&#8243;][vc_column_text] Servus in Rigpa Wien! Seit Mitte der 90er trafen sich eine kleine Gruppe von Freund*innen, die sich auf Rigpa Retreats kennengelernt hatten, um gemeinsam Belehrungsvideos anzusehen und zu studieren. Heute treffen wir uns, in der Gr\u00f6\u00dfe gewachsen, Anf\u00e4nger*innen und Erfahrenere, haupts\u00e4chlich zu den Sanghatagen in den R\u00e4umen einer Praxisgemeinschaft in der N\u00e4he&hellip;\" \/>\n<meta property=\"og:url\" content=\"http:\/\/wp12379237.server-he.de\/wordpress_stage\/zentren\/wien\/\" \/>\n<meta property=\"og:site_name\" content=\"Rigpa e.V.\" \/>\n<meta property=\"article:publisher\" content=\"https:\/\/www.facebook.com\/Dharma.Mati.Rigpa\/\" \/>\n<meta property=\"article:modified_time\" content=\"2019-12-19T13:15:57+00:00\" \/>\n<meta name=\"twitter:card\" content=\"summary\" \/>\n<meta name=\"twitter:label1\" content=\"Gesch\u00e4tzte Lesezeit\" \/>\n\t<meta name=\"twitter:data1\" content=\"3\u00a0Minuten\" \/>\n<script type=\"application\/ld+json\" class=\"yoast-schema-graph\">{\"@context\":\"https:\/\/schema.org\",\"@graph\":[{\"@type\":\"WebSite\",\"@id\":\"https:\/\/wp12379237.server-he.de\/wordpress_stage\/#website\",\"url\":\"https:\/\/wp12379237.server-he.de\/wordpress_stage\/\",\"name\":\"Rigpa e.V.\",\"description\":\"Eine weitere WordPress-Website\",\"potentialAction\":[{\"@type\":\"SearchAction\",\"target\":{\"@type\":\"EntryPoint\",\"urlTemplate\":\"https:\/\/wp12379237.server-he.de\/wordpress_stage\/?s={search_term_string}\"},\"query-input\":\"required name=search_term_string\"}],\"inLanguage\":\"de\"},{\"@type\":\"WebPage\",\"@id\":\"http:\/\/wp12379237.server-he.de\/wordpress_stage\/zentren\/wien\/#webpage\",\"url\":\"http:\/\/wp12379237.server-he.de\/wordpress_stage\/zentren\/wien\/\",\"name\":\"Wien - Rigpa e.V.\",\"isPartOf\":{\"@id\":\"https:\/\/wp12379237.server-he.de\/wordpress_stage\/#website\"},\"datePublished\":\"2018-05-31T10:14:06+00:00\",\"dateModified\":\"2019-12-19T13:15:57+00:00\",\"breadcrumb\":{\"@id\":\"http:\/\/wp12379237.server-he.de\/wordpress_stage\/zentren\/wien\/#breadcrumb\"},\"inLanguage\":\"de\",\"potentialAction\":[{\"@type\":\"ReadAction\",\"target\":[\"http:\/\/wp12379237.server-he.de\/wordpress_stage\/zentren\/wien\/\"]}]},{\"@type\":\"BreadcrumbList\",\"@id\":\"http:\/\/wp12379237.server-he.de\/wordpress_stage\/zentren\/wien\/#breadcrumb\",\"itemListElement\":[{\"@type\":\"ListItem\",\"position\":1,\"name\":\"Startseite\",\"item\":\"https:\/\/wp12379237.server-he.de\/wordpress_stage\/\"},{\"@type\":\"ListItem\",\"position\":2,\"name\":\"Zentren\",\"item\":\"http:\/\/wp12379237.server-he.de\/wordpress_stage\/zentren\/\"},{\"@type\":\"ListItem\",\"position\":3,\"name\":\"Wien\"}]}]}<\/script>\n<!-- \/ Yoast SEO plugin. -->","yoast_head_json":{"title":"Wien - Rigpa e.V.","robots":{"index":"index","follow":"follow","max-snippet":"max-snippet:-1","max-image-preview":"max-image-preview:large","max-video-preview":"max-video-preview:-1"},"canonical":"http:\/\/wp12379237.server-he.de\/wordpress_stage\/zentren\/wien\/","og_locale":"de_DE","og_type":"article","og_title":"Wien - Rigpa e.V.","og_description":"[vc_row][vc_column][vc_empty_space][\/vc_column][\/vc_row][vc_row][vc_column width=&#8220;1\/6&#8243;][\/vc_column][vc_column width=&#8220;2\/3&#8243;][vc_column_text] Servus in Rigpa Wien! Seit Mitte der 90er trafen sich eine kleine Gruppe von Freund*innen, die sich auf Rigpa Retreats kennengelernt hatten, um gemeinsam Belehrungsvideos anzusehen und zu studieren. Heute treffen wir uns, in der Gr\u00f6\u00dfe gewachsen, Anf\u00e4nger*innen und Erfahrenere, haupts\u00e4chlich zu den Sanghatagen in den R\u00e4umen einer Praxisgemeinschaft in der N\u00e4he&hellip;","og_url":"http:\/\/wp12379237.server-he.de\/wordpress_stage\/zentren\/wien\/","og_site_name":"Rigpa e.V.","article_publisher":"https:\/\/www.facebook.com\/Dharma.Mati.Rigpa\/","article_modified_time":"2019-12-19T13:15:57+00:00","twitter_card":"summary","twitter_misc":{"Gesch\u00e4tzte Lesezeit":"3\u00a0Minuten"},"schema":{"@context":"https:\/\/schema.org","@graph":[{"@type":"WebSite","@id":"https:\/\/wp12379237.server-he.de\/wordpress_stage\/#website","url":"https:\/\/wp12379237.server-he.de\/wordpress_stage\/","name":"Rigpa e.V.","description":"Eine weitere WordPress-Website","potentialAction":[{"@type":"SearchAction","target":{"@type":"EntryPoint","urlTemplate":"https:\/\/wp12379237.server-he.de\/wordpress_stage\/?s={search_term_string}"},"query-input":"required name=search_term_string"}],"inLanguage":"de"},{"@type":"WebPage","@id":"http:\/\/wp12379237.server-he.de\/wordpress_stage\/zentren\/wien\/#webpage","url":"http:\/\/wp12379237.server-he.de\/wordpress_stage\/zentren\/wien\/","name":"Wien - Rigpa e.V.","isPartOf":{"@id":"https:\/\/wp12379237.server-he.de\/wordpress_stage\/#website"},"datePublished":"2018-05-31T10:14:06+00:00","dateModified":"2019-12-19T13:15:57+00:00","breadcrumb":{"@id":"http:\/\/wp12379237.server-he.de\/wordpress_stage\/zentren\/wien\/#breadcrumb"},"inLanguage":"de","potentialAction":[{"@type":"ReadAction","target":["http:\/\/wp12379237.server-he.de\/wordpress_stage\/zentren\/wien\/"]}]},{"@type":"BreadcrumbList","@id":"http:\/\/wp12379237.server-he.de\/wordpress_stage\/zentren\/wien\/#breadcrumb","itemListElement":[{"@type":"ListItem","position":1,"name":"Startseite","item":"https:\/\/wp12379237.server-he.de\/wordpress_stage\/"},{"@type":"ListItem","position":2,"name":"Zentren","item":"http:\/\/wp12379237.server-he.de\/wordpress_stage\/zentren\/"},{"@type":"ListItem","position":3,"name":"Wien"}]}]}},"_links":{"self":[{"href":"http:\/\/wp12379237.server-he.de\/wordpress_stage\/wp-json\/wp\/v2\/pages\/3860"}],"collection":[{"href":"http:\/\/wp12379237.server-he.de\/wordpress_stage\/wp-json\/wp\/v2\/pages"}],"about":[{"href":"http:\/\/wp12379237.server-he.de\/wordpress_stage\/wp-json\/wp\/v2\/types\/page"}],"author":[{"embeddable":true,"href":"http:\/\/wp12379237.server-he.de\/wordpress_stage\/wp-json\/wp\/v2\/users\/3"}],"replies":[{"embeddable":true,"href":"http:\/\/wp12379237.server-he.de\/wordpress_stage\/wp-json\/wp\/v2\/comments?post=3860"}],"version-history":[{"count":12,"href":"http:\/\/wp12379237.server-he.de\/wordpress_stage\/wp-json\/wp\/v2\/pages\/3860\/revisions"}],"predecessor-version":[{"id":5397,"href":"http:\/\/wp12379237.server-he.de\/wordpress_stage\/wp-json\/wp\/v2\/pages\/3860\/revisions\/5397"}],"up":[{"embeddable":true,"href":"http:\/\/wp12379237.server-he.de\/wordpress_stage\/wp-json\/wp\/v2\/pages\/18"}],"wp:attachment":[{"href":"http:\/\/wp12379237.server-he.de\/wordpress_stage\/wp-json\/wp\/v2\/media?parent=3860"}],"curies":[{"name":"wp","href":"https:\/\/api.w.org\/{rel}","templated":true}]}}