{"id":4011,"date":"2018-07-16T11:20:23","date_gmt":"2018-07-16T09:20:23","guid":{"rendered":"http:\/\/wp12379237.server-he.de\/wordpress_stage\/?page_id=4011"},"modified":"2018-07-16T11:30:38","modified_gmt":"2018-07-16T09:30:38","slug":"agb","status":"publish","type":"page","link":"http:\/\/wp12379237.server-he.de\/wordpress_stage\/agb\/","title":{"rendered":"AGB"},"content":{"rendered":"<p>[vc_row][vc_column]<style type=\"text\/css\" data-type=\"the7_shortcodes-inline-css\">.dt-breadcrumbs-id-42404e492c84877c0f1a70f16df540ce .breadcrumbs {\n  display: inline-block;\n  margin: 0;\n  padding: 20px 0px 20px 0px;\n  border: 0px solid ;\n  border-radius: 0px;\n}\n.dt-breadcrumbs-id-42404e492c84877c0f1a70f16df540ce .breadcrumbs * {\n  color: #a2a5a6;\n}\n<\/style><div class=\"dt-breadcrumbs-shortcode dt-breadcrumbs-id-42404e492c84877c0f1a70f16df540ce align-left\"><div class=\"assistive-text\">Sie befinden sich hier:<\/div><ol class=\"breadcrumbs text-small\" itemscope itemtype=\"https:\/\/schema.org\/BreadcrumbList\"><li itemprop=\"itemListElement\" itemscope itemtype=\"https:\/\/schema.org\/ListItem\"><a itemprop=\"item\" href=\"http:\/\/wp12379237.server-he.de\/wordpress_stage\/\" title=\"\"><span itemprop=\"name\">Start<\/span><\/a><meta itemprop=\"position\" content=\"1\" \/><\/li><li class=\"current\" itemprop=\"itemListElement\" itemscope itemtype=\"https:\/\/schema.org\/ListItem\"><span itemprop=\"name\">Seite<\/span><meta itemprop=\"position\" content=\"2\" \/><\/li><\/ol><\/div>[vc_empty_space][\/vc_column][\/vc_row][vc_row][vc_column width=&#8220;1\/6&#8243;][\/vc_column][vc_column width=&#8220;2\/3&#8243;][vc_column_text]<\/p>\n<h4 style=\"text-align: left;\">Wichtige Informationen zu unseren Kursen, Retreats und Veranstaltungen (AGB)<\/h4>\n<p>&nbsp;<\/p>\n<p>Die nachfolgenden Allgemeinen Gesch\u00e4ftsbedingungen gelten f\u00fcr alle Veranstaltungen (Vortr\u00e4ge, Kurse und Seminare sowie Retreats) des Rigpa e.V.. Sie regeln die Beziehungen zwischen dem Verein als Veranstalter und dem*der Teilnehmer*in.<\/p>\n<p>&nbsp;<\/p>\n<h5>Anmeldeverfahren<\/h5>\n<p>Eine Anmeldung der Teilnehmerin*des Teilnehmers ist eine Voraussetzung f\u00fcr die Teilnahme an einer Veranstaltung des Rigpa e.V. Sie k\u00f6nnen sich online (<a href=\"https:\/\/rigpaevents.de\/\" target=\"_blank\" rel=\"noopener\">https:\/\/rigpaevents.de\/<\/a>) mit ihrer Email-Adresse f\u00fcr die Veranstaltungen beim Rigpa e.V. anmelden. Abweichungen von diesem Verfahren sind in der Veranstaltungsank\u00fcndigung kenntlich gemacht. Unser Anmeldeformular findet sich im Internet (<a href=\"https:\/\/rigpaevents.de\/\" target=\"_blank\" rel=\"noopener\">https:\/\/rigpaevents.de\/<\/a>). Pro Anmeldevorgang kann nur eine Teilnehmerin bzw. ein Teilnehmer f\u00fcr eine Veranstaltung angemeldet werden \u2013 Ausnahme sind begleitende Kinder.<\/p>\n<h5>Anmeldebest\u00e4tigung<\/h5>\n<p>Nach Eingang der Anmeldung erhalten die Teilnehmenden eine Anmeldebest\u00e4tigung an ihre Email-Adresse.<\/p>\n<h5>Teilnahmebescheinigung<\/h5>\n<p>Die Teilnehmenden erhalten auf Wunsch nach Ende der Veranstaltung eine Teilnahme-bescheinigung einschlie\u00dflich der Auflistung der Seminarinhalte und der gezahlten Teilnahmegeb\u00fchr.<\/p>\n<h5><\/h5>\n<p>&nbsp;<\/p>\n<h5>Zahlungsbedingungen<\/h5>\n<p>Die im ver\u00f6ffentlichten Programm ausgewiesenen Kursgeb\u00fchren sind grunds\u00e4tzlich bei Anmeldung f\u00e4llig und durch den*die Kursteilnehmer*in an den Veranstalter zu \u00fcberweisen. Alternativ kann die Zahlung per Paypal oder Sofort\u00fcberweisung erfolgen oder durch eine einmalige Lastschrifterm\u00e4chtigung \u00fcber die Seminargeb\u00fchr, die kostenfrei vor Seminarbeginn bei der Bank eingefordert wird. L\u00f6st die Bank diesen Einzug nicht ein, entstehen zus\u00e4tzlich Verwaltungskosten von 5,00 Euro. Dem Teilnehmer ist es unbenommen nachzuweisen, dass im Einzelfall ein geringerer Schaden entstanden ist.<\/p>\n<h5>Verhinderung\/Abmeldung\/K\u00fcndigung<\/h5>\n<p>Ein R\u00fccktritt von einer verbindlichen Anmeldung, muss per Brief oder E-Mail oder per Telefon erfolgen. Bei einem R\u00fccktritt innerhalb der letzten 14 Tage vor Kursbeginn wird eine in der Anmeldung ausgewiesene Stornogeb\u00fchr f\u00e4llig, sofern kein*e Ersatzteilnehmer*in gestellt wird. F\u00fcr den Zeitpunkt des R\u00fccktritts gilt der Eingang des Anrufs, des Fax, der E-Mail oder des Briefes. Bei einem R\u00fccktritt ab 3 Tage vor Veranstaltungsbeginn sowie wenn die Leistung ohne Abmeldung nicht in Anspruch genommen wird oder bei verk\u00fcrzter Teilnahme, werden 100% der Seminargeb\u00fchr f\u00e4llig.<\/p>\n<h5><\/h5>\n<p>&nbsp;<\/p>\n<h5>Programm- und Termin\u00e4nderungen<\/h5>\n<p>Ein Seminar\/Retreat kann satzungsgem\u00e4\u00df nur stattfinden, wenn die Finanzierung gew\u00e4hrleistet ist. Ist die kalkulierte Teilnehmer*innen-Mindestzahl zwei Wochen vor Seminarbeginn nicht erreicht, m\u00fcssen wir die Veranstaltung leider absagen. Aus dieser Absage k\u00f6nnen keinerlei Ersatzanspr\u00fcche geltend gemacht werden. Im Falle einer Absage werden die von dem Teilnehmer erbrachten Leistungen unverz\u00fcglich durch den Veranstalter erstattet. Der Veranstalter gibt eine Verschiebung oder Absage der Veranstaltung per E-Mail an die angemeldeten Kursteilnehmer*innen, sowie auf seiner Homepage (<a href=\"http:\/\/wp12379237.server-he.de\/wordpress_stage\/\" target=\"_blank\" rel=\"noopener\">www.rigpa.de<\/a>) bekannt. Der Veranstalter beh\u00e4lt sich das Recht vor, das Programm gegen\u00fcber der Kursbeschreibung zu modifizieren, soweit dies aus organisatorischen oder didaktischen Gr\u00fcnden notwendig und dem Teilnehmer zumutbar ist. Das Programm wird in seinen wesentlichen Elementen allerdings in jedem Fall aufrechterhalten. Er gibt solche \u00c4nderungen auf seiner Homepage (<a href=\"http:\/\/wp12379237.server-he.de\/wordpress_stage\/\" target=\"_blank\" rel=\"noopener\">www.rigpa.de<\/a>) bzw. am Ort der Veranstaltung bekannt.<\/p>\n<h5><\/h5>\n<p>&nbsp;<\/p>\n<h5>Haftungsbeschr\u00e4nkungen<\/h5>\n<p>Die Teilnahme an einem Seminar bzw. Retreat erfolgt immer auf eigene Verantwortung. Seminare und Retreats sind keine therapeutischen Veranstaltungen. Da der Rigpa e.V. nicht \u00fcber die n\u00f6tigen Voraussetzungen zur Betreuung psychisch Erkrankter verf\u00fcgt, sollten Betroffene nicht an entsprechenden Seminaren oder Retreats teilnehmen.<br \/>\nDer Besuch einer Veranstaltung erfolgt auf eigene Gefahr. Die Haftung f\u00fcr Sach- und Verm\u00f6genssch\u00e4den ist auf F\u00e4lle von vors\u00e4tzlichem und grob fahrl\u00e4ssigem Verhalten des Veranstalters bzw. seiner gesetzlichen Vertreter*innen und Erf\u00fcllungsgehilfen begrenzt. Bei Personensch\u00e4den haftet der Veranstalter nur bei schuldhaften Pflichtverletzungen seiner gesetzlichen Vertreter*innen oder Erf\u00fcllungsgehilfen. M\u00e4ngel bei der Durchf\u00fchrung der Veranstaltung und\/oder aufgetretene Sch\u00e4den sind dem Veranstalter unverz\u00fcglich anzuzeigen. Bei Verletzung dieser Obliegenheit verliert die Person ihre Anspr\u00fcche auf Nacherf\u00fcllung oder Erstattung der Geb\u00fchr, es sei denn, der Mangel beruht auf einem vors\u00e4tzlichen Verhalten des Veranstalters bzw. seiner gesetzlichen Vertreter*innen und Erf\u00fcllungsgehilfen.<\/p>\n<h5><\/h5>\n<p>&nbsp;<\/p>\n<h5>Ton- und Bildaufnahmen<\/h5>\n<p>Das Aufnehmen jeglicher Art ist nur in Absprache mit dem Veranstalter erlaubt. Die vom Veranstalter dem*der Teilnehmer*in \u00fcberlassenen Texte, Audio\/Video- und\/oder Bild-Aufnahmen sind urheberrechtlich gesch\u00fctzt und nur zum pers\u00f6nlichen Gebrauch bestimmt. Eine Vervielf\u00e4ltigung der Texte und\/oder Aufnahmen sowie die Weitergabe an Dritte sind nicht zul\u00e4ssig.<br \/>\nVerst\u00f6\u00dfe berechtigen den Veranstalter auch, den*die Teilnehmer*in von der Veranstaltung ohne Erstattung der Kursgeb\u00fchr auszuschlie\u00dfen.<\/p>\n<h5>Verwendung der Anmeldedaten<\/h5>\n<p>Die bei der Anmeldung angegebenen Adressen und weitere Daten werden durch Rigpa e.V. elektronisch gespeichert und verarbeitet. Sie werden im Rahmen der Durchf\u00fchrung der Veranstaltung auch f\u00fcr erg\u00e4nzende Informationen (z.B. Zusendung von Unterlagen) verwendet werden. Eine Weitergabe des Namens, der Anschrift, der Telefonnummer und der E-Mailanschriften erfolgt ggf. auch an die Teilnehmenden der Veranstaltung, um z. B. Fahrgemeinschaften oder Studiengruppen zu bilden, und an eine eventuelle externe Tagungsst\u00e4tte, es sei denn, ein*e Teilnehmer*in widerspricht diesem.<br \/>\nW\u00e4hrend der Veranstaltung erstellte Fotos d\u00fcrfen f\u00fcr Publikationen des Rigpa e.V. genutzt werden, auch wenn ein*e Teilnehmer*in auf diesen zu erkennen ist. Bitte auch dazu die Aush\u00e4nge bei den Veranstaltungen beachten.<br \/>\nDie Verarbeitung und Nutzung der Anmeldedaten erfolgt nach Ma\u00dfgabe der Datenschutz-Grundverordnung DSGVO (Rigpa-Datenschutzerkl\u00e4rung: <a href=\"http:\/\/wp12379237.server-he.de\/wordpress_stage\/datenschutz\/\" target=\"_blank\" rel=\"noopener\">www.rigpa.de\/datenschutz<\/a>.)[\/vc_column_text][\/vc_column][vc_column width=&#8220;1\/6&#8243;][\/vc_column][\/vc_row]<\/p>\n","protected":false},"excerpt":{"rendered":"<p>[vc_row][vc_column][vc_empty_space][\/vc_column][\/vc_row][vc_row][vc_column width=&#8220;1\/6&#8243;][\/vc_column][vc_column width=&#8220;2\/3&#8243;][vc_column_text] Wichtige Informationen zu unseren Kursen, Retreats und Veranstaltungen (AGB) &nbsp; Die nachfolgenden Allgemeinen Gesch\u00e4ftsbedingungen gelten f\u00fcr alle Veranstaltungen (Vortr\u00e4ge, Kurse und Seminare sowie Retreats) des Rigpa e.V.. Sie regeln die Beziehungen zwischen dem Verein als Veranstalter und dem*der Teilnehmer*in. &nbsp; Anmeldeverfahren Eine Anmeldung der Teilnehmerin*des Teilnehmers ist eine Voraussetzung f\u00fcr die Teilnahme&hellip;<\/p>\n","protected":false},"author":3,"featured_media":0,"parent":0,"menu_order":0,"comment_status":"closed","ping_status":"closed","template":"","meta":[],"acf":[],"yoast_head":"<!-- This site is optimized with the Yoast SEO plugin v19.0 - https:\/\/yoast.com\/wordpress\/plugins\/seo\/ -->\n<title>AGB - Rigpa e.V.<\/title>\n<meta name=\"robots\" content=\"index, follow, max-snippet:-1, max-image-preview:large, max-video-preview:-1\" \/>\n<link rel=\"canonical\" href=\"http:\/\/wp12379237.server-he.de\/wordpress_stage\/agb\/\" \/>\n<meta property=\"og:locale\" content=\"de_DE\" \/>\n<meta property=\"og:type\" content=\"article\" \/>\n<meta property=\"og:title\" content=\"AGB - Rigpa e.V.\" \/>\n<meta property=\"og:description\" content=\"[vc_row][vc_column][vc_empty_space][\/vc_column][\/vc_row][vc_row][vc_column width=&#8220;1\/6&#8243;][\/vc_column][vc_column width=&#8220;2\/3&#8243;][vc_column_text] Wichtige Informationen zu unseren Kursen, Retreats und Veranstaltungen (AGB) &nbsp; Die nachfolgenden Allgemeinen Gesch\u00e4ftsbedingungen gelten f\u00fcr alle Veranstaltungen (Vortr\u00e4ge, Kurse und Seminare sowie Retreats) des Rigpa e.V.. Sie regeln die Beziehungen zwischen dem Verein als Veranstalter und dem*der Teilnehmer*in. &nbsp; Anmeldeverfahren Eine Anmeldung der Teilnehmerin*des Teilnehmers ist eine Voraussetzung f\u00fcr die Teilnahme&hellip;\" \/>\n<meta property=\"og:url\" content=\"http:\/\/wp12379237.server-he.de\/wordpress_stage\/agb\/\" \/>\n<meta property=\"og:site_name\" content=\"Rigpa e.V.\" \/>\n<meta property=\"article:publisher\" content=\"https:\/\/www.facebook.com\/Dharma.Mati.Rigpa\/\" \/>\n<meta property=\"article:modified_time\" content=\"2018-07-16T09:30:38+00:00\" \/>\n<meta name=\"twitter:card\" content=\"summary\" \/>\n<meta name=\"twitter:label1\" content=\"Gesch\u00e4tzte Lesezeit\" \/>\n\t<meta name=\"twitter:data1\" content=\"5\u00a0Minuten\" \/>\n<script type=\"application\/ld+json\" class=\"yoast-schema-graph\">{\"@context\":\"https:\/\/schema.org\",\"@graph\":[{\"@type\":\"WebSite\",\"@id\":\"https:\/\/wp12379237.server-he.de\/wordpress_stage\/#website\",\"url\":\"https:\/\/wp12379237.server-he.de\/wordpress_stage\/\",\"name\":\"Rigpa e.V.\",\"description\":\"Eine weitere WordPress-Website\",\"potentialAction\":[{\"@type\":\"SearchAction\",\"target\":{\"@type\":\"EntryPoint\",\"urlTemplate\":\"https:\/\/wp12379237.server-he.de\/wordpress_stage\/?s={search_term_string}\"},\"query-input\":\"required name=search_term_string\"}],\"inLanguage\":\"de\"},{\"@type\":\"WebPage\",\"@id\":\"http:\/\/wp12379237.server-he.de\/wordpress_stage\/agb\/#webpage\",\"url\":\"http:\/\/wp12379237.server-he.de\/wordpress_stage\/agb\/\",\"name\":\"AGB - Rigpa e.V.\",\"isPartOf\":{\"@id\":\"https:\/\/wp12379237.server-he.de\/wordpress_stage\/#website\"},\"datePublished\":\"2018-07-16T09:20:23+00:00\",\"dateModified\":\"2018-07-16T09:30:38+00:00\",\"breadcrumb\":{\"@id\":\"http:\/\/wp12379237.server-he.de\/wordpress_stage\/agb\/#breadcrumb\"},\"inLanguage\":\"de\",\"potentialAction\":[{\"@type\":\"ReadAction\",\"target\":[\"http:\/\/wp12379237.server-he.de\/wordpress_stage\/agb\/\"]}]},{\"@type\":\"BreadcrumbList\",\"@id\":\"http:\/\/wp12379237.server-he.de\/wordpress_stage\/agb\/#breadcrumb\",\"itemListElement\":[{\"@type\":\"ListItem\",\"position\":1,\"name\":\"Startseite\",\"item\":\"https:\/\/wp12379237.server-he.de\/wordpress_stage\/\"},{\"@type\":\"ListItem\",\"position\":2,\"name\":\"AGB\"}]}]}<\/script>\n<!-- \/ Yoast SEO plugin. -->","yoast_head_json":{"title":"AGB - Rigpa e.V.","robots":{"index":"index","follow":"follow","max-snippet":"max-snippet:-1","max-image-preview":"max-image-preview:large","max-video-preview":"max-video-preview:-1"},"canonical":"http:\/\/wp12379237.server-he.de\/wordpress_stage\/agb\/","og_locale":"de_DE","og_type":"article","og_title":"AGB - Rigpa e.V.","og_description":"[vc_row][vc_column][vc_empty_space][\/vc_column][\/vc_row][vc_row][vc_column width=&#8220;1\/6&#8243;][\/vc_column][vc_column width=&#8220;2\/3&#8243;][vc_column_text] Wichtige Informationen zu unseren Kursen, Retreats und Veranstaltungen (AGB) &nbsp; Die nachfolgenden Allgemeinen Gesch\u00e4ftsbedingungen gelten f\u00fcr alle Veranstaltungen (Vortr\u00e4ge, Kurse und Seminare sowie Retreats) des Rigpa e.V.. Sie regeln die Beziehungen zwischen dem Verein als Veranstalter und dem*der Teilnehmer*in. &nbsp; Anmeldeverfahren Eine Anmeldung der Teilnehmerin*des Teilnehmers ist eine Voraussetzung f\u00fcr die Teilnahme&hellip;","og_url":"http:\/\/wp12379237.server-he.de\/wordpress_stage\/agb\/","og_site_name":"Rigpa e.V.","article_publisher":"https:\/\/www.facebook.com\/Dharma.Mati.Rigpa\/","article_modified_time":"2018-07-16T09:30:38+00:00","twitter_card":"summary","twitter_misc":{"Gesch\u00e4tzte Lesezeit":"5\u00a0Minuten"},"schema":{"@context":"https:\/\/schema.org","@graph":[{"@type":"WebSite","@id":"https:\/\/wp12379237.server-he.de\/wordpress_stage\/#website","url":"https:\/\/wp12379237.server-he.de\/wordpress_stage\/","name":"Rigpa e.V.","description":"Eine weitere WordPress-Website","potentialAction":[{"@type":"SearchAction","target":{"@type":"EntryPoint","urlTemplate":"https:\/\/wp12379237.server-he.de\/wordpress_stage\/?s={search_term_string}"},"query-input":"required name=search_term_string"}],"inLanguage":"de"},{"@type":"WebPage","@id":"http:\/\/wp12379237.server-he.de\/wordpress_stage\/agb\/#webpage","url":"http:\/\/wp12379237.server-he.de\/wordpress_stage\/agb\/","name":"AGB - Rigpa e.V.","isPartOf":{"@id":"https:\/\/wp12379237.server-he.de\/wordpress_stage\/#website"},"datePublished":"2018-07-16T09:20:23+00:00","dateModified":"2018-07-16T09:30:38+00:00","breadcrumb":{"@id":"http:\/\/wp12379237.server-he.de\/wordpress_stage\/agb\/#breadcrumb"},"inLanguage":"de","potentialAction":[{"@type":"ReadAction","target":["http:\/\/wp12379237.server-he.de\/wordpress_stage\/agb\/"]}]},{"@type":"BreadcrumbList","@id":"http:\/\/wp12379237.server-he.de\/wordpress_stage\/agb\/#breadcrumb","itemListElement":[{"@type":"ListItem","position":1,"name":"Startseite","item":"https:\/\/wp12379237.server-he.de\/wordpress_stage\/"},{"@type":"ListItem","position":2,"name":"AGB"}]}]}},"_links":{"self":[{"href":"http:\/\/wp12379237.server-he.de\/wordpress_stage\/wp-json\/wp\/v2\/pages\/4011"}],"collection":[{"href":"http:\/\/wp12379237.server-he.de\/wordpress_stage\/wp-json\/wp\/v2\/pages"}],"about":[{"href":"http:\/\/wp12379237.server-he.de\/wordpress_stage\/wp-json\/wp\/v2\/types\/page"}],"author":[{"embeddable":true,"href":"http:\/\/wp12379237.server-he.de\/wordpress_stage\/wp-json\/wp\/v2\/users\/3"}],"replies":[{"embeddable":true,"href":"http:\/\/wp12379237.server-he.de\/wordpress_stage\/wp-json\/wp\/v2\/comments?post=4011"}],"version-history":[{"count":13,"href":"http:\/\/wp12379237.server-he.de\/wordpress_stage\/wp-json\/wp\/v2\/pages\/4011\/revisions"}],"predecessor-version":[{"id":4024,"href":"http:\/\/wp12379237.server-he.de\/wordpress_stage\/wp-json\/wp\/v2\/pages\/4011\/revisions\/4024"}],"wp:attachment":[{"href":"http:\/\/wp12379237.server-he.de\/wordpress_stage\/wp-json\/wp\/v2\/media?parent=4011"}],"curies":[{"name":"wp","href":"https:\/\/api.w.org\/{rel}","templated":true}]}}