{"id":427,"date":"2017-06-22T16:07:55","date_gmt":"2017-06-22T14:07:55","guid":{"rendered":"http:\/\/wp12379237.server-he.de\/wordpress_stage\/?page_id=427"},"modified":"2018-06-05T15:28:03","modified_gmt":"2018-06-05T13:28:03","slug":"kalender-berlin","status":"publish","type":"page","link":"http:\/\/wp12379237.server-he.de\/wordpress_stage\/zentren\/dharma-mati-berlin\/kalender-berlin\/","title":{"rendered":"Kalender Berlin"},"content":{"rendered":"<p>[vc_row][vc_column]<style type=\"text\/css\" data-type=\"the7_shortcodes-inline-css\">.dt-breadcrumbs-id-42404e492c84877c0f1a70f16df540ce .breadcrumbs {\n  display: inline-block;\n  margin: 0;\n  padding: 20px 0px 20px 0px;\n  border: 0px solid ;\n  border-radius: 0px;\n}\n.dt-breadcrumbs-id-42404e492c84877c0f1a70f16df540ce .breadcrumbs * {\n  color: #a2a5a6;\n}\n<\/style><div class=\"dt-breadcrumbs-shortcode dt-breadcrumbs-id-42404e492c84877c0f1a70f16df540ce align-left\"><div class=\"assistive-text\">Sie befinden sich hier:<\/div><ol class=\"breadcrumbs text-small\" itemscope itemtype=\"https:\/\/schema.org\/BreadcrumbList\"><li itemprop=\"itemListElement\" itemscope itemtype=\"https:\/\/schema.org\/ListItem\"><a itemprop=\"item\" href=\"http:\/\/wp12379237.server-he.de\/wordpress_stage\/\" title=\"\"><span itemprop=\"name\">Start<\/span><\/a><meta itemprop=\"position\" content=\"1\" \/><\/li><li class=\"current\" itemprop=\"itemListElement\" itemscope itemtype=\"https:\/\/schema.org\/ListItem\"><span itemprop=\"name\">Seite<\/span><meta itemprop=\"position\" content=\"2\" \/><\/li><\/ol><\/div>[vc_empty_space][\/vc_column][\/vc_row][vc_row anchor=&#8220;kalender&#8220;][vc_column]<div class=\"zh_ajaxkalender loading\" data-color=\"#3ca4dc\" data-id=\"589140\" data-url=\"https:\/\/www.rigpaevents.de\/kalender\/index.php?cal_ajax=1&amp;mod=events&amp;stadt=1&amp;ansicht=mini&url=http:\/\/wp12379237.server-he.de\/wordpress_stage\/wp-json\/wp\/v2\/pages\/427\"><\/div>\n        <style>\n          div.zh_ajaxkalender[data-color=\"#3ca4dc\"] div.events-btn-cont,\n          div.zh_ajaxkalender[data-color=\"#3ca4dc\"] div.events-btn-cont:hover > div {\n            border-color: #3ca4dc !important;\n          }\n          div.zh_ajaxkalender[data-color=\"#3ca4dc\"] div.events-btn-cont span:after {\n            background-color: #3ca4dc !important;\n          }\n        <\/style>\n      [\/vc_column][\/vc_row]<\/p>\n","protected":false},"excerpt":{"rendered":"<p>[vc_row][vc_column][vc_empty_space][\/vc_column][\/vc_row][vc_row anchor=&#8220;kalender&#8220;][vc_column][\/vc_column][\/vc_row]<\/p>\n","protected":false},"author":1,"featured_media":0,"parent":419,"menu_order":0,"comment_status":"closed","ping_status":"closed","template":"","meta":[],"acf":[],"yoast_head":"<!-- This site is optimized with the Yoast SEO plugin v19.0 - https:\/\/yoast.com\/wordpress\/plugins\/seo\/ -->\n<title>Kalender: Alle Veranstaltungen im Dharma Mati Berlin auf einem Blick<\/title>\n<meta name=\"description\" content=\"Das Dharma Mati Berlin ist ein tibetisch buddhistisches Zentrum. Im Kalender Berlin findest zu ale Veranstaltungen zu den Themen Meditation, Mitgef\u00fchl, Heilung und zum Umgang mit Tod und Sterben. Wir vermitteln einfache Meditationstechniken und \u00dcbungen zur Entwicklung von Liebe und Mitgef\u00fchl.\" \/>\n<meta name=\"robots\" content=\"index, follow, max-snippet:-1, max-image-preview:large, max-video-preview:-1\" \/>\n<link rel=\"canonical\" href=\"http:\/\/wp12379237.server-he.de\/wordpress_stage\/zentren\/dharma-mati-berlin\/kalender-berlin\/\" \/>\n<meta property=\"og:locale\" content=\"de_DE\" \/>\n<meta property=\"og:type\" content=\"article\" \/>\n<meta property=\"og:title\" content=\"Kalender: Alle Veranstaltungen im Dharma Mati Berlin auf einem Blick\" \/>\n<meta property=\"og:description\" content=\"Das Dharma Mati Berlin ist ein tibetisch buddhistisches Zentrum. Im Kalender Berlin findest zu ale Veranstaltungen zu den Themen Meditation, Mitgef\u00fchl, Heilung und zum Umgang mit Tod und Sterben. Wir vermitteln einfache Meditationstechniken und \u00dcbungen zur Entwicklung von Liebe und Mitgef\u00fchl.\" \/>\n<meta property=\"og:url\" content=\"http:\/\/wp12379237.server-he.de\/wordpress_stage\/zentren\/dharma-mati-berlin\/kalender-berlin\/\" \/>\n<meta property=\"og:site_name\" content=\"Rigpa e.V.\" \/>\n<meta property=\"article:publisher\" content=\"https:\/\/www.facebook.com\/Dharma.Mati.Rigpa\/\" \/>\n<meta property=\"article:modified_time\" content=\"2018-06-05T13:28:03+00:00\" \/>\n<meta name=\"twitter:card\" content=\"summary\" \/>\n<script type=\"application\/ld+json\" class=\"yoast-schema-graph\">{\"@context\":\"https:\/\/schema.org\",\"@graph\":[{\"@type\":\"WebSite\",\"@id\":\"https:\/\/wp12379237.server-he.de\/wordpress_stage\/#website\",\"url\":\"https:\/\/wp12379237.server-he.de\/wordpress_stage\/\",\"name\":\"Rigpa e.V.\",\"description\":\"Eine weitere WordPress-Website\",\"potentialAction\":[{\"@type\":\"SearchAction\",\"target\":{\"@type\":\"EntryPoint\",\"urlTemplate\":\"https:\/\/wp12379237.server-he.de\/wordpress_stage\/?s={search_term_string}\"},\"query-input\":\"required name=search_term_string\"}],\"inLanguage\":\"de\"},{\"@type\":\"WebPage\",\"@id\":\"http:\/\/wp12379237.server-he.de\/wordpress_stage\/zentren\/dharma-mati-berlin\/kalender-berlin\/#webpage\",\"url\":\"http:\/\/wp12379237.server-he.de\/wordpress_stage\/zentren\/dharma-mati-berlin\/kalender-berlin\/\",\"name\":\"Kalender: Alle Veranstaltungen im Dharma Mati Berlin auf einem Blick\",\"isPartOf\":{\"@id\":\"https:\/\/wp12379237.server-he.de\/wordpress_stage\/#website\"},\"datePublished\":\"2017-06-22T14:07:55+00:00\",\"dateModified\":\"2018-06-05T13:28:03+00:00\",\"description\":\"Das Dharma Mati Berlin ist ein tibetisch buddhistisches Zentrum. Im Kalender Berlin findest zu ale Veranstaltungen zu den Themen Meditation, Mitgef\u00fchl, Heilung und zum Umgang mit Tod und Sterben. Wir vermitteln einfache Meditationstechniken und \u00dcbungen zur Entwicklung von Liebe und Mitgef\u00fchl.\",\"breadcrumb\":{\"@id\":\"http:\/\/wp12379237.server-he.de\/wordpress_stage\/zentren\/dharma-mati-berlin\/kalender-berlin\/#breadcrumb\"},\"inLanguage\":\"de\",\"potentialAction\":[{\"@type\":\"ReadAction\",\"target\":[\"http:\/\/wp12379237.server-he.de\/wordpress_stage\/zentren\/dharma-mati-berlin\/kalender-berlin\/\"]}]},{\"@type\":\"BreadcrumbList\",\"@id\":\"http:\/\/wp12379237.server-he.de\/wordpress_stage\/zentren\/dharma-mati-berlin\/kalender-berlin\/#breadcrumb\",\"itemListElement\":[{\"@type\":\"ListItem\",\"position\":1,\"name\":\"Startseite\",\"item\":\"https:\/\/wp12379237.server-he.de\/wordpress_stage\/\"},{\"@type\":\"ListItem\",\"position\":2,\"name\":\"Zentren\",\"item\":\"http:\/\/wp12379237.server-he.de\/wordpress_stage\/zentren\/\"},{\"@type\":\"ListItem\",\"position\":3,\"name\":\"Dharma Mati Berlin\",\"item\":\"http:\/\/wp12379237.server-he.de\/wordpress_stage\/zentren\/dharma-mati-berlin\/\"},{\"@type\":\"ListItem\",\"position\":4,\"name\":\"Kalender Berlin\"}]}]}<\/script>\n<!-- \/ Yoast SEO plugin. -->","yoast_head_json":{"title":"Kalender: Alle Veranstaltungen im Dharma Mati Berlin auf einem Blick","description":"Das Dharma Mati Berlin ist ein tibetisch buddhistisches Zentrum. Im Kalender Berlin findest zu ale Veranstaltungen zu den Themen Meditation, Mitgef\u00fchl, Heilung und zum Umgang mit Tod und Sterben. Wir vermitteln einfache Meditationstechniken und \u00dcbungen zur Entwicklung von Liebe und Mitgef\u00fchl.","robots":{"index":"index","follow":"follow","max-snippet":"max-snippet:-1","max-image-preview":"max-image-preview:large","max-video-preview":"max-video-preview:-1"},"canonical":"http:\/\/wp12379237.server-he.de\/wordpress_stage\/zentren\/dharma-mati-berlin\/kalender-berlin\/","og_locale":"de_DE","og_type":"article","og_title":"Kalender: Alle Veranstaltungen im Dharma Mati Berlin auf einem Blick","og_description":"Das Dharma Mati Berlin ist ein tibetisch buddhistisches Zentrum. Im Kalender Berlin findest zu ale Veranstaltungen zu den Themen Meditation, Mitgef\u00fchl, Heilung und zum Umgang mit Tod und Sterben. Wir vermitteln einfache Meditationstechniken und \u00dcbungen zur Entwicklung von Liebe und Mitgef\u00fchl.","og_url":"http:\/\/wp12379237.server-he.de\/wordpress_stage\/zentren\/dharma-mati-berlin\/kalender-berlin\/","og_site_name":"Rigpa e.V.","article_publisher":"https:\/\/www.facebook.com\/Dharma.Mati.Rigpa\/","article_modified_time":"2018-06-05T13:28:03+00:00","twitter_card":"summary","schema":{"@context":"https:\/\/schema.org","@graph":[{"@type":"WebSite","@id":"https:\/\/wp12379237.server-he.de\/wordpress_stage\/#website","url":"https:\/\/wp12379237.server-he.de\/wordpress_stage\/","name":"Rigpa e.V.","description":"Eine weitere WordPress-Website","potentialAction":[{"@type":"SearchAction","target":{"@type":"EntryPoint","urlTemplate":"https:\/\/wp12379237.server-he.de\/wordpress_stage\/?s={search_term_string}"},"query-input":"required name=search_term_string"}],"inLanguage":"de"},{"@type":"WebPage","@id":"http:\/\/wp12379237.server-he.de\/wordpress_stage\/zentren\/dharma-mati-berlin\/kalender-berlin\/#webpage","url":"http:\/\/wp12379237.server-he.de\/wordpress_stage\/zentren\/dharma-mati-berlin\/kalender-berlin\/","name":"Kalender: Alle Veranstaltungen im Dharma Mati Berlin auf einem Blick","isPartOf":{"@id":"https:\/\/wp12379237.server-he.de\/wordpress_stage\/#website"},"datePublished":"2017-06-22T14:07:55+00:00","dateModified":"2018-06-05T13:28:03+00:00","description":"Das Dharma Mati Berlin ist ein tibetisch buddhistisches Zentrum. Im Kalender Berlin findest zu ale Veranstaltungen zu den Themen Meditation, Mitgef\u00fchl, Heilung und zum Umgang mit Tod und Sterben. Wir vermitteln einfache Meditationstechniken und \u00dcbungen zur Entwicklung von Liebe und Mitgef\u00fchl.","breadcrumb":{"@id":"http:\/\/wp12379237.server-he.de\/wordpress_stage\/zentren\/dharma-mati-berlin\/kalender-berlin\/#breadcrumb"},"inLanguage":"de","potentialAction":[{"@type":"ReadAction","target":["http:\/\/wp12379237.server-he.de\/wordpress_stage\/zentren\/dharma-mati-berlin\/kalender-berlin\/"]}]},{"@type":"BreadcrumbList","@id":"http:\/\/wp12379237.server-he.de\/wordpress_stage\/zentren\/dharma-mati-berlin\/kalender-berlin\/#breadcrumb","itemListElement":[{"@type":"ListItem","position":1,"name":"Startseite","item":"https:\/\/wp12379237.server-he.de\/wordpress_stage\/"},{"@type":"ListItem","position":2,"name":"Zentren","item":"http:\/\/wp12379237.server-he.de\/wordpress_stage\/zentren\/"},{"@type":"ListItem","position":3,"name":"Dharma Mati Berlin","item":"http:\/\/wp12379237.server-he.de\/wordpress_stage\/zentren\/dharma-mati-berlin\/"},{"@type":"ListItem","position":4,"name":"Kalender Berlin"}]}]}},"_links":{"self":[{"href":"http:\/\/wp12379237.server-he.de\/wordpress_stage\/wp-json\/wp\/v2\/pages\/427"}],"collection":[{"href":"http:\/\/wp12379237.server-he.de\/wordpress_stage\/wp-json\/wp\/v2\/pages"}],"about":[{"href":"http:\/\/wp12379237.server-he.de\/wordpress_stage\/wp-json\/wp\/v2\/types\/page"}],"author":[{"embeddable":true,"href":"http:\/\/wp12379237.server-he.de\/wordpress_stage\/wp-json\/wp\/v2\/users\/1"}],"replies":[{"embeddable":true,"href":"http:\/\/wp12379237.server-he.de\/wordpress_stage\/wp-json\/wp\/v2\/comments?post=427"}],"version-history":[{"count":5,"href":"http:\/\/wp12379237.server-he.de\/wordpress_stage\/wp-json\/wp\/v2\/pages\/427\/revisions"}],"predecessor-version":[{"id":3906,"href":"http:\/\/wp12379237.server-he.de\/wordpress_stage\/wp-json\/wp\/v2\/pages\/427\/revisions\/3906"}],"up":[{"embeddable":true,"href":"http:\/\/wp12379237.server-he.de\/wordpress_stage\/wp-json\/wp\/v2\/pages\/419"}],"wp:attachment":[{"href":"http:\/\/wp12379237.server-he.de\/wordpress_stage\/wp-json\/wp\/v2\/media?parent=427"}],"curies":[{"name":"wp","href":"https:\/\/api.w.org\/{rel}","templated":true}]}}