{"id":95,"date":"2017-05-05T17:08:17","date_gmt":"2017-05-05T15:08:17","guid":{"rendered":"http:\/\/wp12379237.server-he.de\/wordpress_stage\/?page_id=95"},"modified":"2018-09-12T16:08:09","modified_gmt":"2018-09-12T14:08:09","slug":"was-ist-sangha","status":"publish","type":"page","link":"http:\/\/wp12379237.server-he.de\/wordpress_stage\/sangha\/was-ist-sangha\/","title":{"rendered":"Was ist Sangha?"},"content":{"rendered":"<p>[vc_row full_width_row=&#8220;true&#8220; min_height=&#8220;100 px&#8220;][vc_column][vc_single_image image=&#8220;2188&#8243; img_size=&#8220;full&#8220;][\/vc_column][\/vc_row][vc_row][vc_column]<style type=\"text\/css\" data-type=\"the7_shortcodes-inline-css\">.dt-breadcrumbs-id-88f6c995b4f135f30f990cd66fb1f44f .breadcrumbs {\n  display: inline-block;\n  margin: 0;\n  padding: 10px 10px 10px 0px;\n  border: 0px solid ;\n  border-radius: 0px;\n}\n.dt-breadcrumbs-id-88f6c995b4f135f30f990cd66fb1f44f .breadcrumbs * {\n  color: #000000;\n}\n<\/style><div class=\"dt-breadcrumbs-shortcode dt-breadcrumbs-id-88f6c995b4f135f30f990cd66fb1f44f align-left\"><div class=\"assistive-text\">Sie befinden sich hier:<\/div><ol class=\"breadcrumbs text-small\" itemscope itemtype=\"https:\/\/schema.org\/BreadcrumbList\"><li itemprop=\"itemListElement\" itemscope itemtype=\"https:\/\/schema.org\/ListItem\"><a itemprop=\"item\" href=\"http:\/\/wp12379237.server-he.de\/wordpress_stage\/\" title=\"\"><span itemprop=\"name\">Start<\/span><\/a><meta itemprop=\"position\" content=\"1\" \/><\/li><li class=\"current\" itemprop=\"itemListElement\" itemscope itemtype=\"https:\/\/schema.org\/ListItem\"><span itemprop=\"name\">Seite<\/span><meta itemprop=\"position\" content=\"2\" \/><\/li><\/ol><\/div>[vc_empty_space height=&#8220;48px&#8220;][vc_column_text]<\/p>\n<h1 style=\"text-align: center;\">Was ist Sangha?<\/h1>\n<p>[\/vc_column_text][vc_empty_space height=&#8220;36px&#8220;][\/vc_column][\/vc_row][vc_row][vc_column width=&#8220;1\/4&#8243;][\/vc_column][vc_column width=&#8220;1\/2&#8243;][vc_column_text]<\/p>\n<p style=\"text-align: center;\"><strong><em>Sangha<\/em> (sanskrit), <em>gend\u00fcn<\/em> (tibetisch) bezeichnet die Gemeinschaft der Praktizierenden, die Buddhas Lehren folgen.<\/strong><\/p>\n<p style=\"text-align: center;\">Die Rigpa-Sangha ist eine internationale Gemeinschaft von Sch\u00fcler*innen, die die Lehren des Buddha studieren, praktizieren und anwenden. Den Rahmen dazu bietet ein vollst\u00e4ndiger, gradueller und authentischer Studien- und Praxispfad in der tibetisch-buddhistischen Tradition.<\/p>\n<p style=\"text-align: center;\">Die meisten Mitglieder der Rigpa-Sangha sind Laien auf dem Pfad. In Rigpas Retreatzentrum Lerab Ling (S\u00fcdfrankreich) gibt es zudem eine kleine Gemeinschaft von Nonnen und M\u00f6nchen.<\/p>\n<p>[\/vc_column_text][\/vc_column][vc_column width=&#8220;1\/4&#8243;][\/vc_column][\/vc_row][vc_row][vc_column width=&#8220;1\/2&#8243;][vc_single_image image=&#8220;2197&#8243; img_size=&#8220;full&#8220; alignment=&#8220;center&#8220;][vc_empty_space height=&#8220;24px&#8220;][vc_column_text css=&#8220;.vc_custom_1510329054465{margin-bottom: 0px !important;padding-bottom: 0px !important;}&#8220;]<\/p>\n<h3 style=\"text-align: center;\"><strong>Die Rigpa-Mandalas<\/strong><\/h3>\n<p>Die Rigpa-Sangha besteht weltweit aus drei Mandalas, die jeweils den gleichen Studien- und Praxisfokus teilen: Meditation, Ng\u00f6ndro und Dzogchen.\u00a0Die Mitglieder eines Mandalas folgen dem Pfad auf verschiedenen Stufen und mit unterschiedlicher Intensit\u00e4t \u2013 je nach Zeit und M\u00f6glichkeiten, sich dem Studium und der Praxis im Alltag zu widmen.[\/vc_column_text][vc_empty_space height=&#8220;8px&#8220;]<div class=\"ult_exp_section_layer ult-adjust-bottom-margin  \" >\n\t<div id=\"uvc-exp-wrap-2742\"   data-ultimate-target='#uvc-exp-wrap-2742'  data-responsive-json-new='{\"font-size\":\"desktop:20px;\",\"line-height\":\"desktop:20px;\"}'  class=\"ult_exp_section  ult-responsive \" style=\"color:#333333;background-color:#dbdbdb; font-weight:normal;  text-align:center;\" data-textcolor=\"#333333\"data-texthover=\"#333333\"data-icncolor=\"#ffffff\"data-ihover=\"#ffffff\"data-height=\"0\"data-cntbg=\"#dbdbdb\"data-cnthvrbg=\"#e5e5e5\"data-headerbg=\"#dbdbdb\"data-headerhover=\"#e5e5e5\"data-title=\"#\"data-newtitle=\"#\"data-icon=\"Defaults-plus\"data-newicon=\"Defaults-minus\"data-activeicon=\"#ffffff\"data-icnbg=\"#c40046\"data-icnhvrbg=\"#c40046\"data-activeiconbg=\"#c40046\"data-effect=\"slideToggle\"data-override=\"0\"data-activetitle=\"#333333\"data-activebg=\"#dbdbdb\"data-img=\"\"data-newimg=\"\"><div class=\"ult_exp_section-main \">\n\t\t\t\t\t\t\t<div class=\"ult-just-icon-wrapper ult_exp_icon\">\n\t\t\t\t\t<div class=\"align-icon \">\n\t\t\t\t\t\t\n<span class=\"aio-icon  circle  ult_expsection_icon \"  style=\"color:#ffffff;background:#c40046;font-size:12px;display:inline-block;\">\n\t<i class=\"Defaults-plus ult_ex_icon\"  ><\/i>\n<\/span>\n\t\t\t\t\t<\/div>\n\t\t\t\t<\/div>\n\t\t\t\t\t\t<div class=\"ult_expheader\" >#\n\t\t\t\t\t\t <\/div><\/div>\n\t\t\t\t<\/div><div class=\"ult_exp_content \" style=\"background-color:#ffffff;  \"><div class=\"ult_ecpsub_cont\" style=\" \" >[vc_row_inner][vc_column_inner][vc_column_text]<\/p>\n<p style=\"text-align: left;\">Die Rigpa-Mandalas stellen sicher, dass alle Sch\u00fcler*innen die F\u00fcrsorge und Unterst\u00fctzung auf dem Pfad erhalten, die sie ben\u00f6tigen, damit alle den vollen Nutzen aus Studium und Praxis ziehen k\u00f6nnen.<\/p>\n<p style=\"text-align: left;\"><strong>Meditations-Mandala<br \/>\n<\/strong>Das Meditations-Mandala ist unser Einsteiger-Mandala: Wenn du Grundlagen der Meditation studiert und praktiziert hast und dich entscheidest, diesen Pfad weiter studieren und praktizieren zu wollen, dann kannst du Teil des Meditations-Mandala werden. Neben Meditation werden in diesem Mandala auch die Grundlagen und die \u201eLogik\u201c des Mitgef\u00fchls studiert und praktiziert.<\/p>\n<p style=\"text-align: left;\"><strong>Ng\u00f6ndro-Mandala<br \/>\n<\/strong>Mit dem Beitritt zum Ng\u00f6ndro-Mandala begibst du dich auf den Pfad des Vajrayana, der mit den sogenannten Vorbereitenden \u00dcbungen (tib. <em>ng\u00f6ndro<\/em>) beginnt. Diese sind ein Set aus f\u00fcnf verschiedenen Praktiken, die aufeinander aufbauend einen kompletten Pfad zur Erleuchtung bieten.<\/p>\n<p style=\"text-align: left;\"><strong>Dzogchen-Mandala<br \/>\n<\/strong>Hier versammelt sich eine Gruppe von Sch\u00fcler*innen von Sogyal Rinpoche, die sich entschieden haben, den Pfad bis zur Erleuchtung zu gehen. In diesem Mandala werden die Lehren des Dzogchen graduell gelehrt. Um Teil des Dzogchen-Mandala zu werden, ist es wichtig und erforderlich, dass du deine Ng\u00f6ndro zu mindestens 50 Prozent abgeschlossen und ein spezielles vorbereitendes, mehrj\u00e4hriges Studienprogramm absolviert hast.<\/p>\n<p>[\/vc_column_text][\/vc_column_inner][\/vc_row_inner]<\/div><\/div>\n\n\t\t\t<\/div>[\/vc_column][vc_column width=&#8220;1\/2&#8243;][vc_single_image image=&#8220;2195&#8243; img_size=&#8220;full&#8220; alignment=&#8220;center&#8220;][vc_empty_space height=&#8220;24px&#8220;][vc_column_text css=&#8220;.vc_custom_1510329104176{margin-bottom: 0px !important;padding-bottom: 0px !important;}&#8220;]<\/p>\n<h3 style=\"text-align: center;\"><strong>Anschluss an ein Mandala<\/strong><\/h3>\n<p style=\"text-align: left;\">Du m\u00f6chtest dich einem Mandala anschlie\u00dfen? Welchem Mandala du dich anschlie\u00dfen kannst und m\u00f6chtest, h\u00e4ngt von deinem Praxis- und Studienfokus ab. Bei der Auswahl unterst\u00fctzen und beraten wir dich. In Deutschland ist eine Mandala-Zugeh\u00f6rigkeit an eine Mitgliedschaft des Rigpa e.V. gebunden.<\/p>\n<p>[\/vc_column_text][vc_empty_space height=&#8220;8px&#8220;]<div class=\"ult_exp_section_layer ult-adjust-bottom-margin  \" >\n\t<div id=\"uvc-exp-wrap-7449\"   data-ultimate-target='#uvc-exp-wrap-7449'  data-responsive-json-new='{\"font-size\":\"desktop:20px;\",\"line-height\":\"desktop:20px;\"}'  class=\"ult_exp_section  ult-responsive \" style=\"color:#333333;background-color:#dbdbdb; font-weight:normal;  text-align:center;\" data-textcolor=\"#333333\"data-texthover=\"#333333\"data-icncolor=\"#ffffff\"data-ihover=\"#ffffff\"data-height=\"0\"data-cntbg=\"#dbdbdb\"data-cnthvrbg=\"#e5e5e5\"data-headerbg=\"#dbdbdb\"data-headerhover=\"#e5e5e5\"data-title=\"#\"data-newtitle=\"#\"data-icon=\"Defaults-plus\"data-newicon=\"Defaults-minus\"data-activeicon=\"#ffffff\"data-icnbg=\"#c40046\"data-icnhvrbg=\"#c40046\"data-activeiconbg=\"#c40046\"data-effect=\"slideToggle\"data-override=\"0\"data-activetitle=\"#333333\"data-activebg=\"#dbdbdb\"data-img=\"\"data-newimg=\"\"><div class=\"ult_exp_section-main \">\n\t\t\t\t\t\t\t<div class=\"ult-just-icon-wrapper ult_exp_icon\">\n\t\t\t\t\t<div class=\"align-icon \">\n\t\t\t\t\t\t\n<span class=\"aio-icon  circle  ult_expsection_icon \"  style=\"color:#ffffff;background:#c40046;font-size:12px;display:inline-block;\">\n\t<i class=\"Defaults-plus ult_ex_icon\"  ><\/i>\n<\/span>\n\t\t\t\t\t<\/div>\n\t\t\t\t<\/div>\n\t\t\t\t\t\t<div class=\"ult_expheader\" >#\n\t\t\t\t\t\t <\/div><\/div>\n\t\t\t\t<\/div><div class=\"ult_exp_content \" style=\"background-color:#ffffff;  \"><div class=\"ult_ecpsub_cont\" style=\" \" >[vc_row_inner][vc_column_inner][vc_column_text]<\/p>\n<p style=\"text-align: left;\">Gerne unterst\u00fctzt dich ein*e Kursleiter*in bei der Auswahl und ber\u00e4t dich auch, wie du am besten Kontakt zu den Mandalas aufnehmen kannst. Je nach Angebot in der Stadt gibt es Praxis- und Studiengruppen der verschiedenen Mandalas.<\/p>\n<p style=\"text-align: left;\">Ob du von Meditations- \u00fcber Ng\u00f6ndro- zum Dzogchen-Mandala wechselst, h\u00e4ngt ganz von deinen pers\u00f6nlichen Neigungen und W\u00fcnschen ab.<\/p>\n<p>[\/vc_column_text][\/vc_column_inner][\/vc_row_inner]<\/div><\/div>\n\n\t\t\t<\/div>[\/vc_column][\/vc_row][vc_row][vc_column width=&#8220;1\/2&#8243;][vc_single_image image=&#8220;2194&#8243; img_size=&#8220;full&#8220; alignment=&#8220;center&#8220;][vc_empty_space height=&#8220;24px&#8220;][vc_column_text css=&#8220;.vc_custom_1510329126086{margin-bottom: 0px !important;padding-bottom: 0px !important;}&#8220;]<\/p>\n<h3 style=\"text-align: center;\"><strong>Eine kleine Geschichte &#8230;<\/strong><\/h3>\n<p style=\"text-align: left;\">Der tibetisch-buddhistische Lehrer Ringu Tulku Rinpoche hat die in Dharma Mati Gemeinschaft getroffen. Anhand einer sch\u00f6nen Geschichte zeigt er, wie wichtig es ist, sich darin zu \u00fcben, die Qualit\u00e4ten in Anderen zu sehen.<\/p>\n<p>[\/vc_column_text][vc_empty_space height=&#8220;8px&#8220;][vc_column_text]<\/p>\n<!--[if lt IE 9]><script>document.createElement('audio');<\/script><![endif]-->\n<audio class=\"wp-audio-shortcode\" id=\"audio-95-1\" preload=\"none\" style=\"width: 100%;\" controls=\"controls\"><source type=\"audio\/mpeg\" src=\"http:\/\/wp12379237.server-he.de\/wordpress_stage\/wp-content\/uploads\/2017\/05\/RinguTulku-AppreciatingQualities.mp3?_=1\" \/><a href=\"http:\/\/wp12379237.server-he.de\/wordpress_stage\/wp-content\/uploads\/2017\/05\/RinguTulku-AppreciatingQualities.mp3\">http:\/\/wp12379237.server-he.de\/wordpress_stage\/wp-content\/uploads\/2017\/05\/RinguTulku-AppreciatingQualities.mp3<\/a><\/audio>\n<p>[\/vc_column_text][\/vc_column][vc_column width=&#8220;1\/2&#8243;][vc_single_image image=&#8220;2201&#8243; img_size=&#8220;full&#8220; alignment=&#8220;center&#8220;][vc_empty_space height=&#8220;24px&#8220;][vc_column_text]<\/p>\n<h3 style=\"text-align: center;\"><strong>Mitglied werden<\/strong><\/h3>\n<p style=\"text-align: left;\">Jede*r kann jederzeit Mitglied des Rigpa e.V. werden. Dazu musst du einfach nur das <a href=\"http:\/\/wp12379237.server-he.de\/wordpress_stage\/wp-content\/uploads\/2017\/09\/Rigpa_Spenden_MitschliedschaftFinal.pdf\" target=\"_blank\" rel=\"noopener\"><u>Mitgliedsformular<\/u><\/a> ausf\u00fcllen. Mit einer Mitgliedschaft ist ein monatlicher Beitrag verbunden. Kinder und Jugendliche bis zum 21. Lebensjahr haben bei uns kostenfreie Mitgliedschaft.<\/p>\n<p>[\/vc_column_text][\/vc_column][\/vc_row]<\/p>\n","protected":false},"excerpt":{"rendered":"<p>[vc_row full_width_row=&#8220;true&#8220; min_height=&#8220;100 px&#8220;][vc_column][vc_single_image image=&#8220;2188&#8243; img_size=&#8220;full&#8220;][\/vc_column][\/vc_row][vc_row][vc_column][vc_empty_space height=&#8220;48px&#8220;][vc_column_text] Was ist Sangha? [\/vc_column_text][vc_empty_space height=&#8220;36px&#8220;][\/vc_column][\/vc_row][vc_row][vc_column width=&#8220;1\/4&#8243;][\/vc_column][vc_column width=&#8220;1\/2&#8243;][vc_column_text] Sangha (sanskrit), gend\u00fcn (tibetisch) bezeichnet die Gemeinschaft der Praktizierenden, die Buddhas Lehren folgen. Die Rigpa-Sangha ist eine internationale Gemeinschaft von Sch\u00fcler*innen, die die Lehren des Buddha studieren, praktizieren und anwenden. Den Rahmen dazu bietet ein vollst\u00e4ndiger, gradueller und authentischer Studien- und&hellip;<\/p>\n","protected":false},"author":1,"featured_media":0,"parent":22,"menu_order":0,"comment_status":"closed","ping_status":"closed","template":"","meta":[],"acf":[],"yoast_head":"<!-- This site is optimized with the Yoast SEO plugin v19.0 - https:\/\/yoast.com\/wordpress\/plugins\/seo\/ -->\n<title>Was ist Sangha? - Rigpa e.V.<\/title>\n<meta name=\"robots\" content=\"index, follow, max-snippet:-1, max-image-preview:large, max-video-preview:-1\" \/>\n<link rel=\"canonical\" href=\"http:\/\/wp12379237.server-he.de\/wordpress_stage\/sangha\/was-ist-sangha\/\" \/>\n<meta property=\"og:locale\" content=\"de_DE\" \/>\n<meta property=\"og:type\" content=\"article\" \/>\n<meta property=\"og:title\" content=\"Was ist Sangha? - Rigpa e.V.\" \/>\n<meta property=\"og:description\" content=\"[vc_row full_width_row=&#8220;true&#8220; min_height=&#8220;100 px&#8220;][vc_column][vc_single_image image=&#8220;2188&#8243; img_size=&#8220;full&#8220;][\/vc_column][\/vc_row][vc_row][vc_column][vc_empty_space height=&#8220;48px&#8220;][vc_column_text] Was ist Sangha? [\/vc_column_text][vc_empty_space height=&#8220;36px&#8220;][\/vc_column][\/vc_row][vc_row][vc_column width=&#8220;1\/4&#8243;][\/vc_column][vc_column width=&#8220;1\/2&#8243;][vc_column_text] Sangha (sanskrit), gend\u00fcn (tibetisch) bezeichnet die Gemeinschaft der Praktizierenden, die Buddhas Lehren folgen. Die Rigpa-Sangha ist eine internationale Gemeinschaft von Sch\u00fcler*innen, die die Lehren des Buddha studieren, praktizieren und anwenden. Den Rahmen dazu bietet ein vollst\u00e4ndiger, gradueller und authentischer Studien- und&hellip;\" \/>\n<meta property=\"og:url\" content=\"http:\/\/wp12379237.server-he.de\/wordpress_stage\/sangha\/was-ist-sangha\/\" \/>\n<meta property=\"og:site_name\" content=\"Rigpa e.V.\" \/>\n<meta property=\"article:publisher\" content=\"https:\/\/www.facebook.com\/Dharma.Mati.Rigpa\/\" \/>\n<meta property=\"article:modified_time\" content=\"2018-09-12T14:08:09+00:00\" \/>\n<meta name=\"twitter:card\" content=\"summary\" \/>\n<meta name=\"twitter:label1\" content=\"Gesch\u00e4tzte Lesezeit\" \/>\n\t<meta name=\"twitter:data1\" content=\"5\u00a0Minuten\" \/>\n<script type=\"application\/ld+json\" class=\"yoast-schema-graph\">{\"@context\":\"https:\/\/schema.org\",\"@graph\":[{\"@type\":\"WebSite\",\"@id\":\"https:\/\/wp12379237.server-he.de\/wordpress_stage\/#website\",\"url\":\"https:\/\/wp12379237.server-he.de\/wordpress_stage\/\",\"name\":\"Rigpa e.V.\",\"description\":\"Eine weitere WordPress-Website\",\"potentialAction\":[{\"@type\":\"SearchAction\",\"target\":{\"@type\":\"EntryPoint\",\"urlTemplate\":\"https:\/\/wp12379237.server-he.de\/wordpress_stage\/?s={search_term_string}\"},\"query-input\":\"required name=search_term_string\"}],\"inLanguage\":\"de\"},{\"@type\":\"WebPage\",\"@id\":\"http:\/\/wp12379237.server-he.de\/wordpress_stage\/sangha\/was-ist-sangha\/#webpage\",\"url\":\"http:\/\/wp12379237.server-he.de\/wordpress_stage\/sangha\/was-ist-sangha\/\",\"name\":\"Was ist Sangha? - Rigpa e.V.\",\"isPartOf\":{\"@id\":\"https:\/\/wp12379237.server-he.de\/wordpress_stage\/#website\"},\"datePublished\":\"2017-05-05T15:08:17+00:00\",\"dateModified\":\"2018-09-12T14:08:09+00:00\",\"breadcrumb\":{\"@id\":\"http:\/\/wp12379237.server-he.de\/wordpress_stage\/sangha\/was-ist-sangha\/#breadcrumb\"},\"inLanguage\":\"de\",\"potentialAction\":[{\"@type\":\"ReadAction\",\"target\":[\"http:\/\/wp12379237.server-he.de\/wordpress_stage\/sangha\/was-ist-sangha\/\"]}]},{\"@type\":\"BreadcrumbList\",\"@id\":\"http:\/\/wp12379237.server-he.de\/wordpress_stage\/sangha\/was-ist-sangha\/#breadcrumb\",\"itemListElement\":[{\"@type\":\"ListItem\",\"position\":1,\"name\":\"Startseite\",\"item\":\"https:\/\/wp12379237.server-he.de\/wordpress_stage\/\"},{\"@type\":\"ListItem\",\"position\":2,\"name\":\"Sangha\",\"item\":\"https:\/\/wp12379237.server-he.de\/wordpress_stage\/sangha\/\"},{\"@type\":\"ListItem\",\"position\":3,\"name\":\"Was ist Sangha?\"}]}]}<\/script>\n<!-- \/ Yoast SEO plugin. -->","yoast_head_json":{"title":"Was ist Sangha? - Rigpa e.V.","robots":{"index":"index","follow":"follow","max-snippet":"max-snippet:-1","max-image-preview":"max-image-preview:large","max-video-preview":"max-video-preview:-1"},"canonical":"http:\/\/wp12379237.server-he.de\/wordpress_stage\/sangha\/was-ist-sangha\/","og_locale":"de_DE","og_type":"article","og_title":"Was ist Sangha? - Rigpa e.V.","og_description":"[vc_row full_width_row=&#8220;true&#8220; min_height=&#8220;100 px&#8220;][vc_column][vc_single_image image=&#8220;2188&#8243; img_size=&#8220;full&#8220;][\/vc_column][\/vc_row][vc_row][vc_column][vc_empty_space height=&#8220;48px&#8220;][vc_column_text] Was ist Sangha? [\/vc_column_text][vc_empty_space height=&#8220;36px&#8220;][\/vc_column][\/vc_row][vc_row][vc_column width=&#8220;1\/4&#8243;][\/vc_column][vc_column width=&#8220;1\/2&#8243;][vc_column_text] Sangha (sanskrit), gend\u00fcn (tibetisch) bezeichnet die Gemeinschaft der Praktizierenden, die Buddhas Lehren folgen. Die Rigpa-Sangha ist eine internationale Gemeinschaft von Sch\u00fcler*innen, die die Lehren des Buddha studieren, praktizieren und anwenden. Den Rahmen dazu bietet ein vollst\u00e4ndiger, gradueller und authentischer Studien- und&hellip;","og_url":"http:\/\/wp12379237.server-he.de\/wordpress_stage\/sangha\/was-ist-sangha\/","og_site_name":"Rigpa e.V.","article_publisher":"https:\/\/www.facebook.com\/Dharma.Mati.Rigpa\/","article_modified_time":"2018-09-12T14:08:09+00:00","twitter_card":"summary","twitter_misc":{"Gesch\u00e4tzte Lesezeit":"5\u00a0Minuten"},"schema":{"@context":"https:\/\/schema.org","@graph":[{"@type":"WebSite","@id":"https:\/\/wp12379237.server-he.de\/wordpress_stage\/#website","url":"https:\/\/wp12379237.server-he.de\/wordpress_stage\/","name":"Rigpa e.V.","description":"Eine weitere WordPress-Website","potentialAction":[{"@type":"SearchAction","target":{"@type":"EntryPoint","urlTemplate":"https:\/\/wp12379237.server-he.de\/wordpress_stage\/?s={search_term_string}"},"query-input":"required name=search_term_string"}],"inLanguage":"de"},{"@type":"WebPage","@id":"http:\/\/wp12379237.server-he.de\/wordpress_stage\/sangha\/was-ist-sangha\/#webpage","url":"http:\/\/wp12379237.server-he.de\/wordpress_stage\/sangha\/was-ist-sangha\/","name":"Was ist Sangha? - Rigpa e.V.","isPartOf":{"@id":"https:\/\/wp12379237.server-he.de\/wordpress_stage\/#website"},"datePublished":"2017-05-05T15:08:17+00:00","dateModified":"2018-09-12T14:08:09+00:00","breadcrumb":{"@id":"http:\/\/wp12379237.server-he.de\/wordpress_stage\/sangha\/was-ist-sangha\/#breadcrumb"},"inLanguage":"de","potentialAction":[{"@type":"ReadAction","target":["http:\/\/wp12379237.server-he.de\/wordpress_stage\/sangha\/was-ist-sangha\/"]}]},{"@type":"BreadcrumbList","@id":"http:\/\/wp12379237.server-he.de\/wordpress_stage\/sangha\/was-ist-sangha\/#breadcrumb","itemListElement":[{"@type":"ListItem","position":1,"name":"Startseite","item":"https:\/\/wp12379237.server-he.de\/wordpress_stage\/"},{"@type":"ListItem","position":2,"name":"Sangha","item":"https:\/\/wp12379237.server-he.de\/wordpress_stage\/sangha\/"},{"@type":"ListItem","position":3,"name":"Was ist Sangha?"}]}]}},"_links":{"self":[{"href":"http:\/\/wp12379237.server-he.de\/wordpress_stage\/wp-json\/wp\/v2\/pages\/95"}],"collection":[{"href":"http:\/\/wp12379237.server-he.de\/wordpress_stage\/wp-json\/wp\/v2\/pages"}],"about":[{"href":"http:\/\/wp12379237.server-he.de\/wordpress_stage\/wp-json\/wp\/v2\/types\/page"}],"author":[{"embeddable":true,"href":"http:\/\/wp12379237.server-he.de\/wordpress_stage\/wp-json\/wp\/v2\/users\/1"}],"replies":[{"embeddable":true,"href":"http:\/\/wp12379237.server-he.de\/wordpress_stage\/wp-json\/wp\/v2\/comments?post=95"}],"version-history":[{"count":41,"href":"http:\/\/wp12379237.server-he.de\/wordpress_stage\/wp-json\/wp\/v2\/pages\/95\/revisions"}],"predecessor-version":[{"id":4118,"href":"http:\/\/wp12379237.server-he.de\/wordpress_stage\/wp-json\/wp\/v2\/pages\/95\/revisions\/4118"}],"up":[{"embeddable":true,"href":"http:\/\/wp12379237.server-he.de\/wordpress_stage\/wp-json\/wp\/v2\/pages\/22"}],"wp:attachment":[{"href":"http:\/\/wp12379237.server-he.de\/wordpress_stage\/wp-json\/wp\/v2\/media?parent=95"}],"curies":[{"name":"wp","href":"https:\/\/api.w.org\/{rel}","templated":true}]}}